{"id":12839,"date":"2023-03-17T11:41:03","date_gmt":"2023-03-17T10:41:03","guid":{"rendered":"https:\/\/www.humangenetik-umg.de\/?page_id=12839"},"modified":"2023-03-17T15:19:13","modified_gmt":"2023-03-17T14:19:13","slug":"interdisciplinary-clinics","status":"publish","type":"page","link":"https:\/\/www.humangenetik-umg.de\/en\/genetic-counselling\/interdisciplinary-clinics\/","title":{"rendered":"Interdisciplinary Clinics"},"content":{"rendered":"<div class=\"wpb-content-wrapper\">[mk_page_section bg_image=&#8221;https:\/\/www.humangenetik-umg.de\/wp-content\/uploads\/2023\/03\/hg-goettingen-interdisziplinaere-sprechstunde.jpg&#8221; bg_position=&#8221;center center&#8221; bg_repeat=&#8221;no-repeat&#8221; bg_stretch=&#8221;true&#8221; min_height=&#8221;500&#8243; full_width=&#8221;true&#8221; section_id=&#8221;header-bild&#8221; sidebar=&#8221;sidebar-1&#8243;][vc_column][\/vc_column][\/mk_page_section][mk_page_section sidebar=&#8221;sidebar-1&#8243;][vc_column][vc_empty_space height=&#8221;50px&#8221;][vc_column_text align=&#8221;center&#8221; css=&#8221;.vc_custom_1679048614395{margin-bottom: 0px !important;}&#8221;]\n<h1 style=\"text-align: center;\"><span style=\"color: #66cc99;\">Interdisciplinary Clinics &amp; Collaborations<\/span><\/h1>\n[\/vc_column_text][vc_empty_space height=&#8221;15px&#8221;][vc_row_inner is_fullwidth_content=&#8221;false&#8221;][vc_column_inner][vc_column_text css=&#8221;.vc_custom_1679049445921{margin-bottom: 0px !important;}&#8221;]In addition to our general clinical genetics outpatient clinic, our doctors contribute their human genetics expertise in specialized interdisciplinary clinics and collaborations with clinicians from other medical fields. This ensures that patients and consultees benefit from seamless and fast access to clinical, genetic, diagnostic and therapeutic services. Molecular genetic testing for establishing a diagnosis can be initiated without delay and does not require any further visits.[\/vc_column_text][vc_empty_space height=&#8221;30px&#8221;][\/vc_column_inner][\/vc_row_inner][vc_row_inner is_fullwidth_content=&#8221;false&#8221;][vc_column_inner][vc_column_text css=&#8221;.vc_custom_1679048683733{margin-bottom: 0px !important;}&#8221;]\n<h3><span style=\"color: #66cc99;\">Interdisciplinary clinics<\/span><\/h3>\n[\/vc_column_text][\/vc_column_inner][\/vc_row_inner][vc_row_inner is_fullwidth_content=&#8221;false&#8221;][vc_column_inner][vc_column_text css=&#8221;.vc_custom_1679048730744{margin-bottom: 0px !important;}&#8221;]We are actively involved in the following interdisciplinary clinics held at the University Medical Center G\u00f6ttingen:[\/vc_column_text][vc_column_text css=&#8221;.vc_custom_1679049298241{margin-bottom: 0px !important;}&#8221;]\n<ul>\n<li>Cardiogenetics<\/li>\n<li>Hereditary Retinal Diseases<\/li>\n<li>Center for Hereditary Breast and Ovarian Cancer<\/li>\n<li>Center for Hereditary Colorectal Cancer<\/li>\n<li>Neuromuscular Center<\/li>\n<li>Audiogenetics<\/li>\n<li>Neurodegenerative Disorders<\/li>\n<li>Interdisciplinary Clinics organized within the <a href=\"https:\/\/zseg.umg.eu\/\" target=\"_blank\" rel=\"noopener\">Center for Rare Disease G\u00f6ttingen<\/a><\/li>\n<\/ul>\n[\/vc_column_text][vc_empty_space height=&#8221;30px&#8221;][\/vc_column_inner][\/vc_row_inner][vc_row_inner is_fullwidth_content=&#8221;false&#8221;][vc_column_inner][vc_column_text css=&#8221;.vc_custom_1679048848727{margin-bottom: 0px !important;}&#8221;]\n<h3><span style=\"color: #66cc99;\">Collaborations with external institutions<\/span><\/h3>\n[\/vc_column_text][\/vc_column_inner][\/vc_row_inner][vc_row_inner is_fullwidth_content=&#8221;false&#8221;][vc_column_inner][vc_column_text css=&#8221;.vc_custom_1679048878094{margin-bottom: 0px !important;}&#8221;]We also collaborate with non-university institutions and healthcare providers to offer genetic consultation services:[\/vc_column_text][vc_column_text css=&#8221;.vc_custom_1679048924079{margin-bottom: 0px !important;}&#8221;]\n<ul>\n<li>Syndrome Clinic SPZ Kassel<\/li>\n<li>Syndrome Clinic SPZ Oldenburg<\/li>\n<li>Osteology Clinic Endokrinologikum<\/li>\n<li>Movement Disorders Clinic Paracelsus-Elena-Klinik Kassel<\/li>\n<li>Reproductive Medicine Clinic Praxis Schmutzler\/Tobler<\/li>\n<\/ul>\n[\/vc_column_text][vc_empty_space height=&#8221;30px&#8221;][\/vc_column_inner][\/vc_row_inner][mk_padding_divider][\/vc_column][\/mk_page_section][mk_page_section sidebar=&#8221;sidebar-1&#8243;][vc_column width=&#8221;2\/3&#8243;][vc_column_text el_class=&#8221;titlebox beratung-01&#8243; css=&#8221;.vc_custom_1679062704850{margin-bottom: 0px !important;}&#8221;]\n<h2><span style=\"color: #ffffff;\">Contact<\/span><\/h2>\n[\/vc_column_text][mk_padding_divider visibility=&#8221;hidden-sm&#8221;][mk_padding_divider size=&#8221;25&#8243; visibility=&#8221;visible-sm&#8221;][vc_row_inner][vc_column_inner width=&#8221;1\/2&#8243;][vc_column_text css=&#8221;.vc_custom_1679057866484{margin-bottom: 0px !important;}&#8221;]Ms Antje von Pietrowski<br \/>\nMs Stefanie Orthwein<\/p>\n<p>Institute of Human Genetics<br \/>\nMedizinisches Versorgungszentrum der UMG, Bereich Humangenetik<\/p>\n<p>Please call on Monday through Thursday from 08.30 to 12.00[\/vc_column_text][\/vc_column_inner][vc_column_inner width=&#8221;1\/2&#8243;][vc_column_text css=&#8221;.vc_custom_1679057873609{margin-bottom: 0px !important;}&#8221;]Tel.: <a href=\"tel:+495513960606\">0551-39-60606<\/a><br \/>\nFax: 0551-39-67567[\/vc_column_text][\/vc_column_inner][\/vc_row_inner][\/vc_column][vc_column visibility=&#8221;hidden-sm&#8221; width=&#8221;1\/3&#8243; offset=&#8221;vc_hidden-xs&#8221;][vc_empty_space][vc_empty_space][mk_image src=&#8221;https:\/\/www.humangenetik-umg.de\/wp-content\/uploads\/2016\/10\/beratung-04-287&#215;180.jpg&#8221; align=&#8221;right&#8221;][\/vc_column][\/mk_page_section][mk_page_section min_height=&#8221;0&#8243; padding_top=&#8221;0&#8243; padding_bottom=&#8221;0&#8243; sidebar=&#8221;sidebar-1&#8243;][vc_column][mk_padding_divider visibility=&#8221;visible-sm&#8221;][mk_padding_divider size=&#8221;100&#8243; visibility=&#8221;hidden-sm&#8221;][\/vc_column][\/mk_page_section]\n<\/div>","protected":false},"excerpt":{"rendered":"<p>[mk_page_section bg_image=&#8221;https:\/\/www.humangenetik-umg.de\/wp-content\/uploads\/2023\/03\/hg-goettingen-interdisziplinaere-sprechstunde.jpg&#8221; bg_position=&#8221;center center&#8221; bg_repeat=&#8221;no-repeat&#8221; bg_stretch=&#8221;true&#8221; min_height=&#8221;500&#8243; full_width=&#8221;true&#8221; section_id=&#8221;header-bild&#8221; sidebar=&#8221;sidebar-1&#8243;][vc_column][\/vc_column][\/mk_page_section][mk_page_section sidebar=&#8221;sidebar-1&#8243;][vc_column][vc_empty_space height=&#8221;50px&#8221;][vc_column_text align=&#8221;center&#8221; css=&#8221;.vc_custom_1679048614395{margin-bottom: 0px !important;}&#8221;] Interdisciplinary Clinics &amp; Collaborations [\/vc_column_text][vc_empty_space height=&#8221;15px&#8221;][vc_row_inner is_fullwidth_content=&#8221;false&#8221;][vc_column_inner][vc_column_text css=&#8221;.vc_custom_1679049445921{margin-bottom: 0px !important;}&#8221;]In addition to our general clinical genetics outpatient clinic, our doctors contribute their human genetics expertise in specialized interdisciplinary clinics and collaborations with clinicians from other medical fields. This ensures [&hellip;]<\/p>\n","protected":false},"author":3,"featured_media":0,"parent":8478,"menu_order":0,"comment_status":"closed","ping_status":"closed","template":"","meta":{"footnotes":""},"class_list":["post-12839","page","type-page","status-publish","hentry"],"yoast_head":"<!-- This site is optimized with the Yoast SEO plugin v26.8 - https:\/\/yoast.com\/product\/yoast-seo-wordpress\/ -->\n<title>Interdisciplinary Clinics - Institut f\u00fcr Humangenetik<\/title>\n<meta name=\"description\" content=\"In addition to our general clinical genetics outpatient clinic, our doctors contribute their human genetics expertise in specialized interdisciplinary clinics and collaborations with clinicians from other medical fields.\" \/>\n<meta name=\"robots\" content=\"index, follow, max-snippet:-1, max-image-preview:large, max-video-preview:-1\" \/>\n<link rel=\"canonical\" href=\"https:\/\/www.humangenetik-umg.de\/en\/genetic-counselling\/interdisciplinary-clinics\/\" \/>\n<meta property=\"og:locale\" content=\"en_US\" \/>\n<meta property=\"og:type\" content=\"article\" \/>\n<meta property=\"og:title\" content=\"Interdisciplinary Clinics - Institut f\u00fcr Humangenetik\" \/>\n<meta property=\"og:description\" content=\"In addition to our general clinical genetics outpatient clinic, our doctors contribute their human genetics expertise in specialized interdisciplinary clinics and collaborations with clinicians from other medical fields.\" \/>\n<meta property=\"og:url\" content=\"https:\/\/www.humangenetik-umg.de\/en\/genetic-counselling\/interdisciplinary-clinics\/\" \/>\n<meta property=\"og:site_name\" content=\"Institut f\u00fcr Humangenetik\" \/>\n<meta property=\"article:modified_time\" content=\"2023-03-17T14:19:13+00:00\" \/>\n<meta name=\"twitter:card\" content=\"summary_large_image\" \/>\n<meta name=\"twitter:label1\" content=\"Est. reading time\" \/>\n\t<meta name=\"twitter:data1\" content=\"2 minutes\" \/>\n<script type=\"application\/ld+json\" class=\"yoast-schema-graph\">{\"@context\":\"https:\/\/schema.org\",\"@graph\":[{\"@type\":\"WebPage\",\"@id\":\"https:\/\/www.humangenetik-umg.de\/en\/genetic-counselling\/interdisciplinary-clinics\/\",\"url\":\"https:\/\/www.humangenetik-umg.de\/en\/genetic-counselling\/interdisciplinary-clinics\/\",\"name\":\"Interdisciplinary Clinics - Institut f\u00fcr Humangenetik\",\"isPartOf\":{\"@id\":\"https:\/\/www.humangenetik-umg.de\/en\/#website\"},\"datePublished\":\"2023-03-17T10:41:03+00:00\",\"dateModified\":\"2023-03-17T14:19:13+00:00\",\"description\":\"In addition to our general clinical genetics outpatient clinic, our doctors contribute their human genetics expertise in specialized interdisciplinary clinics and collaborations with clinicians from other medical fields.\",\"breadcrumb\":{\"@id\":\"https:\/\/www.humangenetik-umg.de\/en\/genetic-counselling\/interdisciplinary-clinics\/#breadcrumb\"},\"inLanguage\":\"en-US\",\"potentialAction\":[{\"@type\":\"ReadAction\",\"target\":[\"https:\/\/www.humangenetik-umg.de\/en\/genetic-counselling\/interdisciplinary-clinics\/\"]}]},{\"@type\":\"BreadcrumbList\",\"@id\":\"https:\/\/www.humangenetik-umg.de\/en\/genetic-counselling\/interdisciplinary-clinics\/#breadcrumb\",\"itemListElement\":[{\"@type\":\"ListItem\",\"position\":1,\"name\":\"Home\",\"item\":\"https:\/\/www.humangenetik-umg.de\/en\/\"},{\"@type\":\"ListItem\",\"position\":2,\"name\":\"Genetic Counselling\",\"item\":\"https:\/\/www.humangenetik-umg.de\/en\/genetic-counselling\/\"},{\"@type\":\"ListItem\",\"position\":3,\"name\":\"Interdisciplinary Clinics\"}]},{\"@type\":\"WebSite\",\"@id\":\"https:\/\/www.humangenetik-umg.de\/en\/#website\",\"url\":\"https:\/\/www.humangenetik-umg.de\/en\/\",\"name\":\"Institut f\u00fcr Humangenetik\",\"description\":\"Institut f\u00fcr Humangenetik der Universit\u00e4tsmedizin G\u00f6ttingen\",\"potentialAction\":[{\"@type\":\"SearchAction\",\"target\":{\"@type\":\"EntryPoint\",\"urlTemplate\":\"https:\/\/www.humangenetik-umg.de\/en\/?s={search_term_string}\"},\"query-input\":{\"@type\":\"PropertyValueSpecification\",\"valueRequired\":true,\"valueName\":\"search_term_string\"}}],\"inLanguage\":\"en-US\"}]}<\/script>\n<!-- \/ Yoast SEO plugin. -->","yoast_head_json":{"title":"Interdisciplinary Clinics - Institut f\u00fcr Humangenetik","description":"In addition to our general clinical genetics outpatient clinic, our doctors contribute their human genetics expertise in specialized interdisciplinary clinics and collaborations with clinicians from other medical fields.","robots":{"index":"index","follow":"follow","max-snippet":"max-snippet:-1","max-image-preview":"max-image-preview:large","max-video-preview":"max-video-preview:-1"},"canonical":"https:\/\/www.humangenetik-umg.de\/en\/genetic-counselling\/interdisciplinary-clinics\/","og_locale":"en_US","og_type":"article","og_title":"Interdisciplinary Clinics - Institut f\u00fcr Humangenetik","og_description":"In addition to our general clinical genetics outpatient clinic, our doctors contribute their human genetics expertise in specialized interdisciplinary clinics and collaborations with clinicians from other medical fields.","og_url":"https:\/\/www.humangenetik-umg.de\/en\/genetic-counselling\/interdisciplinary-clinics\/","og_site_name":"Institut f\u00fcr Humangenetik","article_modified_time":"2023-03-17T14:19:13+00:00","twitter_card":"summary_large_image","twitter_misc":{"Est. reading time":"2 minutes"},"schema":{"@context":"https:\/\/schema.org","@graph":[{"@type":"WebPage","@id":"https:\/\/www.humangenetik-umg.de\/en\/genetic-counselling\/interdisciplinary-clinics\/","url":"https:\/\/www.humangenetik-umg.de\/en\/genetic-counselling\/interdisciplinary-clinics\/","name":"Interdisciplinary Clinics - Institut f\u00fcr Humangenetik","isPartOf":{"@id":"https:\/\/www.humangenetik-umg.de\/en\/#website"},"datePublished":"2023-03-17T10:41:03+00:00","dateModified":"2023-03-17T14:19:13+00:00","description":"In addition to our general clinical genetics outpatient clinic, our doctors contribute their human genetics expertise in specialized interdisciplinary clinics and collaborations with clinicians from other medical fields.","breadcrumb":{"@id":"https:\/\/www.humangenetik-umg.de\/en\/genetic-counselling\/interdisciplinary-clinics\/#breadcrumb"},"inLanguage":"en-US","potentialAction":[{"@type":"ReadAction","target":["https:\/\/www.humangenetik-umg.de\/en\/genetic-counselling\/interdisciplinary-clinics\/"]}]},{"@type":"BreadcrumbList","@id":"https:\/\/www.humangenetik-umg.de\/en\/genetic-counselling\/interdisciplinary-clinics\/#breadcrumb","itemListElement":[{"@type":"ListItem","position":1,"name":"Home","item":"https:\/\/www.humangenetik-umg.de\/en\/"},{"@type":"ListItem","position":2,"name":"Genetic Counselling","item":"https:\/\/www.humangenetik-umg.de\/en\/genetic-counselling\/"},{"@type":"ListItem","position":3,"name":"Interdisciplinary Clinics"}]},{"@type":"WebSite","@id":"https:\/\/www.humangenetik-umg.de\/en\/#website","url":"https:\/\/www.humangenetik-umg.de\/en\/","name":"Institut f\u00fcr Humangenetik","description":"Institut f\u00fcr Humangenetik der Universit\u00e4tsmedizin G\u00f6ttingen","potentialAction":[{"@type":"SearchAction","target":{"@type":"EntryPoint","urlTemplate":"https:\/\/www.humangenetik-umg.de\/en\/?s={search_term_string}"},"query-input":{"@type":"PropertyValueSpecification","valueRequired":true,"valueName":"search_term_string"}}],"inLanguage":"en-US"}]}},"_links":{"self":[{"href":"https:\/\/www.humangenetik-umg.de\/en\/wp-json\/wp\/v2\/pages\/12839","targetHints":{"allow":["GET"]}}],"collection":[{"href":"https:\/\/www.humangenetik-umg.de\/en\/wp-json\/wp\/v2\/pages"}],"about":[{"href":"https:\/\/www.humangenetik-umg.de\/en\/wp-json\/wp\/v2\/types\/page"}],"author":[{"embeddable":true,"href":"https:\/\/www.humangenetik-umg.de\/en\/wp-json\/wp\/v2\/users\/3"}],"replies":[{"embeddable":true,"href":"https:\/\/www.humangenetik-umg.de\/en\/wp-json\/wp\/v2\/comments?post=12839"}],"version-history":[{"count":0,"href":"https:\/\/www.humangenetik-umg.de\/en\/wp-json\/wp\/v2\/pages\/12839\/revisions"}],"up":[{"embeddable":true,"href":"https:\/\/www.humangenetik-umg.de\/en\/wp-json\/wp\/v2\/pages\/8478"}],"wp:attachment":[{"href":"https:\/\/www.humangenetik-umg.de\/en\/wp-json\/wp\/v2\/media?parent=12839"}],"curies":[{"name":"wp","href":"https:\/\/api.w.org\/{rel}","templated":true}]}}