{"id":7138,"date":"2015-12-07T07:53:49","date_gmt":"2015-12-07T07:53:49","guid":{"rendered":"https:\/\/www.humangenetik-umg.de\/en\/home\/"},"modified":"2022-04-11T12:54:53","modified_gmt":"2022-04-11T10:54:53","slug":"home","status":"publish","type":"page","link":"https:\/\/www.humangenetik-umg.de\/en\/","title":{"rendered":"home"},"content":{"rendered":"<div class=\"wpb-content-wrapper\">[mk_page_section bg_image=&#8221;https:\/\/www.humangenetik-umg.de\/wp-content\/uploads\/2015\/12\/IHU_LHA0013-RGB-home-2200&#215;1563-1.jpg&#8221; bg_position=&#8221;center top&#8221; bg_repeat=&#8221;no-repeat&#8221; bg_stretch=&#8221;true&#8221; full_width=&#8221;true&#8221; full_height=&#8221;true&#8221; sidebar=&#8221;sidebar-1&#8243;][vc_column][vc_row_inner][vc_column_inner el_class=&#8221;logo-home&#8221; width=&#8221;1\/2&#8243;][mk_image src=&#8221;https:\/\/www.humangenetik-umg.de\/wp-content\/uploads\/2016\/09\/ihu-logo-550&#215;280.png&#8221; image_size=&#8221;full&#8221; visibility=&#8221;hidden-sm&#8221; el_class=&#8221;logo-home&#8221;][\/vc_column_inner][vc_column_inner width=&#8221;1\/2&#8243; offset=&#8221;vc_hidden-md vc_hidden-sm vc_hidden-xs&#8221;][\/vc_column_inner][\/vc_row_inner][mk_padding_divider visibility=&#8221;visible-sm&#8221;][mk_image src=&#8221;https:\/\/www.humangenetik-umg.de\/wp-content\/uploads\/2016\/09\/ihu-logo-550&#215;280.png&#8221; image_size=&#8221;full&#8221; align=&#8221;center&#8221; margin_bottom=&#8221;40&#8243; visibility=&#8221;visible-sm&#8221;][mk_padding_divider size=&#8221;60&#8243; visibility=&#8221;visible-sm&#8221;][vc_row_inner][vc_column_inner width=&#8221;2\/3&#8243;][mk_padding_divider size=&#8221;80&#8243; visibility=&#8221;visible-dt-v2&#8243;][mk_padding_divider visibility=&#8221;visible-dt&#8221;][\/vc_column_inner][vc_column_inner width=&#8221;1\/3&#8243;][\/vc_column_inner][\/vc_row_inner][vc_row_inner is_fullwidth_content=&#8221;false&#8221;][vc_column_inner css=&#8221;.vc_custom_1476432786136{padding-top: 12px !important;padding-right: 15px !important;padding-bottom: 12px !important;padding-left: 15px !important;background-color: rgba(255,255,255,0.6) !important;*background-color: rgb(255,255,255) !important;}&#8221;][vc_column_text]\n<h1>Welcome<\/h1>\n<p>Human genetics is a fascinating and dynamic scientific field and our understanding of biological processes and hereditary diseases is rapidly increasing. Current findings and the latest diagnostic technologies form the basis for our genetic counselling services and modern diagnostic testing for genetic disorders in our lab. We also share our knowledge and expertise to inspire students and spark their interest in human genetics.[\/vc_column_text][mk_padding_divider size=&#8221;10&#8243; visibility=&#8221;visible-sm&#8221;][mk_button dimension=&#8221;flat&#8221; size=&#8221;medium&#8221; icon=&#8221;mk-icon-long-arrow-right&#8221; icon_anim=&#8221;side&#8221; url=&#8221;\/en\/gene-of-the-month&#8221; align=&#8221;right&#8221; bg_color=&#8221;#006699&#8243; btn_hover_bg=&#8221;#000000&#8243; btn_hover_txt_color=&#8221;#ffffff&#8221;]Gene of the Month[\/mk_button][mk_button dimension=&#8221;flat&#8221; size=&#8221;medium&#8221; icon=&#8221;mk-icon-long-arrow-right&#8221; icon_anim=&#8221;side&#8221; url=&#8221;\/en\/news&#8221; align=&#8221;right&#8221; bg_color=&#8221;#006699&#8243; btn_hover_bg=&#8221;#000000&#8243; btn_hover_txt_color=&#8221;#ffffff&#8221;]News[\/mk_button][mk_padding_divider size=&#8221;15&#8243; visibility=&#8221;visible-sm&#8221;][\/vc_column_inner][\/vc_row_inner][\/vc_column][\/mk_page_section][vc_row][vc_column][\/vc_column][\/vc_row]\n<\/div>","protected":false},"excerpt":{"rendered":"<p>[mk_page_section bg_image=&#8221;https:\/\/www.humangenetik-umg.de\/wp-content\/uploads\/2015\/12\/IHU_LHA0013-RGB-home-2200&#215;1563-1.jpg&#8221; bg_position=&#8221;center top&#8221; bg_repeat=&#8221;no-repeat&#8221; bg_stretch=&#8221;true&#8221; full_width=&#8221;true&#8221; full_height=&#8221;true&#8221; sidebar=&#8221;sidebar-1&#8243;][vc_column][vc_row_inner][vc_column_inner el_class=&#8221;logo-home&#8221; width=&#8221;1\/2&#8243;][mk_image src=&#8221;https:\/\/www.humangenetik-umg.de\/wp-content\/uploads\/2016\/09\/ihu-logo-550&#215;280.png&#8221; image_size=&#8221;full&#8221; visibility=&#8221;hidden-sm&#8221; el_class=&#8221;logo-home&#8221;][\/vc_column_inner][vc_column_inner width=&#8221;1\/2&#8243; offset=&#8221;vc_hidden-md vc_hidden-sm vc_hidden-xs&#8221;][\/vc_column_inner][\/vc_row_inner][mk_padding_divider visibility=&#8221;visible-sm&#8221;][mk_image src=&#8221;https:\/\/www.humangenetik-umg.de\/wp-content\/uploads\/2016\/09\/ihu-logo-550&#215;280.png&#8221; image_size=&#8221;full&#8221; align=&#8221;center&#8221; margin_bottom=&#8221;40&#8243; visibility=&#8221;visible-sm&#8221;][mk_padding_divider size=&#8221;60&#8243; visibility=&#8221;visible-sm&#8221;][vc_row_inner][vc_column_inner width=&#8221;2\/3&#8243;][mk_padding_divider size=&#8221;80&#8243; visibility=&#8221;visible-dt-v2&#8243;][mk_padding_divider visibility=&#8221;visible-dt&#8221;][\/vc_column_inner][vc_column_inner width=&#8221;1\/3&#8243;][\/vc_column_inner][\/vc_row_inner][vc_row_inner is_fullwidth_content=&#8221;false&#8221;][vc_column_inner css=&#8221;.vc_custom_1476432786136{padding-top: 12px !important;padding-right: 15px !important;padding-bottom: 12px !important;padding-left: 15px !important;background-color: rgba(255,255,255,0.6) !important;*background-color: rgb(255,255,255) !important;}&#8221;][vc_column_text] Welcome Human genetics is a fascinating and dynamic scientific [&hellip;]<\/p>\n","protected":false},"author":1,"featured_media":0,"parent":0,"menu_order":0,"comment_status":"closed","ping_status":"closed","template":"","meta":{"footnotes":""},"class_list":["post-7138","page","type-page","status-publish","hentry"],"yoast_head":"<!-- This site is optimized with the Yoast SEO plugin v26.8 - https:\/\/yoast.com\/product\/yoast-seo-wordpress\/ -->\n<title>The Institute of Human Genetics at G\u00f6ttingen<\/title>\n<meta name=\"description\" content=\"The Institute of Human Genetics at G\u00f6ttingen provides genetic counselling services and modern diagnostic testing for genetic disorders.\" \/>\n<meta name=\"robots\" content=\"index, follow, max-snippet:-1, max-image-preview:large, max-video-preview:-1\" \/>\n<link rel=\"canonical\" href=\"https:\/\/www.humangenetik-umg.de\/en\/\" \/>\n<meta property=\"og:locale\" content=\"en_US\" \/>\n<meta property=\"og:type\" content=\"article\" \/>\n<meta property=\"og:title\" content=\"The Institute of Human Genetics at G\u00f6ttingen\" \/>\n<meta property=\"og:description\" content=\"The Institute of Human Genetics at G\u00f6ttingen provides genetic counselling services and modern diagnostic testing for genetic disorders.\" \/>\n<meta property=\"og:url\" content=\"https:\/\/www.humangenetik-umg.de\/en\/\" \/>\n<meta property=\"og:site_name\" content=\"Institut f\u00fcr Humangenetik\" \/>\n<meta property=\"article:modified_time\" content=\"2022-04-11T10:54:53+00:00\" \/>\n<meta name=\"twitter:card\" content=\"summary_large_image\" \/>\n<meta name=\"twitter:label1\" content=\"Est. reading time\" \/>\n\t<meta name=\"twitter:data1\" content=\"2 minutes\" \/>\n<script type=\"application\/ld+json\" class=\"yoast-schema-graph\">{\"@context\":\"https:\/\/schema.org\",\"@graph\":[{\"@type\":\"WebPage\",\"@id\":\"https:\/\/www.humangenetik-umg.de\/en\/\",\"url\":\"https:\/\/www.humangenetik-umg.de\/en\/\",\"name\":\"The Institute of Human Genetics at G\u00f6ttingen\",\"isPartOf\":{\"@id\":\"https:\/\/www.humangenetik-umg.de\/en\/#website\"},\"datePublished\":\"2015-12-07T07:53:49+00:00\",\"dateModified\":\"2022-04-11T10:54:53+00:00\",\"description\":\"The Institute of Human Genetics at G\u00f6ttingen provides genetic counselling services and modern diagnostic testing for genetic disorders.\",\"breadcrumb\":{\"@id\":\"https:\/\/www.humangenetik-umg.de\/en\/#breadcrumb\"},\"inLanguage\":\"en-US\",\"potentialAction\":[{\"@type\":\"ReadAction\",\"target\":[\"https:\/\/www.humangenetik-umg.de\/en\/\"]}]},{\"@type\":\"BreadcrumbList\",\"@id\":\"https:\/\/www.humangenetik-umg.de\/en\/#breadcrumb\",\"itemListElement\":[{\"@type\":\"ListItem\",\"position\":1,\"name\":\"Home\",\"item\":\"https:\/\/www.humangenetik-umg.de\/en\/\"},{\"@type\":\"ListItem\",\"position\":2,\"name\":\"home\"}]},{\"@type\":\"WebSite\",\"@id\":\"https:\/\/www.humangenetik-umg.de\/en\/#website\",\"url\":\"https:\/\/www.humangenetik-umg.de\/en\/\",\"name\":\"Institut f\u00fcr Humangenetik\",\"description\":\"Institut f\u00fcr Humangenetik der Universit\u00e4tsmedizin G\u00f6ttingen\",\"potentialAction\":[{\"@type\":\"SearchAction\",\"target\":{\"@type\":\"EntryPoint\",\"urlTemplate\":\"https:\/\/www.humangenetik-umg.de\/en\/?s={search_term_string}\"},\"query-input\":{\"@type\":\"PropertyValueSpecification\",\"valueRequired\":true,\"valueName\":\"search_term_string\"}}],\"inLanguage\":\"en-US\"}]}<\/script>\n<!-- \/ Yoast SEO plugin. -->","yoast_head_json":{"title":"The Institute of Human Genetics at G\u00f6ttingen","description":"The Institute of Human Genetics at G\u00f6ttingen provides genetic counselling services and modern diagnostic testing for genetic disorders.","robots":{"index":"index","follow":"follow","max-snippet":"max-snippet:-1","max-image-preview":"max-image-preview:large","max-video-preview":"max-video-preview:-1"},"canonical":"https:\/\/www.humangenetik-umg.de\/en\/","og_locale":"en_US","og_type":"article","og_title":"The Institute of Human Genetics at G\u00f6ttingen","og_description":"The Institute of Human Genetics at G\u00f6ttingen provides genetic counselling services and modern diagnostic testing for genetic disorders.","og_url":"https:\/\/www.humangenetik-umg.de\/en\/","og_site_name":"Institut f\u00fcr Humangenetik","article_modified_time":"2022-04-11T10:54:53+00:00","twitter_card":"summary_large_image","twitter_misc":{"Est. reading time":"2 minutes"},"schema":{"@context":"https:\/\/schema.org","@graph":[{"@type":"WebPage","@id":"https:\/\/www.humangenetik-umg.de\/en\/","url":"https:\/\/www.humangenetik-umg.de\/en\/","name":"The Institute of Human Genetics at G\u00f6ttingen","isPartOf":{"@id":"https:\/\/www.humangenetik-umg.de\/en\/#website"},"datePublished":"2015-12-07T07:53:49+00:00","dateModified":"2022-04-11T10:54:53+00:00","description":"The Institute of Human Genetics at G\u00f6ttingen provides genetic counselling services and modern diagnostic testing for genetic disorders.","breadcrumb":{"@id":"https:\/\/www.humangenetik-umg.de\/en\/#breadcrumb"},"inLanguage":"en-US","potentialAction":[{"@type":"ReadAction","target":["https:\/\/www.humangenetik-umg.de\/en\/"]}]},{"@type":"BreadcrumbList","@id":"https:\/\/www.humangenetik-umg.de\/en\/#breadcrumb","itemListElement":[{"@type":"ListItem","position":1,"name":"Home","item":"https:\/\/www.humangenetik-umg.de\/en\/"},{"@type":"ListItem","position":2,"name":"home"}]},{"@type":"WebSite","@id":"https:\/\/www.humangenetik-umg.de\/en\/#website","url":"https:\/\/www.humangenetik-umg.de\/en\/","name":"Institut f\u00fcr Humangenetik","description":"Institut f\u00fcr Humangenetik der Universit\u00e4tsmedizin G\u00f6ttingen","potentialAction":[{"@type":"SearchAction","target":{"@type":"EntryPoint","urlTemplate":"https:\/\/www.humangenetik-umg.de\/en\/?s={search_term_string}"},"query-input":{"@type":"PropertyValueSpecification","valueRequired":true,"valueName":"search_term_string"}}],"inLanguage":"en-US"}]}},"_links":{"self":[{"href":"https:\/\/www.humangenetik-umg.de\/en\/wp-json\/wp\/v2\/pages\/7138","targetHints":{"allow":["GET"]}}],"collection":[{"href":"https:\/\/www.humangenetik-umg.de\/en\/wp-json\/wp\/v2\/pages"}],"about":[{"href":"https:\/\/www.humangenetik-umg.de\/en\/wp-json\/wp\/v2\/types\/page"}],"author":[{"embeddable":true,"href":"https:\/\/www.humangenetik-umg.de\/en\/wp-json\/wp\/v2\/users\/1"}],"replies":[{"embeddable":true,"href":"https:\/\/www.humangenetik-umg.de\/en\/wp-json\/wp\/v2\/comments?post=7138"}],"version-history":[{"count":0,"href":"https:\/\/www.humangenetik-umg.de\/en\/wp-json\/wp\/v2\/pages\/7138\/revisions"}],"wp:attachment":[{"href":"https:\/\/www.humangenetik-umg.de\/en\/wp-json\/wp\/v2\/media?parent=7138"}],"curies":[{"name":"wp","href":"https:\/\/api.w.org\/{rel}","templated":true}]}}