{"id":7725,"date":"2016-03-24T10:17:37","date_gmt":"2016-03-24T09:17:37","guid":{"rendered":"https:\/\/www.humangenetik-umg.de\/en\/forschung\/spektrum\/"},"modified":"2025-12-15T15:21:45","modified_gmt":"2025-12-15T14:21:45","slug":"main-research-areas","status":"publish","type":"page","link":"https:\/\/www.humangenetik-umg.de\/en\/research\/main-research-areas\/","title":{"rendered":"Main Research Areas"},"content":{"rendered":"<div class=\"wpb-content-wrapper\">[mk_page_section bg_image=&#8221;https:\/\/www.humangenetik-umg.de\/wp-content\/uploads\/2016\/03\/LHA9947-spektrum-1900.jpg&#8221; bg_position=&#8221;center center&#8221; bg_repeat=&#8221;no-repeat&#8221; bg_stretch=&#8221;true&#8221; min_height=&#8221;600&#8243; full_width=&#8221;true&#8221; section_id=&#8221;header-bild&#8221; sidebar=&#8221;sidebar-1&#8243;][vc_column][\/vc_column][\/mk_page_section][mk_page_section sidebar=&#8221;sidebar-1&#8243;][vc_column][vc_empty_space height=&#8221;50px&#8221;][vc_column_text]\n<h1 style=\"text-align: center;\"><span style=\"color: #ffcc33;\">Main Research Areas<\/span><\/h1>\n[\/vc_column_text][vc_empty_space height=&#8221;15px&#8221;][vc_row_inner is_fullwidth_content=&#8221;false&#8221;][vc_column_inner css=&#8221;.vc_custom_1469979627686{padding-right: 20px !important;padding-left: 20px !important;}&#8221;][vc_column_text css=&#8221;.vc_custom_1678278872109{margin-bottom: 0px !important;}&#8221;]Our Institute provides a modern and dynamic infrastructure for our researchers to produce findings that expand our understanding of fundamental biological processes, improve diagnostics of genetic disorders and inform development of future therapeutic options for the benefit of patients.<\/p>\n<p>The range of our research activities is wide. This is a selection of key issues and disorders that our research groups focus on: [\/vc_column_text][mk_padding_divider][vc_column_text css=&#8221;.vc_custom_1678357940007{margin-bottom: 0px !important;}&#8221;]<strong>Molecular &amp; cellular mechanisms of aging<\/strong><\/p>\n<p>What genes, signalling pathways and mechanisms are involved in the physiological process of aging, in rare congenital disorders with premature aging and in the pathogenesis of aging-related diseases?<br \/>\n\u21d2 Research groups <a href=\"https:\/\/www.humangenetik-umg.de\/en\/research\/kornak-research-group\/\">Kornak<\/a>, <a href=\"https:\/\/www.humangenetik-umg.de\/en\/research\/wollnik-research-group\/\">Wollnik<\/a>[\/vc_column_text][mk_padding_divider][vc_column_text css=&#8221;.vc_custom_1678357733646{margin-bottom: 0px !important;}&#8221;]<strong>Novel therapeutic options by genome editing<\/strong><\/p>\n<p>How can we use CRISPR\/Cas technology to develop specific molecular therapies for congenital disorders as for example heart diseases or bone disorders?<br \/>\n\u21d2 Research groups <a href=\"https:\/\/www.humangenetik-umg.de\/en\/research\/kornak-research-group\/\">Kornak<\/a>, <a href=\"https:\/\/www.humangenetik-umg.de\/en\/research\/wollnik-research-group\/\">Wollnik<\/a>[\/vc_column_text][mk_padding_divider][vc_column_text css=&#8221;.vc_custom_1678357952377{margin-bottom: 0px !important;}&#8221;]<strong>Identifying genes &amp; unravelling molecular mechanisms<\/strong><\/p>\n<p>We identify novel genes and variants related to rare diseases and explore gene functions and variant effects on molecular mechanisms.<br \/>\n\u21d2 Research groups <a href=\"https:\/\/www.humangenetik-umg.de\/en\/research\/kornak-research-group\/\">Kornak<\/a>, <a href=\"https:\/\/www.humangenetik-umg.de\/en\/research\/pauli-research-group\/\">Pauli<\/a>, <a href=\"https:\/\/www.humangenetik-umg.de\/en\/research\/wollnik-research-group\/\">Wollnik<\/a>[\/vc_column_text][mk_padding_divider][vc_column_text css=&#8221;.vc_custom_1765808547143{margin-bottom: 0px !important;}&#8221;]<strong>Hereditary hearing loss<\/strong><\/p>\n<p>We aim to find new genes or gene variants that are associated with syndromic or non-syndromic forms of hereditary hearing loss.<br \/>\n\u21d2 Research group <a href=\"https:\/\/www.humangenetik-umg.de\/en\/research\/wollnik-research-group\/\">Wollnik<\/a>[\/vc_column_text][mk_padding_divider][vc_column_text css=&#8221;.vc_custom_1678357757693{margin-bottom: 0px !important;}&#8221;]<strong>Pathogenesis of cancer<\/strong><\/p>\n<p>What signalling pathways interact in the pathogenesis of rhabdomyosarcoma and pituitary adenoma?<br \/>\n\u21d2 <a href=\"https:\/\/www.humangenetik-umg.de\/en\/research\/molecular-developmental-genetics\/\">Section of Molecular Developmental Genetics<\/a><br \/>\nWhat genes and gene variants are involved in familial cancers?<br \/>\n\u21d2 Research groups Kaulfu\u00df, <a href=\"https:\/\/www.humangenetik-umg.de\/en\/research\/wollnik-research-group\/\">Wollnik<\/a>[\/vc_column_text][mk_padding_divider][vc_column_text css=&#8221;.vc_custom_1678357764598{margin-bottom: 0px !important;}&#8221;]<strong>Bioinformatic analysis of genome dynamics<\/strong><\/p>\n<p>Our NGS-based analyses generate enormous amounts of complex data. We develop and establish in-house bioinformatic pipelines that allow us to apply mathematical and statistical tools for processing, analyzing and interpreting data in a manner that provides new insights into various aspects of genome dynamics.<br \/>\n\u21d2 Research group Zibat[\/vc_column_text][mk_padding_divider][\/vc_column_inner][\/vc_row_inner][vc_row_inner is_fullwidth_content=&#8221;false&#8221;][vc_column_inner css=&#8221;.vc_custom_1469979627686{padding-right: 20px !important;padding-left: 20px !important;}&#8221;][vc_column_text css=&#8221;.vc_custom_1678280548939{margin-bottom: 0px !important;}&#8221;]We investigate molecular processes in single cells, in various tissues, at different times in the course of development, in healthy organisms and in disease. For this, we use state-of-the-art next-generation sequencing technology including genome sequencing, transcriptome analysis, single-cell sequencing and other methods. Experiments in cell systems as, e.g., iPS cells, organoids, bone-on-a-chip or in model organisms (mouse, zebrafish) improve our understanding of how mutations impact on protein function and how proteins interact in molecular mechanisms and signalling cascades. [\/vc_column_text][\/vc_column_inner][\/vc_row_inner][\/vc_column][\/mk_page_section][vc_row][vc_column][vc_empty_space height=&#8221;100px&#8221;][\/vc_column][\/vc_row]\n<\/div>","protected":false},"excerpt":{"rendered":"<p>[mk_page_section bg_image=&#8221;https:\/\/www.humangenetik-umg.de\/wp-content\/uploads\/2016\/03\/LHA9947-spektrum-1900.jpg&#8221; bg_position=&#8221;center center&#8221; bg_repeat=&#8221;no-repeat&#8221; bg_stretch=&#8221;true&#8221; min_height=&#8221;600&#8243; full_width=&#8221;true&#8221; section_id=&#8221;header-bild&#8221; sidebar=&#8221;sidebar-1&#8243;][vc_column][\/vc_column][\/mk_page_section][mk_page_section sidebar=&#8221;sidebar-1&#8243;][vc_column][vc_empty_space height=&#8221;50px&#8221;][vc_column_text] Main Research Areas [\/vc_column_text][vc_empty_space height=&#8221;15px&#8221;][vc_row_inner is_fullwidth_content=&#8221;false&#8221;][vc_column_inner css=&#8221;.vc_custom_1469979627686{padding-right: 20px !important;padding-left: 20px !important;}&#8221;][vc_column_text css=&#8221;.vc_custom_1678278872109{margin-bottom: 0px !important;}&#8221;]Our Institute provides a modern and dynamic infrastructure for our researchers to produce findings that expand our understanding of fundamental biological processes, improve diagnostics of genetic disorders and inform development [&hellip;]<\/p>\n","protected":false},"author":1,"featured_media":0,"parent":7663,"menu_order":1,"comment_status":"closed","ping_status":"closed","template":"","meta":{"footnotes":""},"class_list":["post-7725","page","type-page","status-publish","hentry"],"yoast_head":"<!-- This site is optimized with the Yoast SEO plugin v26.8 - https:\/\/yoast.com\/product\/yoast-seo-wordpress\/ -->\n<title>Main Research Areas - Institut f\u00fcr Humangenetik<\/title>\n<meta name=\"description\" content=\"Our research produces findings that expand our understanding of fundamental biological processes, improve diagnostics of genetic disorders and inform development of future therapeutic options for the benefit of patients.\" \/>\n<meta name=\"robots\" content=\"index, follow, max-snippet:-1, max-image-preview:large, max-video-preview:-1\" \/>\n<link rel=\"canonical\" href=\"https:\/\/www.humangenetik-umg.de\/en\/research\/main-research-areas\/\" \/>\n<meta property=\"og:locale\" content=\"en_US\" \/>\n<meta property=\"og:type\" content=\"article\" \/>\n<meta property=\"og:title\" content=\"Main Research Areas - Institut f\u00fcr Humangenetik\" \/>\n<meta property=\"og:description\" content=\"Our research produces findings that expand our understanding of fundamental biological processes, improve diagnostics of genetic disorders and inform development of future therapeutic options for the benefit of patients.\" \/>\n<meta property=\"og:url\" content=\"https:\/\/www.humangenetik-umg.de\/en\/research\/main-research-areas\/\" \/>\n<meta property=\"og:site_name\" content=\"Institut f\u00fcr Humangenetik\" \/>\n<meta property=\"article:modified_time\" content=\"2025-12-15T14:21:45+00:00\" \/>\n<meta name=\"twitter:card\" content=\"summary_large_image\" \/>\n<meta name=\"twitter:label1\" content=\"Est. reading time\" \/>\n\t<meta name=\"twitter:data1\" content=\"3 minutes\" \/>\n<script type=\"application\/ld+json\" class=\"yoast-schema-graph\">{\"@context\":\"https:\/\/schema.org\",\"@graph\":[{\"@type\":\"WebPage\",\"@id\":\"https:\/\/www.humangenetik-umg.de\/en\/research\/main-research-areas\/\",\"url\":\"https:\/\/www.humangenetik-umg.de\/en\/research\/main-research-areas\/\",\"name\":\"Main Research Areas - Institut f\u00fcr Humangenetik\",\"isPartOf\":{\"@id\":\"https:\/\/www.humangenetik-umg.de\/en\/#website\"},\"datePublished\":\"2016-03-24T09:17:37+00:00\",\"dateModified\":\"2025-12-15T14:21:45+00:00\",\"description\":\"Our research produces findings that expand our understanding of fundamental biological processes, improve diagnostics of genetic disorders and inform development of future therapeutic options for the benefit of patients.\",\"breadcrumb\":{\"@id\":\"https:\/\/www.humangenetik-umg.de\/en\/research\/main-research-areas\/#breadcrumb\"},\"inLanguage\":\"en-US\",\"potentialAction\":[{\"@type\":\"ReadAction\",\"target\":[\"https:\/\/www.humangenetik-umg.de\/en\/research\/main-research-areas\/\"]}]},{\"@type\":\"BreadcrumbList\",\"@id\":\"https:\/\/www.humangenetik-umg.de\/en\/research\/main-research-areas\/#breadcrumb\",\"itemListElement\":[{\"@type\":\"ListItem\",\"position\":1,\"name\":\"Home\",\"item\":\"https:\/\/www.humangenetik-umg.de\/en\/\"},{\"@type\":\"ListItem\",\"position\":2,\"name\":\"Research\",\"item\":\"https:\/\/www.humangenetik-umg.de\/en\/research\/\"},{\"@type\":\"ListItem\",\"position\":3,\"name\":\"Main Research Areas\"}]},{\"@type\":\"WebSite\",\"@id\":\"https:\/\/www.humangenetik-umg.de\/en\/#website\",\"url\":\"https:\/\/www.humangenetik-umg.de\/en\/\",\"name\":\"Institut f\u00fcr Humangenetik\",\"description\":\"Institut f\u00fcr Humangenetik der Universit\u00e4tsmedizin G\u00f6ttingen\",\"potentialAction\":[{\"@type\":\"SearchAction\",\"target\":{\"@type\":\"EntryPoint\",\"urlTemplate\":\"https:\/\/www.humangenetik-umg.de\/en\/?s={search_term_string}\"},\"query-input\":{\"@type\":\"PropertyValueSpecification\",\"valueRequired\":true,\"valueName\":\"search_term_string\"}}],\"inLanguage\":\"en-US\"}]}<\/script>\n<!-- \/ Yoast SEO plugin. -->","yoast_head_json":{"title":"Main Research Areas - Institut f\u00fcr Humangenetik","description":"Our research produces findings that expand our understanding of fundamental biological processes, improve diagnostics of genetic disorders and inform development of future therapeutic options for the benefit of patients.","robots":{"index":"index","follow":"follow","max-snippet":"max-snippet:-1","max-image-preview":"max-image-preview:large","max-video-preview":"max-video-preview:-1"},"canonical":"https:\/\/www.humangenetik-umg.de\/en\/research\/main-research-areas\/","og_locale":"en_US","og_type":"article","og_title":"Main Research Areas - Institut f\u00fcr Humangenetik","og_description":"Our research produces findings that expand our understanding of fundamental biological processes, improve diagnostics of genetic disorders and inform development of future therapeutic options for the benefit of patients.","og_url":"https:\/\/www.humangenetik-umg.de\/en\/research\/main-research-areas\/","og_site_name":"Institut f\u00fcr Humangenetik","article_modified_time":"2025-12-15T14:21:45+00:00","twitter_card":"summary_large_image","twitter_misc":{"Est. reading time":"3 minutes"},"schema":{"@context":"https:\/\/schema.org","@graph":[{"@type":"WebPage","@id":"https:\/\/www.humangenetik-umg.de\/en\/research\/main-research-areas\/","url":"https:\/\/www.humangenetik-umg.de\/en\/research\/main-research-areas\/","name":"Main Research Areas - Institut f\u00fcr Humangenetik","isPartOf":{"@id":"https:\/\/www.humangenetik-umg.de\/en\/#website"},"datePublished":"2016-03-24T09:17:37+00:00","dateModified":"2025-12-15T14:21:45+00:00","description":"Our research produces findings that expand our understanding of fundamental biological processes, improve diagnostics of genetic disorders and inform development of future therapeutic options for the benefit of patients.","breadcrumb":{"@id":"https:\/\/www.humangenetik-umg.de\/en\/research\/main-research-areas\/#breadcrumb"},"inLanguage":"en-US","potentialAction":[{"@type":"ReadAction","target":["https:\/\/www.humangenetik-umg.de\/en\/research\/main-research-areas\/"]}]},{"@type":"BreadcrumbList","@id":"https:\/\/www.humangenetik-umg.de\/en\/research\/main-research-areas\/#breadcrumb","itemListElement":[{"@type":"ListItem","position":1,"name":"Home","item":"https:\/\/www.humangenetik-umg.de\/en\/"},{"@type":"ListItem","position":2,"name":"Research","item":"https:\/\/www.humangenetik-umg.de\/en\/research\/"},{"@type":"ListItem","position":3,"name":"Main Research Areas"}]},{"@type":"WebSite","@id":"https:\/\/www.humangenetik-umg.de\/en\/#website","url":"https:\/\/www.humangenetik-umg.de\/en\/","name":"Institut f\u00fcr Humangenetik","description":"Institut f\u00fcr Humangenetik der Universit\u00e4tsmedizin G\u00f6ttingen","potentialAction":[{"@type":"SearchAction","target":{"@type":"EntryPoint","urlTemplate":"https:\/\/www.humangenetik-umg.de\/en\/?s={search_term_string}"},"query-input":{"@type":"PropertyValueSpecification","valueRequired":true,"valueName":"search_term_string"}}],"inLanguage":"en-US"}]}},"_links":{"self":[{"href":"https:\/\/www.humangenetik-umg.de\/en\/wp-json\/wp\/v2\/pages\/7725","targetHints":{"allow":["GET"]}}],"collection":[{"href":"https:\/\/www.humangenetik-umg.de\/en\/wp-json\/wp\/v2\/pages"}],"about":[{"href":"https:\/\/www.humangenetik-umg.de\/en\/wp-json\/wp\/v2\/types\/page"}],"author":[{"embeddable":true,"href":"https:\/\/www.humangenetik-umg.de\/en\/wp-json\/wp\/v2\/users\/1"}],"replies":[{"embeddable":true,"href":"https:\/\/www.humangenetik-umg.de\/en\/wp-json\/wp\/v2\/comments?post=7725"}],"version-history":[{"count":0,"href":"https:\/\/www.humangenetik-umg.de\/en\/wp-json\/wp\/v2\/pages\/7725\/revisions"}],"up":[{"embeddable":true,"href":"https:\/\/www.humangenetik-umg.de\/en\/wp-json\/wp\/v2\/pages\/7663"}],"wp:attachment":[{"href":"https:\/\/www.humangenetik-umg.de\/en\/wp-json\/wp\/v2\/media?parent=7725"}],"curies":[{"name":"wp","href":"https:\/\/api.w.org\/{rel}","templated":true}]}}