{"id":7792,"date":"2016-07-25T22:08:13","date_gmt":"2016-07-25T20:08:13","guid":{"rendered":"https:\/\/www.humangenetik-umg.de\/en\/institute\/kontakt-anfahrt\/"},"modified":"2022-04-11T12:54:54","modified_gmt":"2022-04-11T10:54:54","slug":"contact-location","status":"publish","type":"page","link":"https:\/\/www.humangenetik-umg.de\/en\/institute\/contact-location\/","title":{"rendered":"Contact &#038; Location"},"content":{"rendered":"<div class=\"wpb-content-wrapper\">[mk_page_section bg_image=&#8221;https:\/\/www.humangenetik-umg.de\/wp-content\/uploads\/2016\/03\/LHA9872-Kontakt-1900.jpg&#8221; bg_position=&#8221;center center&#8221; bg_repeat=&#8221;no-repeat&#8221; bg_stretch=&#8221;true&#8221; min_height=&#8221;600&#8243; full_width=&#8221;true&#8221; section_id=&#8221;header-bild&#8221; sidebar=&#8221;sidebar-1&#8243;][vc_column][\/vc_column][\/mk_page_section][mk_page_section sidebar=&#8221;sidebar-1&#8243;][vc_column][vc_empty_space height=&#8221;50px&#8221;][vc_column_text]\n<h1 style=\"text-align: center;\"><span style=\"color: #006699;\">Contact &amp; Location<\/span><\/h1>\n[\/vc_column_text][vc_empty_space height=&#8221;30px&#8221;][vc_row_inner][vc_column_inner width=&#8221;1\/2&#8243;][vc_column_text]<strong>Institute of Human Genetics<\/strong><br \/>\n<strong>University Medical Center G\u00f6ttingen<\/strong><br \/>\nDirector: Prof. Dr. med. Bernd Wollnik<br \/>\nHeinrich-D\u00fcker-Weg 12<br \/>\n37073 G\u00f6ttingen<br \/>\nGermany[\/vc_column_text][\/vc_column_inner][vc_column_inner width=&#8221;1\/2&#8243;][vc_column_text]<strong>Administration\u00a0<\/strong>[\/vc_column_text][mk_table el_class=&#8221;contact-data&#8221;]\n<table>\n<tbody>\n<tr>\n<td>Office<\/td>\n<td><a href=\"tel:+495513960606\">+49-551-39-60606<\/a><\/td>\n<\/tr>\n<tr>\n<td>Fax<\/td>\n<td>+49-551-39-69303<\/td>\n<\/tr>\n<tr>\n<td>Genetic Counselling<\/td>\n<td><a href=\"tel:+495513960606\">+49-551-39-60606<\/a><\/td>\n<\/tr>\n<tr>\n<td>Fax<\/td>\n<td>+49-551-39-67567<\/td>\n<\/tr>\n<tr>\n<td>DNA Testing<\/td>\n<td><a href=\"tel:+495513969029\">+49-551-39-69029<\/a><\/td>\n<\/tr>\n<tr>\n<td>Fax<\/td>\n<td>+49-551-39-69374<\/td>\n<\/tr>\n<tr>\n<td>Cytogenetics<\/td>\n<td><a href=\"tel:+495513960387\">+49-551-39-60387<\/a><\/td>\n<\/tr>\n<tr>\n<td>Fax<\/td>\n<td>+49-551-39-69374<\/td>\n<\/tr>\n<\/tbody>\n<\/table>\n[\/mk_table][\/vc_column_inner][\/vc_row_inner][mk_padding_divider size=&#8221;80&#8243; visibility=&#8221;hidden-sm&#8221;][mk_padding_divider visibility=&#8221;visible-sm&#8221;][vc_row_inner is_fullwidth_content=&#8221;false&#8221;][vc_column_inner width=&#8221;1\/2&#8243;][vc_column_text]<strong>Visit us<\/strong><\/p>\n<p><strong>By car:<\/strong><br \/>\nPlease note: Heinrich-D\u00fcker-Weg is not accessible by car. We recommend you park in carpark \u201cGo\u00dflerstra\u00dfe\u201d (accessed via Kreuzbergring).<\/p>\n<p><strong>By public transport:<\/strong><br \/>\nThe closest bus stops are \u201cCampus\u201d (lines 91, 92) and \u201cHumboldtallee\u201d (lines 41, 170).[\/vc_column_text][\/vc_column_inner][vc_column_inner width=&#8221;1\/2&#8243;][mk_padding_divider visibility=&#8221;visible-sm&#8221;][vc_single_image image=&#8221;7651&#8243; img_size=&#8221;960&#215;720&#8243; alignment=&#8221;right&#8221; onclick=&#8221;link_image&#8221; css_animation=&#8221;appear&#8221;][\/vc_column_inner][\/vc_row_inner][\/vc_column][\/mk_page_section][vc_row][vc_column][vc_empty_space height=&#8221;100px&#8221;][\/vc_column][\/vc_row]\n<\/div>","protected":false},"excerpt":{"rendered":"<p>[mk_page_section bg_image=&#8221;https:\/\/www.humangenetik-umg.de\/wp-content\/uploads\/2016\/03\/LHA9872-Kontakt-1900.jpg&#8221; bg_position=&#8221;center center&#8221; bg_repeat=&#8221;no-repeat&#8221; bg_stretch=&#8221;true&#8221; min_height=&#8221;600&#8243; full_width=&#8221;true&#8221; section_id=&#8221;header-bild&#8221; sidebar=&#8221;sidebar-1&#8243;][vc_column][\/vc_column][\/mk_page_section][mk_page_section sidebar=&#8221;sidebar-1&#8243;][vc_column][vc_empty_space height=&#8221;50px&#8221;][vc_column_text] Contact &amp; Location [\/vc_column_text][vc_empty_space height=&#8221;30px&#8221;][vc_row_inner][vc_column_inner width=&#8221;1\/2&#8243;][vc_column_text]Institute of Human Genetics University Medical Center G\u00f6ttingen Director: Prof. Dr. med. Bernd Wollnik Heinrich-D\u00fcker-Weg 12 37073 G\u00f6ttingen Germany[\/vc_column_text][\/vc_column_inner][vc_column_inner width=&#8221;1\/2&#8243;][vc_column_text]Administration\u00a0[\/vc_column_text][mk_table el_class=&#8221;contact-data&#8221;] Office +49-551-39-60606 Fax +49-551-39-69303 Genetic Counselling +49-551-39-60606 Fax +49-551-39-67567 DNA Testing +49-551-39-69029 Fax +49-551-39-69374 Cytogenetics +49-551-39-60387 Fax [&hellip;]<\/p>\n","protected":false},"author":1,"featured_media":0,"parent":7132,"menu_order":5,"comment_status":"closed","ping_status":"closed","template":"","meta":{"footnotes":""},"class_list":["post-7792","page","type-page","status-publish","hentry"],"yoast_head":"<!-- This site is optimized with the Yoast SEO plugin v26.8 - https:\/\/yoast.com\/product\/yoast-seo-wordpress\/ -->\n<title>Contact &amp; Location - Institut f\u00fcr Humangenetik<\/title>\n<meta name=\"robots\" content=\"index, follow, max-snippet:-1, max-image-preview:large, max-video-preview:-1\" \/>\n<link rel=\"canonical\" href=\"https:\/\/www.humangenetik-umg.de\/en\/institute\/contact-location\/\" \/>\n<meta property=\"og:locale\" content=\"en_US\" \/>\n<meta property=\"og:type\" content=\"article\" \/>\n<meta property=\"og:title\" content=\"Contact &amp; Location - Institut f\u00fcr Humangenetik\" \/>\n<meta property=\"og:description\" content=\"[mk_page_section bg_image=&#8221;https:\/\/www.humangenetik-umg.de\/wp-content\/uploads\/2016\/03\/LHA9872-Kontakt-1900.jpg&#8221; bg_position=&#8221;center center&#8221; bg_repeat=&#8221;no-repeat&#8221; bg_stretch=&#8221;true&#8221; min_height=&#8221;600&#8243; full_width=&#8221;true&#8221; section_id=&#8221;header-bild&#8221; sidebar=&#8221;sidebar-1&#8243;][vc_column][\/vc_column][\/mk_page_section][mk_page_section sidebar=&#8221;sidebar-1&#8243;][vc_column][vc_empty_space height=&#8221;50px&#8221;][vc_column_text] Contact &amp; Location [\/vc_column_text][vc_empty_space height=&#8221;30px&#8221;][vc_row_inner][vc_column_inner width=&#8221;1\/2&#8243;][vc_column_text]Institute of Human Genetics University Medical Center G\u00f6ttingen Director: Prof. Dr. med. Bernd Wollnik Heinrich-D\u00fcker-Weg 12 37073 G\u00f6ttingen Germany[\/vc_column_text][\/vc_column_inner][vc_column_inner width=&#8221;1\/2&#8243;][vc_column_text]Administration\u00a0[\/vc_column_text][mk_table el_class=&#8221;contact-data&#8221;] Office +49-551-39-60606 Fax +49-551-39-69303 Genetic Counselling +49-551-39-60606 Fax +49-551-39-67567 DNA Testing +49-551-39-69029 Fax +49-551-39-69374 Cytogenetics +49-551-39-60387 Fax [&hellip;]\" \/>\n<meta property=\"og:url\" content=\"https:\/\/www.humangenetik-umg.de\/en\/institute\/contact-location\/\" \/>\n<meta property=\"og:site_name\" content=\"Institut f\u00fcr Humangenetik\" \/>\n<meta property=\"article:modified_time\" content=\"2022-04-11T10:54:54+00:00\" \/>\n<meta name=\"twitter:card\" content=\"summary_large_image\" \/>\n<meta name=\"twitter:label1\" content=\"Est. reading time\" \/>\n\t<meta name=\"twitter:data1\" content=\"1 minute\" \/>\n<script type=\"application\/ld+json\" class=\"yoast-schema-graph\">{\"@context\":\"https:\/\/schema.org\",\"@graph\":[{\"@type\":\"WebPage\",\"@id\":\"https:\/\/www.humangenetik-umg.de\/en\/institute\/contact-location\/\",\"url\":\"https:\/\/www.humangenetik-umg.de\/en\/institute\/contact-location\/\",\"name\":\"Contact & Location - Institut f\u00fcr Humangenetik\",\"isPartOf\":{\"@id\":\"https:\/\/www.humangenetik-umg.de\/en\/#website\"},\"datePublished\":\"2016-07-25T20:08:13+00:00\",\"dateModified\":\"2022-04-11T10:54:54+00:00\",\"breadcrumb\":{\"@id\":\"https:\/\/www.humangenetik-umg.de\/en\/institute\/contact-location\/#breadcrumb\"},\"inLanguage\":\"en-US\",\"potentialAction\":[{\"@type\":\"ReadAction\",\"target\":[\"https:\/\/www.humangenetik-umg.de\/en\/institute\/contact-location\/\"]}]},{\"@type\":\"BreadcrumbList\",\"@id\":\"https:\/\/www.humangenetik-umg.de\/en\/institute\/contact-location\/#breadcrumb\",\"itemListElement\":[{\"@type\":\"ListItem\",\"position\":1,\"name\":\"Home\",\"item\":\"https:\/\/www.humangenetik-umg.de\/en\/\"},{\"@type\":\"ListItem\",\"position\":2,\"name\":\"Institute\",\"item\":\"https:\/\/www.humangenetik-umg.de\/en\/institute\/\"},{\"@type\":\"ListItem\",\"position\":3,\"name\":\"Contact &#038; Location\"}]},{\"@type\":\"WebSite\",\"@id\":\"https:\/\/www.humangenetik-umg.de\/en\/#website\",\"url\":\"https:\/\/www.humangenetik-umg.de\/en\/\",\"name\":\"Institut f\u00fcr Humangenetik\",\"description\":\"Institut f\u00fcr Humangenetik der Universit\u00e4tsmedizin G\u00f6ttingen\",\"potentialAction\":[{\"@type\":\"SearchAction\",\"target\":{\"@type\":\"EntryPoint\",\"urlTemplate\":\"https:\/\/www.humangenetik-umg.de\/en\/?s={search_term_string}\"},\"query-input\":{\"@type\":\"PropertyValueSpecification\",\"valueRequired\":true,\"valueName\":\"search_term_string\"}}],\"inLanguage\":\"en-US\"}]}<\/script>\n<!-- \/ Yoast SEO plugin. -->","yoast_head_json":{"title":"Contact & Location - Institut f\u00fcr Humangenetik","robots":{"index":"index","follow":"follow","max-snippet":"max-snippet:-1","max-image-preview":"max-image-preview:large","max-video-preview":"max-video-preview:-1"},"canonical":"https:\/\/www.humangenetik-umg.de\/en\/institute\/contact-location\/","og_locale":"en_US","og_type":"article","og_title":"Contact & Location - Institut f\u00fcr Humangenetik","og_description":"[mk_page_section bg_image=&#8221;https:\/\/www.humangenetik-umg.de\/wp-content\/uploads\/2016\/03\/LHA9872-Kontakt-1900.jpg&#8221; bg_position=&#8221;center center&#8221; bg_repeat=&#8221;no-repeat&#8221; bg_stretch=&#8221;true&#8221; min_height=&#8221;600&#8243; full_width=&#8221;true&#8221; section_id=&#8221;header-bild&#8221; sidebar=&#8221;sidebar-1&#8243;][vc_column][\/vc_column][\/mk_page_section][mk_page_section sidebar=&#8221;sidebar-1&#8243;][vc_column][vc_empty_space height=&#8221;50px&#8221;][vc_column_text] Contact &amp; Location [\/vc_column_text][vc_empty_space height=&#8221;30px&#8221;][vc_row_inner][vc_column_inner width=&#8221;1\/2&#8243;][vc_column_text]Institute of Human Genetics University Medical Center G\u00f6ttingen Director: Prof. Dr. med. Bernd Wollnik Heinrich-D\u00fcker-Weg 12 37073 G\u00f6ttingen Germany[\/vc_column_text][\/vc_column_inner][vc_column_inner width=&#8221;1\/2&#8243;][vc_column_text]Administration\u00a0[\/vc_column_text][mk_table el_class=&#8221;contact-data&#8221;] Office +49-551-39-60606 Fax +49-551-39-69303 Genetic Counselling +49-551-39-60606 Fax +49-551-39-67567 DNA Testing +49-551-39-69029 Fax +49-551-39-69374 Cytogenetics +49-551-39-60387 Fax [&hellip;]","og_url":"https:\/\/www.humangenetik-umg.de\/en\/institute\/contact-location\/","og_site_name":"Institut f\u00fcr Humangenetik","article_modified_time":"2022-04-11T10:54:54+00:00","twitter_card":"summary_large_image","twitter_misc":{"Est. reading time":"1 minute"},"schema":{"@context":"https:\/\/schema.org","@graph":[{"@type":"WebPage","@id":"https:\/\/www.humangenetik-umg.de\/en\/institute\/contact-location\/","url":"https:\/\/www.humangenetik-umg.de\/en\/institute\/contact-location\/","name":"Contact & Location - Institut f\u00fcr Humangenetik","isPartOf":{"@id":"https:\/\/www.humangenetik-umg.de\/en\/#website"},"datePublished":"2016-07-25T20:08:13+00:00","dateModified":"2022-04-11T10:54:54+00:00","breadcrumb":{"@id":"https:\/\/www.humangenetik-umg.de\/en\/institute\/contact-location\/#breadcrumb"},"inLanguage":"en-US","potentialAction":[{"@type":"ReadAction","target":["https:\/\/www.humangenetik-umg.de\/en\/institute\/contact-location\/"]}]},{"@type":"BreadcrumbList","@id":"https:\/\/www.humangenetik-umg.de\/en\/institute\/contact-location\/#breadcrumb","itemListElement":[{"@type":"ListItem","position":1,"name":"Home","item":"https:\/\/www.humangenetik-umg.de\/en\/"},{"@type":"ListItem","position":2,"name":"Institute","item":"https:\/\/www.humangenetik-umg.de\/en\/institute\/"},{"@type":"ListItem","position":3,"name":"Contact &#038; Location"}]},{"@type":"WebSite","@id":"https:\/\/www.humangenetik-umg.de\/en\/#website","url":"https:\/\/www.humangenetik-umg.de\/en\/","name":"Institut f\u00fcr Humangenetik","description":"Institut f\u00fcr Humangenetik der Universit\u00e4tsmedizin G\u00f6ttingen","potentialAction":[{"@type":"SearchAction","target":{"@type":"EntryPoint","urlTemplate":"https:\/\/www.humangenetik-umg.de\/en\/?s={search_term_string}"},"query-input":{"@type":"PropertyValueSpecification","valueRequired":true,"valueName":"search_term_string"}}],"inLanguage":"en-US"}]}},"_links":{"self":[{"href":"https:\/\/www.humangenetik-umg.de\/en\/wp-json\/wp\/v2\/pages\/7792","targetHints":{"allow":["GET"]}}],"collection":[{"href":"https:\/\/www.humangenetik-umg.de\/en\/wp-json\/wp\/v2\/pages"}],"about":[{"href":"https:\/\/www.humangenetik-umg.de\/en\/wp-json\/wp\/v2\/types\/page"}],"author":[{"embeddable":true,"href":"https:\/\/www.humangenetik-umg.de\/en\/wp-json\/wp\/v2\/users\/1"}],"replies":[{"embeddable":true,"href":"https:\/\/www.humangenetik-umg.de\/en\/wp-json\/wp\/v2\/comments?post=7792"}],"version-history":[{"count":0,"href":"https:\/\/www.humangenetik-umg.de\/en\/wp-json\/wp\/v2\/pages\/7792\/revisions"}],"up":[{"embeddable":true,"href":"https:\/\/www.humangenetik-umg.de\/en\/wp-json\/wp\/v2\/pages\/7132"}],"wp:attachment":[{"href":"https:\/\/www.humangenetik-umg.de\/en\/wp-json\/wp\/v2\/media?parent=7792"}],"curies":[{"name":"wp","href":"https:\/\/api.w.org\/{rel}","templated":true}]}}