{"id":7912,"date":"2016-03-24T10:14:06","date_gmt":"2016-03-24T09:14:06","guid":{"rendered":"https:\/\/www.humangenetik-umg.de\/en\/genetic-testing\/zytogenetische-diagnostik\/"},"modified":"2024-10-10T14:25:09","modified_gmt":"2024-10-10T12:25:09","slug":"cytogenetics","status":"publish","type":"page","link":"https:\/\/www.humangenetik-umg.de\/en\/genetic-testing\/cytogenetics\/","title":{"rendered":"Cytogenetics"},"content":{"rendered":"<div class=\"wpb-content-wrapper\">[mk_page_section bg_image=&#8221;https:\/\/www.humangenetik-umg.de\/wp-content\/uploads\/2016\/03\/LHA98622-Beratung-1900.jpg&#8221; bg_position=&#8221;center center&#8221; bg_repeat=&#8221;no-repeat&#8221; bg_stretch=&#8221;true&#8221; min_height=&#8221;500&#8243; full_width=&#8221;true&#8221; section_id=&#8221;header-bild&#8221; sidebar=&#8221;sidebar-1&#8243;][vc_column][\/vc_column][\/mk_page_section][mk_page_section sidebar=&#8221;sidebar-1&#8243;][vc_column][vc_empty_space height=&#8221;50px&#8221;][vc_column_text align=&#8221;center&#8221;]\n<h1 style=\"text-align: center;\"><span style=\"color: #65dafd;\">Cytogenetics<\/span><\/h1>\n[\/vc_column_text][vc_empty_space height=&#8221;15px&#8221;][vc_row_inner is_fullwidth_content=&#8221;false&#8221;][vc_column_inner][vc_column_text css=&#8221;.vc_custom_1535095981922{margin-bottom: 0px !important;}&#8221;]In classical cytogenetic diagnostics, we investigate chromosomes under the light microscope to detect anomalies affecting their number (aneuploidies) or their structure (e.g. inversions, translocations, duplications or deletions). This conventional method of chromosome analysis continues to be an important diagnostic procedure for example in patients with a history of multiple miscarriages, infertility, psychomotoric developmental delay and others and is applied for prenatal or postnatal testing.<\/p>\n<p>We also offer additional molecular cytogenetic analysis (FISH) for example in patients with suspected mosaicism (also using buccal swabs) and in patients with suspected DiGeorge syndrome or Williams-Beuren syndrome. If you are interested in these additional diagnostic tests, please contact us at <a href=\"tel:+495513967596\">+49-551-39-67596<\/a>.[\/vc_column_text][\/vc_column_inner][\/vc_row_inner][\/vc_column][\/mk_page_section][vc_row fullwidth=&#8221;true&#8221; fullwidth_content=&#8221;false&#8221; css=&#8221;.vc_custom_1476443647979{border-top-width: 0px !important;border-right-width: 0px !important;border-bottom-width: 0px !important;background-color: #65dafd !important;border-right-color: #ffffff !important;border-right-style: solid !important;border-top-color: #ffffff !important;border-top-style: solid !important;border-bottom-color: #ffffff !important;border-bottom-style: solid !important;}&#8221; el_class=&#8221;ankernavigation-light&#8221;][vc_column width=&#8221;1\/3&#8243; el_class=&#8221;anker-first&#8221;][mk_fancy_title color=&#8221;#ffffff&#8221; size=&#8221;30&#8243; margin_top=&#8221;29&#8243; font_family=&#8221;none&#8221; align=&#8221;center&#8221;]<a href=\"#Prenatal-karyotyping\">Prenatal Karyotyping and Rapid Test<\/a>[\/mk_fancy_title][\/vc_column][vc_column width=&#8221;1\/3&#8243; el_class=&#8221;anker-middle&#8221;][mk_fancy_title color=&#8221;#ffffff&#8221; size=&#8221;30&#8243; margin_top=&#8221;30&#8243; margin_bottom=&#8221;19&#8243; font_family=&#8221;none&#8221; align=&#8221;center&#8221;]<a href=\"#postnatal-karyotyping\">Post\u00adnatal Karyotyping<\/a>[\/mk_fancy_title][\/vc_column][vc_column width=&#8221;1\/3&#8243; el_class=&#8221;anker-last&#8221;][mk_fancy_title color=&#8221;#ffffff&#8221; size=&#8221;30&#8243; margin_top=&#8221;28&#8243; font_family=&#8221;none&#8221; align=&#8221;center&#8221;]<a href=\"\/en\/genetic-testing\/forms-sample-submission\">Forms &amp; Sample Submission<\/a>[\/mk_fancy_title][\/vc_column][\/vc_row][mk_page_section min_height=&#8221;0&#8243; padding_top=&#8221;0&#8243; padding_bottom=&#8221;0&#8243; section_id=&#8221;Pr\u00e4natale-Chromosomenanalyse-und-Interphase-FISH-Test&#8221; sidebar=&#8221;sidebar-1&#8243;][vc_column][mk_padding_divider size=&#8221;120&#8243; visibility=&#8221;hidden-sm&#8221;][mk_padding_divider size=&#8221;100&#8243; visibility=&#8221;visible-sm&#8221;][\/vc_column][\/mk_page_section][mk_page_section section_id=&#8221;Prenatal-karyotyping&#8221; sidebar=&#8221;bb_sidemenu_widget&#8221;][vc_column width=&#8221;1\/3&#8243;][vc_row_inner][vc_column_inner][vc_empty_space][vc_empty_space][mk_image src=&#8221;https:\/\/www.humangenetik-umg.de\/wp-content\/uploads\/2016\/07\/contentbilder-zytogen-diagnostik-490&#215;846.jpg&#8221; image_size=&#8221;full&#8221; margin_bottom=&#8221;0&#8243;][vc_empty_space][mk_image src=&#8221;https:\/\/www.humangenetik-umg.de\/wp-content\/uploads\/2015\/12\/blau-175&#215;175.jpg&#8221; image_size=&#8221;full&#8221; align=&#8221;right&#8221; visibility=&#8221;hidden-sm&#8221; el_class=&#8221;padding30t&#8221;][\/vc_column_inner][\/vc_row_inner][\/vc_column][vc_column width=&#8221;2\/3&#8243;][vc_row_inner][vc_column_inner][vc_column_text el_class=&#8221;titlebox diagnostik-01&#8243; css=&#8221;.vc_custom_1613726464119{margin-bottom: 0px !important;}&#8221;]\n<h2>Prenatal Karyotyping and Rapid Test<\/h2>\n[\/vc_column_text][mk_padding_divider size=&#8221;25&#8243; visibility=&#8221;visible-sm&#8221;][mk_padding_divider visibility=&#8221;hidden-sm&#8221;][vc_column_text el_class=&#8221;padding25lr&#8221; css=&#8221;.vc_custom_1613726474235{margin-bottom: 0px !important;}&#8221;]\n<h4>On amniotic fluid cells after amniocentesis:<\/h4>\n<p>We accept 10 to 15 ml of amniotic fluid collected under sterile conditions for analysis. On each sample, a fluorescence in-situ hybridization (FISH) test will be performed and \u03b1-fetoprotein (AFP) will be determined.<\/p>\n<p>The result from the rapid test (numerical analysis of chromosomes 13, 18, 21, X and Y by FISH) can generally be supplied within 1 to 2 days, detailed karyotyping (numerical and structural) will take 9 to 14 days.[\/vc_column_text][vc_column_text el_class=&#8221;padding25lr&#8221; css=&#8221;.vc_custom_1613726482331{margin-bottom: 0px !important;}&#8221;]\n<h4>On chorionic villi after chorionic villi sampling (CVS):<\/h4>\n<p>We need 15 to 20 mg of chorionic villi tissue for chromosome analysis or 30 to 40 mg of tissue for molecular genetic testing.<\/p>\n<p>The result of chromosome analysis from short-term culture is usually supplied within 24 hours and the result of long-term culture after about two weeks.[\/vc_column_text][\/vc_column_inner][\/vc_row_inner][vc_row_inner][vc_column_inner width=&#8221;1\/6&#8243;][\/vc_column_inner][vc_column_inner width=&#8221;1\/6&#8243;][\/vc_column_inner][vc_column_inner width=&#8221;1\/6&#8243;][\/vc_column_inner][vc_column_inner width=&#8221;1\/6&#8243;][\/vc_column_inner][vc_column_inner width=&#8221;1\/6&#8243;][\/vc_column_inner][vc_column_inner width=&#8221;1\/6&#8243;][\/vc_column_inner][\/vc_row_inner][\/vc_column][\/mk_page_section][mk_page_section][vc_column][vc_empty_space height=&#8221;100px&#8221; el_class=&#8221;v-spacer-100&#8243;][\/vc_column][\/mk_page_section][mk_page_section section_id=&#8221;postnatal-karyotyping&#8221; sidebar=&#8221;bb_sidemenu_widget&#8221;][vc_column width=&#8221;2\/3&#8243;][vc_row_inner][vc_column_inner][vc_column_text el_class=&#8221;titlebox diagnostik-01&#8243; css=&#8221;.vc_custom_1613726491081{margin-bottom: 0px !important;}&#8221;]\n<h2>Postnatal Karyotyping<\/h2>\n[\/vc_column_text][mk_padding_divider visibility=&#8221;hidden-sm&#8221;][mk_padding_divider size=&#8221;25&#8243; visibility=&#8221;visible-sm&#8221;][vc_column_text el_class=&#8221;padding25lr&#8221; css=&#8221;.vc_custom_1613726499529{margin-bottom: 0px !important;}&#8221;]\n<h4>On peripheral blood lymphocytes:<\/h4>\n<p>For the analysis, 2 to 10 ml whole blood should be collected under sterile conditions into lithium-heparin tubes and should be gently mixed.<\/p>\n<p>Culture establishment and analysis take 2 to 3 weeks, in urgent cases 5 to 9 days.[\/vc_column_text][vc_column_text el_class=&#8221;padding25lr&#8221; css=&#8221;.vc_custom_1613726506388{margin-bottom: 0px !important;}&#8221;]\n<h4>On skin and tissue samples:<\/h4>\n<p>We can utilize skin biopsies, small tissue samples (1 qcm) or umbilical cord to grow fibroblast cultures for karyotyping. Upon collection under sterile conditions, the unfixed samples should be transported in sterile saline solution or special medium.<\/p>\n<p>The result of karyotyping will be supplied within about 4 weeks after receipt of samples.[\/vc_column_text][\/vc_column_inner][\/vc_row_inner][vc_row_inner][vc_column_inner width=&#8221;1\/6&#8243;][\/vc_column_inner][vc_column_inner width=&#8221;1\/6&#8243;][\/vc_column_inner][vc_column_inner width=&#8221;1\/6&#8243;][\/vc_column_inner][vc_column_inner width=&#8221;1\/6&#8243;][\/vc_column_inner][vc_column_inner width=&#8221;1\/6&#8243;][\/vc_column_inner][vc_column_inner width=&#8221;1\/6&#8243;][\/vc_column_inner][\/vc_row_inner][\/vc_column][vc_column width=&#8221;1\/3&#8243;][vc_row_inner][vc_column_inner][vc_empty_space][vc_empty_space][mk_image src=&#8221;https:\/\/www.humangenetik-umg.de\/wp-content\/uploads\/2015\/12\/left.jpg&#8221; image_size=&#8221;full&#8221; margin_bottom=&#8221;0&#8243;][vc_empty_space][mk_image src=&#8221;https:\/\/www.humangenetik-umg.de\/wp-content\/uploads\/2016\/07\/180&#215;287.jpg&#8221; image_size=&#8221;full&#8221; visibility=&#8221;hidden-sm&#8221; el_class=&#8221;padding30t&#8221;][\/vc_column_inner][\/vc_row_inner][\/vc_column][\/mk_page_section][mk_page_section][vc_column][mk_padding_divider size=&#8221;100&#8243; visibility=&#8221;hidden-sm&#8221;][mk_padding_divider size=&#8221;60&#8243; visibility=&#8221;visible-sm&#8221;][\/vc_column][\/mk_page_section][mk_page_section][vc_column][vc_empty_space height=&#8221;100px&#8221; el_class=&#8221;v-spacer-100&#8243;][\/vc_column][\/mk_page_section][mk_page_section sidebar=&#8221;sidebar-1&#8243;][vc_column width=&#8221;2\/3&#8243;][vc_row_inner][vc_column_inner][vc_column_text el_class=&#8221;titlebox diagnostik-03&#8243; css=&#8221;.vc_custom_1613726537755{margin-bottom: 0px !important;}&#8221;]\n<h2>Contact<\/h2>\n[\/vc_column_text][mk_padding_divider visibility=&#8221;hidden-sm&#8221;][mk_padding_divider size=&#8221;25&#8243; visibility=&#8221;visible-sm&#8221;][\/vc_column_inner][\/vc_row_inner][vc_row_inner][vc_column_inner width=&#8221;1\/2&#8243;][vc_column_text el_class=&#8221;padding25lr&#8221; css=&#8221;.vc_custom_1613726556778{margin-bottom: 0px !important;}&#8221;]\n<h4>Prof. Dr. rer. nat. Peter Burfeind<\/h4>\n[\/vc_column_text][\/vc_column_inner][vc_column_inner width=&#8221;1\/2&#8243;][vc_column_text el_class=&#8221;padding25lr&#8221; css=&#8221;.vc_custom_1613726564522{margin-bottom: 0px !important;}&#8221;]Tel.: <a href=\"tel: +495513967595\">+49-551-39-67595<\/a><br \/>\n<a href=\"mailto:peter.burfeind@med.uni-goettingen.de\">peter.burfeind@med.uni-goettingen.de<\/a>[\/vc_column_text][\/vc_column_inner][\/vc_row_inner][\/vc_column][vc_column width=&#8221;1\/3&#8243; offset=&#8221;vc_hidden-xs&#8221;][vc_row_inner][vc_column_inner][vc_empty_space][vc_empty_space][mk_image src=&#8221;https:\/\/www.humangenetik-umg.de\/wp-content\/uploads\/2016\/10\/diagnostik-03-287&#215;180.jpg&#8221; align=&#8221;right&#8221;][\/vc_column_inner][\/vc_row_inner][\/vc_column][\/mk_page_section][mk_page_section min_height=&#8221;0&#8243; padding_top=&#8221;0&#8243; padding_bottom=&#8221;0&#8243; sidebar=&#8221;sidebar-1&#8243;][vc_column][vc_empty_space height=&#8221;100px&#8221;][\/vc_column][\/mk_page_section]\n<\/div>","protected":false},"excerpt":{"rendered":"<p>[mk_page_section bg_image=&#8221;https:\/\/www.humangenetik-umg.de\/wp-content\/uploads\/2016\/03\/LHA98622-Beratung-1900.jpg&#8221; bg_position=&#8221;center center&#8221; bg_repeat=&#8221;no-repeat&#8221; bg_stretch=&#8221;true&#8221; min_height=&#8221;500&#8243; full_width=&#8221;true&#8221; section_id=&#8221;header-bild&#8221; sidebar=&#8221;sidebar-1&#8243;][vc_column][\/vc_column][\/mk_page_section][mk_page_section sidebar=&#8221;sidebar-1&#8243;][vc_column][vc_empty_space height=&#8221;50px&#8221;][vc_column_text align=&#8221;center&#8221;] Cytogenetics [\/vc_column_text][vc_empty_space height=&#8221;15px&#8221;][vc_row_inner is_fullwidth_content=&#8221;false&#8221;][vc_column_inner][vc_column_text css=&#8221;.vc_custom_1535095981922{margin-bottom: 0px !important;}&#8221;]In classical cytogenetic diagnostics, we investigate chromosomes under the light microscope to detect anomalies affecting their number (aneuploidies) or their structure (e.g. inversions, translocations, duplications or deletions). This conventional method of chromosome analysis continues to be [&hellip;]<\/p>\n","protected":false},"author":1,"featured_media":0,"parent":7667,"menu_order":3,"comment_status":"closed","ping_status":"closed","template":"","meta":{"footnotes":""},"class_list":["post-7912","page","type-page","status-publish","hentry"],"yoast_head":"<!-- This site is optimized with the Yoast SEO plugin v26.8 - https:\/\/yoast.com\/product\/yoast-seo-wordpress\/ -->\n<title>Cytogenetics - Institut f\u00fcr Humangenetik<\/title>\n<meta name=\"robots\" content=\"index, follow, max-snippet:-1, max-image-preview:large, max-video-preview:-1\" \/>\n<link rel=\"canonical\" href=\"https:\/\/www.humangenetik-umg.de\/en\/genetic-testing\/cytogenetics\/\" \/>\n<meta property=\"og:locale\" content=\"en_US\" \/>\n<meta property=\"og:type\" content=\"article\" \/>\n<meta property=\"og:title\" content=\"Cytogenetics - Institut f\u00fcr Humangenetik\" \/>\n<meta property=\"og:description\" content=\"[mk_page_section bg_image=&#8221;https:\/\/www.humangenetik-umg.de\/wp-content\/uploads\/2016\/03\/LHA98622-Beratung-1900.jpg&#8221; bg_position=&#8221;center center&#8221; bg_repeat=&#8221;no-repeat&#8221; bg_stretch=&#8221;true&#8221; min_height=&#8221;500&#8243; full_width=&#8221;true&#8221; section_id=&#8221;header-bild&#8221; sidebar=&#8221;sidebar-1&#8243;][vc_column][\/vc_column][\/mk_page_section][mk_page_section sidebar=&#8221;sidebar-1&#8243;][vc_column][vc_empty_space height=&#8221;50px&#8221;][vc_column_text align=&#8221;center&#8221;] Cytogenetics [\/vc_column_text][vc_empty_space height=&#8221;15px&#8221;][vc_row_inner is_fullwidth_content=&#8221;false&#8221;][vc_column_inner][vc_column_text css=&#8221;.vc_custom_1535095981922{margin-bottom: 0px !important;}&#8221;]In classical cytogenetic diagnostics, we investigate chromosomes under the light microscope to detect anomalies affecting their number (aneuploidies) or their structure (e.g. inversions, translocations, duplications or deletions). This conventional method of chromosome analysis continues to be [&hellip;]\" \/>\n<meta property=\"og:url\" content=\"https:\/\/www.humangenetik-umg.de\/en\/genetic-testing\/cytogenetics\/\" \/>\n<meta property=\"og:site_name\" content=\"Institut f\u00fcr Humangenetik\" \/>\n<meta property=\"article:modified_time\" content=\"2024-10-10T12:25:09+00:00\" \/>\n<meta name=\"twitter:card\" content=\"summary_large_image\" \/>\n<meta name=\"twitter:label1\" content=\"Est. reading time\" \/>\n\t<meta name=\"twitter:data1\" content=\"4 minutes\" \/>\n<script type=\"application\/ld+json\" class=\"yoast-schema-graph\">{\"@context\":\"https:\/\/schema.org\",\"@graph\":[{\"@type\":\"WebPage\",\"@id\":\"https:\/\/www.humangenetik-umg.de\/en\/genetic-testing\/cytogenetics\/\",\"url\":\"https:\/\/www.humangenetik-umg.de\/en\/genetic-testing\/cytogenetics\/\",\"name\":\"Cytogenetics - Institut f\u00fcr Humangenetik\",\"isPartOf\":{\"@id\":\"https:\/\/www.humangenetik-umg.de\/en\/#website\"},\"datePublished\":\"2016-03-24T09:14:06+00:00\",\"dateModified\":\"2024-10-10T12:25:09+00:00\",\"breadcrumb\":{\"@id\":\"https:\/\/www.humangenetik-umg.de\/en\/genetic-testing\/cytogenetics\/#breadcrumb\"},\"inLanguage\":\"en-US\",\"potentialAction\":[{\"@type\":\"ReadAction\",\"target\":[\"https:\/\/www.humangenetik-umg.de\/en\/genetic-testing\/cytogenetics\/\"]}]},{\"@type\":\"BreadcrumbList\",\"@id\":\"https:\/\/www.humangenetik-umg.de\/en\/genetic-testing\/cytogenetics\/#breadcrumb\",\"itemListElement\":[{\"@type\":\"ListItem\",\"position\":1,\"name\":\"Home\",\"item\":\"https:\/\/www.humangenetik-umg.de\/en\/\"},{\"@type\":\"ListItem\",\"position\":2,\"name\":\"Genetic Testing\",\"item\":\"https:\/\/www.humangenetik-umg.de\/en\/genetic-testing\/\"},{\"@type\":\"ListItem\",\"position\":3,\"name\":\"Cytogenetics\"}]},{\"@type\":\"WebSite\",\"@id\":\"https:\/\/www.humangenetik-umg.de\/en\/#website\",\"url\":\"https:\/\/www.humangenetik-umg.de\/en\/\",\"name\":\"Institut f\u00fcr Humangenetik\",\"description\":\"Institut f\u00fcr Humangenetik der Universit\u00e4tsmedizin G\u00f6ttingen\",\"potentialAction\":[{\"@type\":\"SearchAction\",\"target\":{\"@type\":\"EntryPoint\",\"urlTemplate\":\"https:\/\/www.humangenetik-umg.de\/en\/?s={search_term_string}\"},\"query-input\":{\"@type\":\"PropertyValueSpecification\",\"valueRequired\":true,\"valueName\":\"search_term_string\"}}],\"inLanguage\":\"en-US\"}]}<\/script>\n<!-- \/ Yoast SEO plugin. -->","yoast_head_json":{"title":"Cytogenetics - Institut f\u00fcr Humangenetik","robots":{"index":"index","follow":"follow","max-snippet":"max-snippet:-1","max-image-preview":"max-image-preview:large","max-video-preview":"max-video-preview:-1"},"canonical":"https:\/\/www.humangenetik-umg.de\/en\/genetic-testing\/cytogenetics\/","og_locale":"en_US","og_type":"article","og_title":"Cytogenetics - Institut f\u00fcr Humangenetik","og_description":"[mk_page_section bg_image=&#8221;https:\/\/www.humangenetik-umg.de\/wp-content\/uploads\/2016\/03\/LHA98622-Beratung-1900.jpg&#8221; bg_position=&#8221;center center&#8221; bg_repeat=&#8221;no-repeat&#8221; bg_stretch=&#8221;true&#8221; min_height=&#8221;500&#8243; full_width=&#8221;true&#8221; section_id=&#8221;header-bild&#8221; sidebar=&#8221;sidebar-1&#8243;][vc_column][\/vc_column][\/mk_page_section][mk_page_section sidebar=&#8221;sidebar-1&#8243;][vc_column][vc_empty_space height=&#8221;50px&#8221;][vc_column_text align=&#8221;center&#8221;] Cytogenetics [\/vc_column_text][vc_empty_space height=&#8221;15px&#8221;][vc_row_inner is_fullwidth_content=&#8221;false&#8221;][vc_column_inner][vc_column_text css=&#8221;.vc_custom_1535095981922{margin-bottom: 0px !important;}&#8221;]In classical cytogenetic diagnostics, we investigate chromosomes under the light microscope to detect anomalies affecting their number (aneuploidies) or their structure (e.g. inversions, translocations, duplications or deletions). This conventional method of chromosome analysis continues to be [&hellip;]","og_url":"https:\/\/www.humangenetik-umg.de\/en\/genetic-testing\/cytogenetics\/","og_site_name":"Institut f\u00fcr Humangenetik","article_modified_time":"2024-10-10T12:25:09+00:00","twitter_card":"summary_large_image","twitter_misc":{"Est. reading time":"4 minutes"},"schema":{"@context":"https:\/\/schema.org","@graph":[{"@type":"WebPage","@id":"https:\/\/www.humangenetik-umg.de\/en\/genetic-testing\/cytogenetics\/","url":"https:\/\/www.humangenetik-umg.de\/en\/genetic-testing\/cytogenetics\/","name":"Cytogenetics - Institut f\u00fcr Humangenetik","isPartOf":{"@id":"https:\/\/www.humangenetik-umg.de\/en\/#website"},"datePublished":"2016-03-24T09:14:06+00:00","dateModified":"2024-10-10T12:25:09+00:00","breadcrumb":{"@id":"https:\/\/www.humangenetik-umg.de\/en\/genetic-testing\/cytogenetics\/#breadcrumb"},"inLanguage":"en-US","potentialAction":[{"@type":"ReadAction","target":["https:\/\/www.humangenetik-umg.de\/en\/genetic-testing\/cytogenetics\/"]}]},{"@type":"BreadcrumbList","@id":"https:\/\/www.humangenetik-umg.de\/en\/genetic-testing\/cytogenetics\/#breadcrumb","itemListElement":[{"@type":"ListItem","position":1,"name":"Home","item":"https:\/\/www.humangenetik-umg.de\/en\/"},{"@type":"ListItem","position":2,"name":"Genetic Testing","item":"https:\/\/www.humangenetik-umg.de\/en\/genetic-testing\/"},{"@type":"ListItem","position":3,"name":"Cytogenetics"}]},{"@type":"WebSite","@id":"https:\/\/www.humangenetik-umg.de\/en\/#website","url":"https:\/\/www.humangenetik-umg.de\/en\/","name":"Institut f\u00fcr Humangenetik","description":"Institut f\u00fcr Humangenetik der Universit\u00e4tsmedizin G\u00f6ttingen","potentialAction":[{"@type":"SearchAction","target":{"@type":"EntryPoint","urlTemplate":"https:\/\/www.humangenetik-umg.de\/en\/?s={search_term_string}"},"query-input":{"@type":"PropertyValueSpecification","valueRequired":true,"valueName":"search_term_string"}}],"inLanguage":"en-US"}]}},"_links":{"self":[{"href":"https:\/\/www.humangenetik-umg.de\/en\/wp-json\/wp\/v2\/pages\/7912","targetHints":{"allow":["GET"]}}],"collection":[{"href":"https:\/\/www.humangenetik-umg.de\/en\/wp-json\/wp\/v2\/pages"}],"about":[{"href":"https:\/\/www.humangenetik-umg.de\/en\/wp-json\/wp\/v2\/types\/page"}],"author":[{"embeddable":true,"href":"https:\/\/www.humangenetik-umg.de\/en\/wp-json\/wp\/v2\/users\/1"}],"replies":[{"embeddable":true,"href":"https:\/\/www.humangenetik-umg.de\/en\/wp-json\/wp\/v2\/comments?post=7912"}],"version-history":[{"count":0,"href":"https:\/\/www.humangenetik-umg.de\/en\/wp-json\/wp\/v2\/pages\/7912\/revisions"}],"up":[{"embeddable":true,"href":"https:\/\/www.humangenetik-umg.de\/en\/wp-json\/wp\/v2\/pages\/7667"}],"wp:attachment":[{"href":"https:\/\/www.humangenetik-umg.de\/en\/wp-json\/wp\/v2\/media?parent=7912"}],"curies":[{"name":"wp","href":"https:\/\/api.w.org\/{rel}","templated":true}]}}