{"id":7915,"date":"2016-03-24T10:13:26","date_gmt":"2016-03-24T09:13:26","guid":{"rendered":"https:\/\/www.humangenetik-umg.de\/en\/genetic-testing\/molekularzytogenetische-diagnostik\/"},"modified":"2024-10-10T14:26:12","modified_gmt":"2024-10-10T12:26:12","slug":"molecular-cytogenetics","status":"publish","type":"page","link":"https:\/\/www.humangenetik-umg.de\/en\/genetic-testing\/molecular-cytogenetics\/","title":{"rendered":"Molecular Cytogenetics"},"content":{"rendered":"<div class=\"wpb-content-wrapper\">[mk_page_section bg_image=&#8221;https:\/\/www.humangenetik-umg.de\/wp-content\/uploads\/2016\/03\/LHA9970-molekularzytogenetik-1900.jpg&#8221; bg_position=&#8221;center center&#8221; bg_repeat=&#8221;no-repeat&#8221; bg_stretch=&#8221;true&#8221; min_height=&#8221;500&#8243; full_width=&#8221;true&#8221; section_id=&#8221;header-bild&#8221; sidebar=&#8221;sidebar-1&#8243;][vc_column][\/vc_column][\/mk_page_section][mk_page_section sidebar=&#8221;sidebar-1&#8243;][vc_column][vc_empty_space height=&#8221;50px&#8221;][vc_column_text align=&#8221;center&#8221;]\n<h1 style=\"text-align: center;\"><span style=\"color: #65dafd;\">Molecular Cytogenetics<br \/>\n<\/span><\/h1>\n[\/vc_column_text][vc_empty_space height=&#8221;15px&#8221;][vc_row_inner is_fullwidth_content=&#8221;false&#8221;][vc_column_inner][vc_column_text]High-resolution molecular cytogenetic methods detect structural chromosomal changes that are too small to be visible by light microscope in conventional karyotyping. We use array CGH (array-based comparative genomic hybridization) analysis to search on the whole-genome level for submicroscopic chromosome aberrations such as microdeletions or duplications.<\/p>\n<p>Array CGH is a high-resolution genomic hybridization technique that compares patient DNA with a pooled, sex-specific DNA sample from a control group. Our laboratory uses the Human Genome CGH Microarray Kit 180 K (Agilent Technologies, USA). The generated CGH data are read by the high-resolution Agilent Microarray Scanner and extracted by the Agilent Feature Extraction Software. For interpretation of the data we use the current Agilent Cytogenomic Software. The theoretical resolution of the array platform we use is about 20 Kb. The copy number variations detected by array CGH analysis are then checked against relevant genomic variant databases as for example the <a href=\"http:\/\/dbsearch.clinicalgenome.org\/search\/\" target=\"_blank\" rel=\"noopener noreferrer\">ISCA <\/a>database and the <a href=\"http:\/\/projects.tcag.ca\/variation\/\" target=\"_blank\" rel=\"noopener noreferrer\">Database of Genomic Variants<\/a>.[\/vc_column_text][vc_empty_space height=&#8221;50px&#8221;][\/vc_column_inner][\/vc_row_inner][\/vc_column][\/mk_page_section][vc_row fullwidth=&#8221;true&#8221; fullwidth_content=&#8221;false&#8221; css=&#8221;.vc_custom_1476441189270{border-top-width: 0px !important;border-right-width: 0px !important;border-bottom-width: 0px !important;background-color: #65dafd !important;border-right-color: #ffffff !important;border-right-style: solid !important;border-top-color: #ffffff !important;border-top-style: solid !important;border-bottom-color: #ffffff !important;border-bottom-style: solid !important;}&#8221; el_class=&#8221;ankernavigation-light&#8221;][vc_column width=&#8221;1\/2&#8243; css=&#8221;.vc_custom_1476441172773{border-right-width: 1px !important;border-left-width: 2px !important;border-left-color: #ffffff !important;border-left-style: solid !important;border-right-color: #ffffff !important;border-right-style: solid !important;}&#8221; el_class=&#8221;anker-first&#8221;][mk_fancy_title color=&#8221;#ffffff&#8221; size=&#8221;30&#8243; margin_top=&#8221;25&#8243; font_family=&#8221;none&#8221; align=&#8221;center&#8221;]<a href=\"#array-cgh\">Array CGH<\/a>[\/mk_fancy_title][\/vc_column][vc_column width=&#8221;1\/2&#8243; css=&#8221;.vc_custom_1476441158687{border-right-width: 2px !important;border-left-width: 1px !important;border-left-color: #ffffff !important;border-left-style: solid !important;border-right-color: #ffffff !important;border-right-style: solid !important;}&#8221; el_class=&#8221;anker-last&#8221;][mk_fancy_title color=&#8221;#ffffff&#8221; size=&#8221;30&#8243; margin_top=&#8221;28&#8243; font_family=&#8221;none&#8221; align=&#8221;center&#8221;]<a href=\"\/en\/genetic-testing\/forms-sample-submission\">Forms &amp; Sample Submission<\/a>[\/mk_fancy_title][\/vc_column][\/vc_row][mk_page_section min_height=&#8221;0&#8243; sidebar=&#8221;sidebar-1&#8243;][vc_column][mk_padding_divider size=&#8221;200&#8243; visibility=&#8221;hidden-sm&#8221;][mk_padding_divider visibility=&#8221;visible-sm&#8221;][\/vc_column][\/mk_page_section][mk_page_section section_id=&#8221;array-cgh&#8221; sidebar=&#8221;bb_sidemenu_widget&#8221;][vc_column width=&#8221;1\/3&#8243;][vc_row_inner][vc_column_inner][vc_empty_space][vc_empty_space][mk_image src=&#8221;https:\/\/www.humangenetik-umg.de\/wp-content\/uploads\/2016\/07\/contentbilder-molekularzytogen-diagnostik-490&#215;846.jpg&#8221; image_size=&#8221;full&#8221; margin_bottom=&#8221;0&#8243;][vc_empty_space][mk_image src=&#8221;https:\/\/www.humangenetik-umg.de\/wp-content\/uploads\/2016\/10\/diagnostik-01-175&#215;175.jpg&#8221; image_size=&#8221;full&#8221; align=&#8221;right&#8221; visibility=&#8221;hidden-sm&#8221; el_class=&#8221;padding30t&#8221;][\/vc_column_inner][\/vc_row_inner][\/vc_column][vc_column width=&#8221;2\/3&#8243;][vc_row_inner el_id=&#8221;array-CGH&#8221;][vc_column_inner][vc_column_text el_class=&#8221;titlebox diagnostik-01&#8243; css=&#8221;.vc_custom_1613725657947{margin-bottom: 0px !important;}&#8221;]\n<h2>Array CGH<\/h2>\n[\/vc_column_text][mk_padding_divider size=&#8221;25&#8243; visibility=&#8221;visible-sm&#8221;][mk_padding_divider visibility=&#8221;hidden-sm&#8221;][vc_column_text el_class=&#8221;padding25lr&#8221; css=&#8221;.vc_custom_1613725666049{margin-bottom: 0px !important;}&#8221;]Array CGH analysis is mostly applied to find the genetic cause in patients with mental retardation and\/or unclear retardation\/malformation syndromes.[\/vc_column_text][mk_custom_list icon_color=&#8221;#95c8d9&#8243; el_class=&#8221;custom-list padding25lr&#8221;]Specifically, it is used to diagnose patients with:<\/p>\n<ul>\n<li>isolated intellectual disability (IQ &lt;70)<\/li>\n<li>mental retardation in combination with dysmorphic features affecting at least two systems<\/li>\n<li>developmental disability of the group of autism spectrum disorders or a brain malformation or dysfunction of unknown etiology<\/li>\n<li>multiple congenital malformations<\/li>\n<li>multiple dysmorphic features<\/li>\n<\/ul>\n[\/mk_custom_list][vc_column_text el_class=&#8221;padding25lr&#8221; css=&#8221;.vc_custom_1613725688940{margin-bottom: 0px !important;}&#8221;]Please note: We will generally perform an array CGH analysis only in a patient who has had a karyotype that has not achieved a diagnosis.<\/p>\n<p>Turnaround time for array CGH analysis is 4 to 6 weeks.[\/vc_column_text][mk_custom_list style=&#8221;f15b&#8221; icon_color=&#8221;#006699&#8243; margin_bottom=&#8221;5&#8243; el_class=&#8221;custom-list padding25lr&#8221;]\n<ul>\n<li><a href=\"\/wp-content\/uploads\/2019\/10\/hg-umg-untersuchungsauftrag_dna-diagnostik.pdf\" target=\"_blank\" rel=\"noopener noreferrer\">Test requisition form (in German)<\/a><\/li>\n<\/ul>\n[\/mk_custom_list][\/vc_column_inner][\/vc_row_inner][\/vc_column][\/mk_page_section][mk_page_section min_height=&#8221;0&#8243; sidebar=&#8221;sidebar-1&#8243;][vc_column][mk_padding_divider size=&#8221;200&#8243; visibility=&#8221;hidden-sm&#8221;][mk_padding_divider visibility=&#8221;visible-sm&#8221;][\/vc_column][\/mk_page_section][mk_page_section sidebar=&#8221;sidebar-1&#8243;][vc_column width=&#8221;2\/3&#8243;][vc_row_inner][vc_column_inner][vc_column_text el_class=&#8221;titlebox diagnostik-02&#8243; css=&#8221;.vc_custom_1613725712149{margin-bottom: 0px !important;}&#8221;]\n<h2>Contact<\/h2>\n[\/vc_column_text][mk_padding_divider visibility=&#8221;hidden-sm&#8221;][mk_padding_divider size=&#8221;25&#8243; visibility=&#8221;visible-sm&#8221;][\/vc_column_inner][\/vc_row_inner][vc_row_inner][vc_column_inner width=&#8221;1\/2&#8243;][vc_column_text css=&#8221;.vc_custom_1613725722886{margin-bottom: 0px !important;}&#8221;]\n<h4>Prof. Dr. rer. nat.<br \/>\nPeter Burfeind<\/h4>\n[\/vc_column_text][\/vc_column_inner][vc_column_inner width=&#8221;1\/2&#8243;][vc_column_text css=&#8221;.vc_custom_1613725729780{margin-bottom: 0px !important;}&#8221;]Tel.: <a href=\"tel:+495513967595\">+49-551-39-67595<\/a><br \/>\n<a href=\"mailto:peter.burfeind@med.uni-goettingen.de\">peter.burfeind@med.uni-goettingen.de<\/a>[\/vc_column_text][\/vc_column_inner][\/vc_row_inner][\/vc_column][vc_column visibility=&#8221;hidden-sm&#8221; width=&#8221;1\/3&#8243; offset=&#8221;vc_hidden-xs&#8221;][vc_row_inner][vc_column_inner][vc_empty_space][vc_empty_space][mk_image src=&#8221;https:\/\/www.humangenetik-umg.de\/wp-content\/uploads\/2016\/10\/diagnostik-02-287&#215;180.jpg&#8221; align=&#8221;right&#8221;][\/vc_column_inner][\/vc_row_inner][\/vc_column][\/mk_page_section][vc_row][vc_column][vc_empty_space height=&#8221;100px&#8221;][\/vc_column][\/vc_row]\n<\/div>","protected":false},"excerpt":{"rendered":"<p>[mk_page_section bg_image=&#8221;https:\/\/www.humangenetik-umg.de\/wp-content\/uploads\/2016\/03\/LHA9970-molekularzytogenetik-1900.jpg&#8221; bg_position=&#8221;center center&#8221; bg_repeat=&#8221;no-repeat&#8221; bg_stretch=&#8221;true&#8221; min_height=&#8221;500&#8243; full_width=&#8221;true&#8221; section_id=&#8221;header-bild&#8221; sidebar=&#8221;sidebar-1&#8243;][vc_column][\/vc_column][\/mk_page_section][mk_page_section sidebar=&#8221;sidebar-1&#8243;][vc_column][vc_empty_space height=&#8221;50px&#8221;][vc_column_text align=&#8221;center&#8221;] Molecular Cytogenetics [\/vc_column_text][vc_empty_space height=&#8221;15px&#8221;][vc_row_inner is_fullwidth_content=&#8221;false&#8221;][vc_column_inner][vc_column_text]High-resolution molecular cytogenetic methods detect structural chromosomal changes that are too small to be visible by light microscope in conventional karyotyping. We use array CGH (array-based comparative genomic hybridization) analysis to search on the whole-genome level for submicroscopic [&hellip;]<\/p>\n","protected":false},"author":1,"featured_media":0,"parent":7667,"menu_order":2,"comment_status":"closed","ping_status":"closed","template":"","meta":{"footnotes":""},"class_list":["post-7915","page","type-page","status-publish","hentry"],"yoast_head":"<!-- This site is optimized with the Yoast SEO plugin v26.8 - https:\/\/yoast.com\/product\/yoast-seo-wordpress\/ -->\n<title>Molecular cytogenetics - Institute of Human Genetics G\u00f6ttingen<\/title>\n<meta name=\"description\" content=\"High-resolution molecular cytogenetic methods detect structural chromosomal changes that are too small to be visible by light microscope.\" \/>\n<meta name=\"robots\" content=\"index, follow, max-snippet:-1, max-image-preview:large, max-video-preview:-1\" \/>\n<link rel=\"canonical\" href=\"https:\/\/www.humangenetik-umg.de\/en\/genetic-testing\/molecular-cytogenetics\/\" \/>\n<meta property=\"og:locale\" content=\"en_US\" \/>\n<meta property=\"og:type\" content=\"article\" \/>\n<meta property=\"og:title\" content=\"Molecular cytogenetics - Institute of Human Genetics G\u00f6ttingen\" \/>\n<meta property=\"og:description\" content=\"High-resolution molecular cytogenetic methods detect structural chromosomal changes that are too small to be visible by light microscope.\" \/>\n<meta property=\"og:url\" content=\"https:\/\/www.humangenetik-umg.de\/en\/genetic-testing\/molecular-cytogenetics\/\" \/>\n<meta property=\"og:site_name\" content=\"Institut f\u00fcr Humangenetik\" \/>\n<meta property=\"article:modified_time\" content=\"2024-10-10T12:26:12+00:00\" \/>\n<meta name=\"twitter:card\" content=\"summary_large_image\" \/>\n<meta name=\"twitter:label1\" content=\"Est. reading time\" \/>\n\t<meta name=\"twitter:data1\" content=\"3 minutes\" \/>\n<script type=\"application\/ld+json\" class=\"yoast-schema-graph\">{\"@context\":\"https:\/\/schema.org\",\"@graph\":[{\"@type\":\"WebPage\",\"@id\":\"https:\/\/www.humangenetik-umg.de\/en\/genetic-testing\/molecular-cytogenetics\/\",\"url\":\"https:\/\/www.humangenetik-umg.de\/en\/genetic-testing\/molecular-cytogenetics\/\",\"name\":\"Molecular cytogenetics - Institute of Human Genetics G\u00f6ttingen\",\"isPartOf\":{\"@id\":\"https:\/\/www.humangenetik-umg.de\/en\/#website\"},\"datePublished\":\"2016-03-24T09:13:26+00:00\",\"dateModified\":\"2024-10-10T12:26:12+00:00\",\"description\":\"High-resolution molecular cytogenetic methods detect structural chromosomal changes that are too small to be visible by light microscope.\",\"breadcrumb\":{\"@id\":\"https:\/\/www.humangenetik-umg.de\/en\/genetic-testing\/molecular-cytogenetics\/#breadcrumb\"},\"inLanguage\":\"en-US\",\"potentialAction\":[{\"@type\":\"ReadAction\",\"target\":[\"https:\/\/www.humangenetik-umg.de\/en\/genetic-testing\/molecular-cytogenetics\/\"]}]},{\"@type\":\"BreadcrumbList\",\"@id\":\"https:\/\/www.humangenetik-umg.de\/en\/genetic-testing\/molecular-cytogenetics\/#breadcrumb\",\"itemListElement\":[{\"@type\":\"ListItem\",\"position\":1,\"name\":\"Home\",\"item\":\"https:\/\/www.humangenetik-umg.de\/en\/\"},{\"@type\":\"ListItem\",\"position\":2,\"name\":\"Genetic Testing\",\"item\":\"https:\/\/www.humangenetik-umg.de\/en\/genetic-testing\/\"},{\"@type\":\"ListItem\",\"position\":3,\"name\":\"Molecular Cytogenetics\"}]},{\"@type\":\"WebSite\",\"@id\":\"https:\/\/www.humangenetik-umg.de\/en\/#website\",\"url\":\"https:\/\/www.humangenetik-umg.de\/en\/\",\"name\":\"Institut f\u00fcr Humangenetik\",\"description\":\"Institut f\u00fcr Humangenetik der Universit\u00e4tsmedizin G\u00f6ttingen\",\"potentialAction\":[{\"@type\":\"SearchAction\",\"target\":{\"@type\":\"EntryPoint\",\"urlTemplate\":\"https:\/\/www.humangenetik-umg.de\/en\/?s={search_term_string}\"},\"query-input\":{\"@type\":\"PropertyValueSpecification\",\"valueRequired\":true,\"valueName\":\"search_term_string\"}}],\"inLanguage\":\"en-US\"}]}<\/script>\n<!-- \/ Yoast SEO plugin. -->","yoast_head_json":{"title":"Molecular cytogenetics - Institute of Human Genetics G\u00f6ttingen","description":"High-resolution molecular cytogenetic methods detect structural chromosomal changes that are too small to be visible by light microscope.","robots":{"index":"index","follow":"follow","max-snippet":"max-snippet:-1","max-image-preview":"max-image-preview:large","max-video-preview":"max-video-preview:-1"},"canonical":"https:\/\/www.humangenetik-umg.de\/en\/genetic-testing\/molecular-cytogenetics\/","og_locale":"en_US","og_type":"article","og_title":"Molecular cytogenetics - Institute of Human Genetics G\u00f6ttingen","og_description":"High-resolution molecular cytogenetic methods detect structural chromosomal changes that are too small to be visible by light microscope.","og_url":"https:\/\/www.humangenetik-umg.de\/en\/genetic-testing\/molecular-cytogenetics\/","og_site_name":"Institut f\u00fcr Humangenetik","article_modified_time":"2024-10-10T12:26:12+00:00","twitter_card":"summary_large_image","twitter_misc":{"Est. reading time":"3 minutes"},"schema":{"@context":"https:\/\/schema.org","@graph":[{"@type":"WebPage","@id":"https:\/\/www.humangenetik-umg.de\/en\/genetic-testing\/molecular-cytogenetics\/","url":"https:\/\/www.humangenetik-umg.de\/en\/genetic-testing\/molecular-cytogenetics\/","name":"Molecular cytogenetics - Institute of Human Genetics G\u00f6ttingen","isPartOf":{"@id":"https:\/\/www.humangenetik-umg.de\/en\/#website"},"datePublished":"2016-03-24T09:13:26+00:00","dateModified":"2024-10-10T12:26:12+00:00","description":"High-resolution molecular cytogenetic methods detect structural chromosomal changes that are too small to be visible by light microscope.","breadcrumb":{"@id":"https:\/\/www.humangenetik-umg.de\/en\/genetic-testing\/molecular-cytogenetics\/#breadcrumb"},"inLanguage":"en-US","potentialAction":[{"@type":"ReadAction","target":["https:\/\/www.humangenetik-umg.de\/en\/genetic-testing\/molecular-cytogenetics\/"]}]},{"@type":"BreadcrumbList","@id":"https:\/\/www.humangenetik-umg.de\/en\/genetic-testing\/molecular-cytogenetics\/#breadcrumb","itemListElement":[{"@type":"ListItem","position":1,"name":"Home","item":"https:\/\/www.humangenetik-umg.de\/en\/"},{"@type":"ListItem","position":2,"name":"Genetic Testing","item":"https:\/\/www.humangenetik-umg.de\/en\/genetic-testing\/"},{"@type":"ListItem","position":3,"name":"Molecular Cytogenetics"}]},{"@type":"WebSite","@id":"https:\/\/www.humangenetik-umg.de\/en\/#website","url":"https:\/\/www.humangenetik-umg.de\/en\/","name":"Institut f\u00fcr Humangenetik","description":"Institut f\u00fcr Humangenetik der Universit\u00e4tsmedizin G\u00f6ttingen","potentialAction":[{"@type":"SearchAction","target":{"@type":"EntryPoint","urlTemplate":"https:\/\/www.humangenetik-umg.de\/en\/?s={search_term_string}"},"query-input":{"@type":"PropertyValueSpecification","valueRequired":true,"valueName":"search_term_string"}}],"inLanguage":"en-US"}]}},"_links":{"self":[{"href":"https:\/\/www.humangenetik-umg.de\/en\/wp-json\/wp\/v2\/pages\/7915","targetHints":{"allow":["GET"]}}],"collection":[{"href":"https:\/\/www.humangenetik-umg.de\/en\/wp-json\/wp\/v2\/pages"}],"about":[{"href":"https:\/\/www.humangenetik-umg.de\/en\/wp-json\/wp\/v2\/types\/page"}],"author":[{"embeddable":true,"href":"https:\/\/www.humangenetik-umg.de\/en\/wp-json\/wp\/v2\/users\/1"}],"replies":[{"embeddable":true,"href":"https:\/\/www.humangenetik-umg.de\/en\/wp-json\/wp\/v2\/comments?post=7915"}],"version-history":[{"count":0,"href":"https:\/\/www.humangenetik-umg.de\/en\/wp-json\/wp\/v2\/pages\/7915\/revisions"}],"up":[{"embeddable":true,"href":"https:\/\/www.humangenetik-umg.de\/en\/wp-json\/wp\/v2\/pages\/7667"}],"wp:attachment":[{"href":"https:\/\/www.humangenetik-umg.de\/en\/wp-json\/wp\/v2\/media?parent=7915"}],"curies":[{"name":"wp","href":"https:\/\/api.w.org\/{rel}","templated":true}]}}