{"id":7919,"date":"2016-10-12T12:10:21","date_gmt":"2016-10-12T10:10:21","guid":{"rendered":"https:\/\/www.humangenetik-umg.de\/en\/formulare-probeneinsendung\/"},"modified":"2025-11-04T09:47:13","modified_gmt":"2025-11-04T08:47:13","slug":"forms-sample-submission","status":"publish","type":"page","link":"https:\/\/www.humangenetik-umg.de\/en\/genetic-testing\/forms-sample-submission\/","title":{"rendered":"Forms &#038; Sample Submission"},"content":{"rendered":"<div class=\"wpb-content-wrapper\">[mk_page_section sidebar=&#8221;sidebar-1&#8243;][vc_column][vc_empty_space height=&#8221;50px&#8221;][vc_column_text]\n<h1 style=\"text-align: center;\"><span style=\"color: #65dafd;\">Forms &amp;<br \/>\nSample Submission<\/span><\/h1>\n[\/vc_column_text][vc_empty_space height=&#8221;50px&#8221;][\/vc_column][\/mk_page_section][mk_page_section][vc_column][vc_empty_space height=&#8221;30&#8243;][vc_column_text el_class=&#8221;titlebox diagnostik-01&#8243; css=&#8221;.vc_custom_1613726648809{margin-bottom: 0px !important;}&#8221;]\n<h2>Forms<\/h2>\n[\/vc_column_text][vc_empty_space height=&#8221;30px&#8221;][vc_row_inner is_fullwidth_content=&#8221;false&#8221;][vc_column_inner][mk_custom_list style=&#8221;f15b&#8221; icon_color=&#8221;#006699&#8243; margin_bottom=&#8221;5&#8243; el_class=&#8221;custom-list&#8221;]\n<h3>Test requisition forms<\/h3>\n[\/mk_custom_list][vc_column_text]Please see our <a href=\"\/diagnostik\/formulare-probeneinsendung\/\" target=\"_blank\" rel=\"noopener noreferrer\">test requisition forms<\/a> in German.[\/vc_column_text][\/vc_column_inner][\/vc_row_inner][vc_row_inner is_fullwidth_content=&#8221;false&#8221;][vc_column_inner][mk_custom_list style=&#8221;f15b&#8221; icon_color=&#8221;#006699&#8243; margin_bottom=&#8221;5&#8243; el_class=&#8221;custom-list&#8221;]\n<h3>Informed consent<\/h3>\n[\/mk_custom_list][\/vc_column_inner][\/vc_row_inner][vc_row_inner is_fullwidth_content=&#8221;false&#8221;][vc_column_inner width=&#8221;1\/3&#8243;][mk_custom_list style=&#8221;f1c1&#8243; icon_color=&#8221;#65dafd&#8221; el_class=&#8221;custom-list&#8221;]\n<ul>\n<li><a style=\"text-decoration: none;\" href=\"https:\/\/www.humangenetik-umg.de\/wp-content\/uploads\/2025\/11\/consent_genetic-testing_gendg.pdf\" target=\"_blank\" rel=\"noopener noreferrer\"><span style=\"color: #000000;\">Informed consent form<\/span><\/a><\/li>\n<\/ul>\n[\/mk_custom_list][\/vc_column_inner][vc_column_inner width=&#8221;1\/3&#8243;][\/vc_column_inner][vc_column_inner width=&#8221;1\/3&#8243;][\/vc_column_inner][\/vc_row_inner][\/vc_column][\/mk_page_section][mk_page_section][vc_column][vc_column_text el_class=&#8221;titlebox diagnostik-01&#8243; css=&#8221;.vc_custom_1613726670459{margin-bottom: 0px !important;}&#8221;]\n<h2>Specimens<\/h2>\n[\/vc_column_text][vc_empty_space height=&#8221;30px&#8221;][vc_row_inner is_fullwidth_content=&#8221;false&#8221;][vc_column_inner][mk_custom_list icon_color=&#8221;#65dafd&#8221; el_class=&#8221;custom-list&#8221;]\n<h3>Molecular genetics and molecular cytogenetics<\/h3>\n<ul>\n<li>EDTA blood<br \/>\n(7 ml; for newborns and infants 1 ml, please contact us)<\/li>\n<li>DNA<br \/>\n(min. 2 \u00b5g; concentration &gt;50 ng\/\u00b5l)<\/li>\n<\/ul>\n[\/mk_custom_list][\/vc_column_inner][\/vc_row_inner][vc_row_inner is_fullwidth_content=&#8221;false&#8221;][vc_column_inner][mk_custom_list icon_color=&#8221;#65dafd&#8221; el_class=&#8221;custom-list&#8221;]\n<h3>Prenatal karyotyping<\/h3>\n<ul>\n<li>Amniotic fluid (10 \u2013 15 ml)<\/li>\n<li>Chorionic villi (15 \u2013 20 mg)<\/li>\n<\/ul>\n[\/mk_custom_list][\/vc_column_inner][\/vc_row_inner][vc_row_inner is_fullwidth_content=&#8221;false&#8221;][vc_column_inner][mk_custom_list icon_color=&#8221;#65dafd&#8221; el_class=&#8221;custom-list&#8221;]\n<h3>Postnatal karyotyping<\/h3>\n<ul>\n<li>Heparin blood<br \/>\n(lithium-heparin, about 7 &#8211; 10 ml;<br \/>\nfor newborns and infants 2 \u2013 3 ml, please contact us)<\/li>\n<li>Skin biopsy\/tissue sample (about 1 qcm) in special transport medium or sterile saline solution<\/li>\n<\/ul>\n[\/mk_custom_list][\/vc_column_inner][\/vc_row_inner][vc_row_inner is_fullwidth_content=&#8221;false&#8221;][vc_column_inner][vc_column_text css=&#8221;.vc_custom_1630397999287{margin-bottom: 0px !important;}&#8221;][mk_font_icons icon=&#8221;mk-icon-pencil&#8221; color=&#8221;#65dafd&#8221; size=&#8221;large&#8221; padding_horizontal=&#8221;4&#8243; padding_vertical=&#8221;0&#8243; align=&#8221;none&#8221;][\/vc_column_text][\/vc_column_inner][\/vc_row_inner][vc_row_inner is_fullwidth_content=&#8221;false&#8221;][vc_column_inner][vc_column_text css=&#8221;.vc_custom_1630398197652{margin-bottom: 0px !important;}&#8221;]<strong>Please ensure that the samples are clearly and legibly labeled with the patient\u2019s name and date of birth and the date of sample collection.<\/strong><\/p>\n<p><strong>Patients need not be prepared for blood collection in any specific manner. Fasting is not required and blood sampling can take place at any time of day.<\/strong>[\/vc_column_text][\/vc_column_inner][\/vc_row_inner][\/vc_column][\/mk_page_section][mk_page_section][vc_column][vc_empty_space height=&#8221;30&#8243;][vc_column_text el_class=&#8221;titlebox diagnostik-01&#8243; css=&#8221;.vc_custom_1613726683090{margin-bottom: 0px !important;}&#8221;]\n<h2>Transport of samples<\/h2>\n[\/vc_column_text][vc_empty_space height=&#8221;30px&#8221;][vc_row_inner is_fullwidth_content=&#8221;false&#8221;][vc_column_inner][vc_column_text]Blood and DNA samples can be shipped at room temperature. For international requests and prenatal samples, we recommend to use a courier service.<\/p>\n<p><strong>Shipping address<\/strong><\/p>\n<p>Institute of Human Genetics<br \/>\nUniversity Medical Center G\u00f6ttingen<br \/>\nHeinrich-D\u00fcker-Weg 12<br \/>\n37073 G\u00f6ttingen<br \/>\nGermany[\/vc_column_text][\/vc_column_inner][\/vc_row_inner][vc_row_inner is_fullwidth_content=&#8221;false&#8221;][vc_column_inner][vc_column_text css=&#8221;.vc_custom_1630398131059{margin-bottom: 0px !important;}&#8221;][mk_font_icons icon=&#8221;mk-icon-exclamation&#8221; color=&#8221;#65dafd&#8221; size=&#8221;large&#8221; padding_right=&#8221;4&#8243; align=&#8221;none&#8221;][\/vc_column_text][\/vc_column_inner][\/vc_row_inner][vc_row_inner is_fullwidth_content=&#8221;false&#8221;][vc_column_inner][vc_column_text css=&#8221;.vc_custom_1630398115633{margin-bottom: 0px !important;}&#8221;]<strong>Please alert us before shipping any diagnostic samples from abroad and call us at <a href=\"tel: +495513967595\">+49-551-39-67595<\/a>.<\/strong>[\/vc_column_text][\/vc_column_inner][\/vc_row_inner][\/vc_column][\/mk_page_section][mk_page_section][vc_column][vc_empty_space height=&#8221;30&#8243;][vc_column_text el_class=&#8221;titlebox diagnostik-01&#8243; css=&#8221;.vc_custom_1613726692490{margin-bottom: 0px !important;}&#8221;]\n<h2>Turnaround time<\/h2>\n[\/vc_column_text][vc_empty_space height=&#8221;30px&#8221;][vc_row_inner is_fullwidth_content=&#8221;false&#8221;][vc_column_inner][mk_custom_list icon_color=&#8221;#65dafd&#8221; el_class=&#8221;custom-list&#8221;]\n<h3>Molecular genetics and molecular cytogenetics<\/h3>\n<ul>\n<li>4 to 6 weeks<\/li>\n<\/ul>\n[\/mk_custom_list][mk_custom_list icon_color=&#8221;#65dafd&#8221; el_class=&#8221;custom-list&#8221;]\n<h3>Post\u00adnatal karyotyping<\/h3>\n<ul>\n<li>on lymphocytes: 1 to 2 weeks<\/li>\n<li>on skin\/tissue samples: about 4 weeks<\/li>\n<\/ul>\n[\/mk_custom_list][mk_custom_list icon_color=&#8221;#65dafd&#8221; el_class=&#8221;custom-list&#8221;]\n<h3>Prenatal karyotyping<\/h3>\n<ul>\n<li>on amniotic fluid cells: FISH test 1 to 2 days, karyotyping 9 to 14 days<\/li>\n<li>on chorionic villi: short-time culture 24 h, long-term culture about 14 days<\/li>\n<\/ul>\n[\/mk_custom_list][\/vc_column_inner][\/vc_row_inner][\/vc_column][\/mk_page_section][mk_page_section][vc_column][vc_empty_space height=&#8221;30&#8243;][vc_column_text el_class=&#8221;titlebox diagnostik-01&#8243; css=&#8221;.vc_custom_1613726701737{margin-bottom: 0px !important;}&#8221;]\n<h2>Required documents<\/h2>\n[\/vc_column_text][vc_empty_space height=&#8221;30px&#8221;][vc_row_inner is_fullwidth_content=&#8221;false&#8221;][vc_column_inner][vc_column_text]For international requests, please send the following documents together with the appropriate samples. This ensures that we can immediately initiate the requested analysis.[\/vc_column_text][mk_custom_list icon_color=&#8221;#65dafd&#8221; el_class=&#8221;custom-list&#8221;]\n<ul>\n<li>Request for testing<\/li>\n<li>Informed consent<\/li>\n<li>Confirmation that the stated costs for the requested analysis will be borne by the requesting facility<\/li>\n<\/ul>\n[\/mk_custom_list][vc_column_text]For requests from within Germany, please see <a href=\"\/diagnostik\/formulare-probeneinsendung\/\">here<\/a> for more information on required documentation.[\/vc_column_text][\/vc_column_inner][\/vc_row_inner][vc_row_inner is_fullwidth_content=&#8221;false&#8221;][vc_column_inner][vc_column_text css=&#8221;.vc_custom_1630398131059{margin-bottom: 0px !important;}&#8221;][mk_font_icons icon=&#8221;mk-icon-exclamation&#8221; color=&#8221;#65dafd&#8221; size=&#8221;large&#8221; padding_right=&#8221;4&#8243; align=&#8221;none&#8221;][\/vc_column_text][\/vc_column_inner][\/vc_row_inner][vc_row_inner is_fullwidth_content=&#8221;false&#8221;][vc_column_inner][vc_column_text css=&#8221;.vc_custom_1630398299314{margin-bottom: 0px !important;}&#8221;]<strong>According to the German Genetic Diagnostics Act (<em>Gendiagnostikgesetz, GenDG<\/em>), we are not allowed to initiate genetic testing without the patient\u2019s written informed consent.<\/strong>[\/vc_column_text][\/vc_column_inner][\/vc_row_inner][\/vc_column][\/mk_page_section][mk_page_section][vc_column][vc_empty_space height=&#8221;30&#8243;][vc_column_text el_class=&#8221;titlebox diagnostik-01&#8243; css=&#8221;.vc_custom_1613726714978{margin-bottom: 0px !important;}&#8221;]\n<h2>Billing<\/h2>\n[\/vc_column_text][vc_empty_space height=&#8221;30px&#8221;][vc_column_text el_class=&#8221;padding25lr&#8221; css=&#8221;.vc_custom_1535032161251{margin-bottom: 0px !important;}&#8221;]For international requests, please contact us at <a href=\"tel: +495513969012\">+49-551-39-69012<\/a> or <a href=\"mailto:sabine.vogel2@med.uni-goettingen.de\">sabine.vogel2@med.uni-goettingen.de<\/a> for information on pricing and billing details.<\/p>\n<p>For requests from within Germany, please see all relevant details concerning document requirements and payment details in <a href=\"\/diagnostik\/formulare-probeneinsendung\/\">German<\/a>.[\/vc_column_text][\/vc_column][\/mk_page_section][mk_page_section min_height=&#8221;0&#8243; padding_top=&#8221;0&#8243; padding_bottom=&#8221;0&#8243; sidebar=&#8221;sidebar-1&#8243;][vc_column][vc_empty_space height=&#8221;100px&#8221;][\/vc_column][\/mk_page_section]\n<\/div>","protected":false},"excerpt":{"rendered":"<p>[mk_page_section sidebar=&#8221;sidebar-1&#8243;][vc_column][vc_empty_space height=&#8221;50px&#8221;][vc_column_text] Forms &amp; Sample Submission [\/vc_column_text][vc_empty_space height=&#8221;50px&#8221;][\/vc_column][\/mk_page_section][mk_page_section][vc_column][vc_empty_space height=&#8221;30&#8243;][vc_column_text el_class=&#8221;titlebox diagnostik-01&#8243; css=&#8221;.vc_custom_1613726648809{margin-bottom: 0px !important;}&#8221;] Forms [\/vc_column_text][vc_empty_space height=&#8221;30px&#8221;][vc_row_inner is_fullwidth_content=&#8221;false&#8221;][vc_column_inner][mk_custom_list style=&#8221;f15b&#8221; icon_color=&#8221;#006699&#8243; margin_bottom=&#8221;5&#8243; el_class=&#8221;custom-list&#8221;] Test requisition forms [\/mk_custom_list][vc_column_text]Please see our test requisition forms in German.[\/vc_column_text][\/vc_column_inner][\/vc_row_inner][vc_row_inner is_fullwidth_content=&#8221;false&#8221;][vc_column_inner][mk_custom_list style=&#8221;f15b&#8221; icon_color=&#8221;#006699&#8243; margin_bottom=&#8221;5&#8243; el_class=&#8221;custom-list&#8221;] Informed consent [\/mk_custom_list][\/vc_column_inner][\/vc_row_inner][vc_row_inner is_fullwidth_content=&#8221;false&#8221;][vc_column_inner width=&#8221;1\/3&#8243;][mk_custom_list style=&#8221;f1c1&#8243; icon_color=&#8221;#65dafd&#8221; el_class=&#8221;custom-list&#8221;] Informed consent form [\/mk_custom_list][\/vc_column_inner][vc_column_inner width=&#8221;1\/3&#8243;][\/vc_column_inner][vc_column_inner width=&#8221;1\/3&#8243;][\/vc_column_inner][\/vc_row_inner][\/vc_column][\/mk_page_section][mk_page_section][vc_column][vc_column_text el_class=&#8221;titlebox diagnostik-01&#8243; [&hellip;]<\/p>\n","protected":false},"author":1,"featured_media":0,"parent":7667,"menu_order":0,"comment_status":"closed","ping_status":"closed","template":"","meta":{"footnotes":""},"class_list":["post-7919","page","type-page","status-publish","hentry"],"yoast_head":"<!-- This site is optimized with the Yoast SEO plugin v26.8 - https:\/\/yoast.com\/product\/yoast-seo-wordpress\/ -->\n<title>Forms &amp; Sample Submission - Institut f\u00fcr Humangenetik<\/title>\n<meta name=\"robots\" content=\"index, follow, max-snippet:-1, max-image-preview:large, max-video-preview:-1\" \/>\n<link rel=\"canonical\" href=\"https:\/\/www.humangenetik-umg.de\/en\/genetic-testing\/forms-sample-submission\/\" \/>\n<meta property=\"og:locale\" content=\"en_US\" \/>\n<meta property=\"og:type\" content=\"article\" \/>\n<meta property=\"og:title\" content=\"Forms &amp; Sample Submission - Institut f\u00fcr Humangenetik\" \/>\n<meta property=\"og:description\" content=\"[mk_page_section sidebar=&#8221;sidebar-1&#8243;][vc_column][vc_empty_space height=&#8221;50px&#8221;][vc_column_text] Forms &amp; Sample Submission [\/vc_column_text][vc_empty_space height=&#8221;50px&#8221;][\/vc_column][\/mk_page_section][mk_page_section][vc_column][vc_empty_space height=&#8221;30&#8243;][vc_column_text el_class=&#8221;titlebox diagnostik-01&#8243; css=&#8221;.vc_custom_1613726648809{margin-bottom: 0px !important;}&#8221;] Forms [\/vc_column_text][vc_empty_space height=&#8221;30px&#8221;][vc_row_inner is_fullwidth_content=&#8221;false&#8221;][vc_column_inner][mk_custom_list style=&#8221;f15b&#8221; icon_color=&#8221;#006699&#8243; margin_bottom=&#8221;5&#8243; el_class=&#8221;custom-list&#8221;] Test requisition forms [\/mk_custom_list][vc_column_text]Please see our test requisition forms in German.[\/vc_column_text][\/vc_column_inner][\/vc_row_inner][vc_row_inner is_fullwidth_content=&#8221;false&#8221;][vc_column_inner][mk_custom_list style=&#8221;f15b&#8221; icon_color=&#8221;#006699&#8243; margin_bottom=&#8221;5&#8243; el_class=&#8221;custom-list&#8221;] Informed consent [\/mk_custom_list][\/vc_column_inner][\/vc_row_inner][vc_row_inner is_fullwidth_content=&#8221;false&#8221;][vc_column_inner width=&#8221;1\/3&#8243;][mk_custom_list style=&#8221;f1c1&#8243; icon_color=&#8221;#65dafd&#8221; el_class=&#8221;custom-list&#8221;] Informed consent form [\/mk_custom_list][\/vc_column_inner][vc_column_inner width=&#8221;1\/3&#8243;][\/vc_column_inner][vc_column_inner width=&#8221;1\/3&#8243;][\/vc_column_inner][\/vc_row_inner][\/vc_column][\/mk_page_section][mk_page_section][vc_column][vc_column_text el_class=&#8221;titlebox diagnostik-01&#8243; [&hellip;]\" \/>\n<meta property=\"og:url\" content=\"https:\/\/www.humangenetik-umg.de\/en\/genetic-testing\/forms-sample-submission\/\" \/>\n<meta property=\"og:site_name\" content=\"Institut f\u00fcr Humangenetik\" \/>\n<meta property=\"article:modified_time\" content=\"2025-11-04T08:47:13+00:00\" \/>\n<meta name=\"twitter:card\" content=\"summary_large_image\" \/>\n<meta name=\"twitter:label1\" content=\"Est. reading time\" \/>\n\t<meta name=\"twitter:data1\" content=\"3 minutes\" \/>\n<script type=\"application\/ld+json\" class=\"yoast-schema-graph\">{\"@context\":\"https:\/\/schema.org\",\"@graph\":[{\"@type\":\"WebPage\",\"@id\":\"https:\/\/www.humangenetik-umg.de\/en\/genetic-testing\/forms-sample-submission\/\",\"url\":\"https:\/\/www.humangenetik-umg.de\/en\/genetic-testing\/forms-sample-submission\/\",\"name\":\"Forms & Sample Submission - Institut f\u00fcr Humangenetik\",\"isPartOf\":{\"@id\":\"https:\/\/www.humangenetik-umg.de\/en\/#website\"},\"datePublished\":\"2016-10-12T10:10:21+00:00\",\"dateModified\":\"2025-11-04T08:47:13+00:00\",\"breadcrumb\":{\"@id\":\"https:\/\/www.humangenetik-umg.de\/en\/genetic-testing\/forms-sample-submission\/#breadcrumb\"},\"inLanguage\":\"en-US\",\"potentialAction\":[{\"@type\":\"ReadAction\",\"target\":[\"https:\/\/www.humangenetik-umg.de\/en\/genetic-testing\/forms-sample-submission\/\"]}]},{\"@type\":\"BreadcrumbList\",\"@id\":\"https:\/\/www.humangenetik-umg.de\/en\/genetic-testing\/forms-sample-submission\/#breadcrumb\",\"itemListElement\":[{\"@type\":\"ListItem\",\"position\":1,\"name\":\"Home\",\"item\":\"https:\/\/www.humangenetik-umg.de\/en\/\"},{\"@type\":\"ListItem\",\"position\":2,\"name\":\"Genetic Testing\",\"item\":\"https:\/\/www.humangenetik-umg.de\/en\/genetic-testing\/\"},{\"@type\":\"ListItem\",\"position\":3,\"name\":\"Forms &#038; Sample Submission\"}]},{\"@type\":\"WebSite\",\"@id\":\"https:\/\/www.humangenetik-umg.de\/en\/#website\",\"url\":\"https:\/\/www.humangenetik-umg.de\/en\/\",\"name\":\"Institut f\u00fcr Humangenetik\",\"description\":\"Institut f\u00fcr Humangenetik der Universit\u00e4tsmedizin G\u00f6ttingen\",\"potentialAction\":[{\"@type\":\"SearchAction\",\"target\":{\"@type\":\"EntryPoint\",\"urlTemplate\":\"https:\/\/www.humangenetik-umg.de\/en\/?s={search_term_string}\"},\"query-input\":{\"@type\":\"PropertyValueSpecification\",\"valueRequired\":true,\"valueName\":\"search_term_string\"}}],\"inLanguage\":\"en-US\"}]}<\/script>\n<!-- \/ Yoast SEO plugin. -->","yoast_head_json":{"title":"Forms & Sample Submission - Institut f\u00fcr Humangenetik","robots":{"index":"index","follow":"follow","max-snippet":"max-snippet:-1","max-image-preview":"max-image-preview:large","max-video-preview":"max-video-preview:-1"},"canonical":"https:\/\/www.humangenetik-umg.de\/en\/genetic-testing\/forms-sample-submission\/","og_locale":"en_US","og_type":"article","og_title":"Forms & Sample Submission - Institut f\u00fcr Humangenetik","og_description":"[mk_page_section sidebar=&#8221;sidebar-1&#8243;][vc_column][vc_empty_space height=&#8221;50px&#8221;][vc_column_text] Forms &amp; Sample Submission [\/vc_column_text][vc_empty_space height=&#8221;50px&#8221;][\/vc_column][\/mk_page_section][mk_page_section][vc_column][vc_empty_space height=&#8221;30&#8243;][vc_column_text el_class=&#8221;titlebox diagnostik-01&#8243; css=&#8221;.vc_custom_1613726648809{margin-bottom: 0px !important;}&#8221;] Forms [\/vc_column_text][vc_empty_space height=&#8221;30px&#8221;][vc_row_inner is_fullwidth_content=&#8221;false&#8221;][vc_column_inner][mk_custom_list style=&#8221;f15b&#8221; icon_color=&#8221;#006699&#8243; margin_bottom=&#8221;5&#8243; el_class=&#8221;custom-list&#8221;] Test requisition forms [\/mk_custom_list][vc_column_text]Please see our test requisition forms in German.[\/vc_column_text][\/vc_column_inner][\/vc_row_inner][vc_row_inner is_fullwidth_content=&#8221;false&#8221;][vc_column_inner][mk_custom_list style=&#8221;f15b&#8221; icon_color=&#8221;#006699&#8243; margin_bottom=&#8221;5&#8243; el_class=&#8221;custom-list&#8221;] Informed consent [\/mk_custom_list][\/vc_column_inner][\/vc_row_inner][vc_row_inner is_fullwidth_content=&#8221;false&#8221;][vc_column_inner width=&#8221;1\/3&#8243;][mk_custom_list style=&#8221;f1c1&#8243; icon_color=&#8221;#65dafd&#8221; el_class=&#8221;custom-list&#8221;] Informed consent form [\/mk_custom_list][\/vc_column_inner][vc_column_inner width=&#8221;1\/3&#8243;][\/vc_column_inner][vc_column_inner width=&#8221;1\/3&#8243;][\/vc_column_inner][\/vc_row_inner][\/vc_column][\/mk_page_section][mk_page_section][vc_column][vc_column_text el_class=&#8221;titlebox diagnostik-01&#8243; [&hellip;]","og_url":"https:\/\/www.humangenetik-umg.de\/en\/genetic-testing\/forms-sample-submission\/","og_site_name":"Institut f\u00fcr Humangenetik","article_modified_time":"2025-11-04T08:47:13+00:00","twitter_card":"summary_large_image","twitter_misc":{"Est. reading time":"3 minutes"},"schema":{"@context":"https:\/\/schema.org","@graph":[{"@type":"WebPage","@id":"https:\/\/www.humangenetik-umg.de\/en\/genetic-testing\/forms-sample-submission\/","url":"https:\/\/www.humangenetik-umg.de\/en\/genetic-testing\/forms-sample-submission\/","name":"Forms & Sample Submission - Institut f\u00fcr Humangenetik","isPartOf":{"@id":"https:\/\/www.humangenetik-umg.de\/en\/#website"},"datePublished":"2016-10-12T10:10:21+00:00","dateModified":"2025-11-04T08:47:13+00:00","breadcrumb":{"@id":"https:\/\/www.humangenetik-umg.de\/en\/genetic-testing\/forms-sample-submission\/#breadcrumb"},"inLanguage":"en-US","potentialAction":[{"@type":"ReadAction","target":["https:\/\/www.humangenetik-umg.de\/en\/genetic-testing\/forms-sample-submission\/"]}]},{"@type":"BreadcrumbList","@id":"https:\/\/www.humangenetik-umg.de\/en\/genetic-testing\/forms-sample-submission\/#breadcrumb","itemListElement":[{"@type":"ListItem","position":1,"name":"Home","item":"https:\/\/www.humangenetik-umg.de\/en\/"},{"@type":"ListItem","position":2,"name":"Genetic Testing","item":"https:\/\/www.humangenetik-umg.de\/en\/genetic-testing\/"},{"@type":"ListItem","position":3,"name":"Forms &#038; Sample Submission"}]},{"@type":"WebSite","@id":"https:\/\/www.humangenetik-umg.de\/en\/#website","url":"https:\/\/www.humangenetik-umg.de\/en\/","name":"Institut f\u00fcr Humangenetik","description":"Institut f\u00fcr Humangenetik der Universit\u00e4tsmedizin G\u00f6ttingen","potentialAction":[{"@type":"SearchAction","target":{"@type":"EntryPoint","urlTemplate":"https:\/\/www.humangenetik-umg.de\/en\/?s={search_term_string}"},"query-input":{"@type":"PropertyValueSpecification","valueRequired":true,"valueName":"search_term_string"}}],"inLanguage":"en-US"}]}},"_links":{"self":[{"href":"https:\/\/www.humangenetik-umg.de\/en\/wp-json\/wp\/v2\/pages\/7919","targetHints":{"allow":["GET"]}}],"collection":[{"href":"https:\/\/www.humangenetik-umg.de\/en\/wp-json\/wp\/v2\/pages"}],"about":[{"href":"https:\/\/www.humangenetik-umg.de\/en\/wp-json\/wp\/v2\/types\/page"}],"author":[{"embeddable":true,"href":"https:\/\/www.humangenetik-umg.de\/en\/wp-json\/wp\/v2\/users\/1"}],"replies":[{"embeddable":true,"href":"https:\/\/www.humangenetik-umg.de\/en\/wp-json\/wp\/v2\/comments?post=7919"}],"version-history":[{"count":0,"href":"https:\/\/www.humangenetik-umg.de\/en\/wp-json\/wp\/v2\/pages\/7919\/revisions"}],"up":[{"embeddable":true,"href":"https:\/\/www.humangenetik-umg.de\/en\/wp-json\/wp\/v2\/pages\/7667"}],"wp:attachment":[{"href":"https:\/\/www.humangenetik-umg.de\/en\/wp-json\/wp\/v2\/media?parent=7919"}],"curies":[{"name":"wp","href":"https:\/\/api.w.org\/{rel}","templated":true}]}}