{"id":8478,"date":"2016-07-25T16:47:29","date_gmt":"2016-07-25T14:47:29","guid":{"rendered":"https:\/\/www.humangenetik-umg.de\/en\/genetische-beratung\/"},"modified":"2023-03-17T14:45:07","modified_gmt":"2023-03-17T13:45:07","slug":"genetic-counselling","status":"publish","type":"page","link":"https:\/\/www.humangenetik-umg.de\/en\/genetic-counselling\/","title":{"rendered":"Genetic Counselling"},"content":{"rendered":"<div class=\"wpb-content-wrapper\">[mk_page_section bg_image=&#8221;https:\/\/www.humangenetik-umg.de\/wp-content\/uploads\/2016\/07\/LHA9665-Beratung-1900.jpg&#8221; bg_position=&#8221;center center&#8221; bg_repeat=&#8221;no-repeat&#8221; bg_stretch=&#8221;true&#8221; min_height=&#8221;600&#8243; full_width=&#8221;true&#8221; section_id=&#8221;header-bild&#8221; sidebar=&#8221;sidebar-1&#8243;][vc_column][\/vc_column][\/mk_page_section][mk_page_section sidebar=&#8221;sidebar-1&#8243;][vc_column][vc_empty_space height=&#8221;50px&#8221;][vc_column_text align=&#8221;center&#8221;]\n<h1 style=\"text-align: center;\"><span style=\"color: #66cc99;\">Genetic Counselling<\/span><\/h1>\n[\/vc_column_text][vc_empty_space height=&#8221;15px&#8221;][vc_empty_space height=&#8221;15px&#8221;][vc_row_inner is_fullwidth_content=&#8221;false&#8221;][vc_column_inner][vc_column_text css=&#8221;.vc_custom_1679060643363{margin-bottom: 0px !important;}&#8221;]We are happy to provide information and advice if you wish to learn more about the heritability or genetic factors involved in a disease either of yourself, your children or in your family. And by carrying out genetic testing in our laboratory, we manage to make a molecular diagnosis in more and more patients with clinically unexplained conditions.<\/p>\n<p>In a genetic consultation, we explain the genetic aspects of a particular disorder, assess the risk of recurrence and the probable course of the disease, and we discuss potential treatment options. It is our aim to share with you all the information that will help you to answer emerging questions, for example regarding lifestyle, family planning, diagnostic or prenatal testing, and to decide what\u2019s best for you.<\/p>\n<p>Genetic counselling takes place in a personal meeting at our Institute or, on request, online by videoconferencing. You need to schedule an appointment.<\/p>\n<p>We offer our genetic counselling services in collaboration with \u201cMedizinisches Versorgungszentrum der UMG Bereich Humangenetik\u201d. Consultations are covered by the German statutory health insurances and we will ask you for a referral issued by your family doctor or specialist doctor.[\/vc_column_text][vc_empty_space height=&#8221;50px&#8221;][vc_column_text css=&#8221;.vc_custom_1679060388958{margin-bottom: 0px !important;}&#8221;]\n<h3><span style=\"color: #66cc99;\">Specific groups of disorders and rare diseases<\/span><\/h3>\n[\/vc_column_text][vc_column_text css=&#8221;.vc_custom_1679060405718{margin-bottom: 0px !important;}&#8221;]Genetic factors are either responsible for or involved in rare congenital disorders but also in common diseases like cancer. This makes clinical genetics highly relevant in many other clinical fields. To provide modern and comprehensive patient care, our clinical geneticists are active in a broad range of interdisciplinary clinics and collaborations addressing specific issues or diseases.[\/vc_column_text][vc_empty_space height=&#8221;50px&#8221;][\/vc_column_inner][\/vc_row_inner][mk_padding_divider size=&#8221;80&#8243;][\/vc_column][\/mk_page_section][vc_row fullwidth=&#8221;true&#8221; fullwidth_content=&#8221;false&#8221; css=&#8221;.vc_custom_1473690721908{border-top-width: 0px !important;border-right-width: 0px !important;border-bottom-width: 0px !important;background-color: #66cc99 !important;border-right-color: #ffffff !important;border-right-style: solid !important;border-top-color: #ffffff !important;border-top-style: solid !important;border-bottom-color: #ffffff !important;border-bottom-style: solid !important;}&#8221; el_class=&#8221;ankernavigation-light&#8221;][vc_column width=&#8221;1\/2&#8243; el_class=&#8221;anker-first&#8221;][mk_fancy_title color=&#8221;#ffffff&#8221; size=&#8221;30&#8243; margin_bottom=&#8221;0&#8243; font_family=&#8221;none&#8221; align=&#8221;center&#8221;]<a href=\"\/en\/genetic-counselling\/faq\/\">Frequently asked questions<\/a>[\/mk_fancy_title][\/vc_column][vc_column width=&#8221;1\/2&#8243; el_class=&#8221;anker-middle&#8221;][mk_fancy_title color=&#8221;#ffffff&#8221; size=&#8221;30&#8243; margin_bottom=&#8221;0&#8243; font_family=&#8221;none&#8221; align=&#8221;center&#8221;]<a href=\"\/en\/genetic-counselling\/contact-appointments\">Contact &amp;<br \/>\nappointments<\/a>[\/mk_fancy_title][\/vc_column][\/vc_row][mk_page_section min_height=&#8221;0&#8243; padding_top=&#8221;0&#8243; padding_bottom=&#8221;0&#8243; sidebar=&#8221;sidebar-1&#8243;][vc_column][mk_padding_divider visibility=&#8221;hidden-sm&#8221;][\/vc_column][\/mk_page_section][vc_row fullwidth=&#8221;true&#8221; fullwidth_content=&#8221;false&#8221; css=&#8221;.vc_custom_1473690721908{border-top-width: 0px !important;border-right-width: 0px !important;border-bottom-width: 0px !important;background-color: #66cc99 !important;border-right-color: #ffffff !important;border-right-style: solid !important;border-top-color: #ffffff !important;border-top-style: solid !important;border-bottom-color: #ffffff !important;border-bottom-style: solid !important;}&#8221; el_class=&#8221;ankernavigation-light&#8221;][vc_column width=&#8221;1\/2&#8243; el_class=&#8221;anker-first&#8221;][mk_fancy_title color=&#8221;#ffffff&#8221; size=&#8221;30&#8243; margin_bottom=&#8221;0&#8243; font_family=&#8221;none&#8221; align=&#8221;center&#8221;]<a href=\"\/en\/genetic-counselling\/interdisciplinary-clinics\/\">Interdisciplinary clinics &amp; collaborations<\/a>[\/mk_fancy_title][\/vc_column][vc_column width=&#8221;1\/2&#8243; el_class=&#8221;anker-middle&#8221;][mk_fancy_title color=&#8221;#ffffff&#8221; size=&#8221;30&#8243; margin_bottom=&#8221;0&#8243; font_family=&#8221;none&#8221; align=&#8221;center&#8221;]<a href=\"\/en\/genetic-counselling\/rare-diseases\">Rare diseases<\/a>[\/mk_fancy_title][\/vc_column][\/vc_row][mk_page_section min_height=&#8221;50&#8243; sidebar=&#8221;sidebar-1&#8243;][vc_column][vc_empty_space height=&#8221;100px&#8221;][\/vc_column][\/mk_page_section]\n<\/div>","protected":false},"excerpt":{"rendered":"<p>[mk_page_section bg_image=&#8221;https:\/\/www.humangenetik-umg.de\/wp-content\/uploads\/2016\/07\/LHA9665-Beratung-1900.jpg&#8221; bg_position=&#8221;center center&#8221; bg_repeat=&#8221;no-repeat&#8221; bg_stretch=&#8221;true&#8221; min_height=&#8221;600&#8243; full_width=&#8221;true&#8221; section_id=&#8221;header-bild&#8221; sidebar=&#8221;sidebar-1&#8243;][vc_column][\/vc_column][\/mk_page_section][mk_page_section sidebar=&#8221;sidebar-1&#8243;][vc_column][vc_empty_space height=&#8221;50px&#8221;][vc_column_text align=&#8221;center&#8221;] Genetic Counselling [\/vc_column_text][vc_empty_space height=&#8221;15px&#8221;][vc_empty_space height=&#8221;15px&#8221;][vc_row_inner is_fullwidth_content=&#8221;false&#8221;][vc_column_inner][vc_column_text css=&#8221;.vc_custom_1679060643363{margin-bottom: 0px !important;}&#8221;]We are happy to provide information and advice if you wish to learn more about the heritability or genetic factors involved in a disease either of yourself, your children or in your family. And [&hellip;]<\/p>\n","protected":false},"author":1,"featured_media":0,"parent":0,"menu_order":0,"comment_status":"closed","ping_status":"closed","template":"","meta":{"footnotes":""},"class_list":["post-8478","page","type-page","status-publish","hentry"],"yoast_head":"<!-- This site is optimized with the Yoast SEO plugin v26.8 - https:\/\/yoast.com\/product\/yoast-seo-wordpress\/ -->\n<title>Genetische Beratung | Institut f\u00fcr Humangenetik in G\u00f6ttingen<\/title>\n<meta name=\"description\" content=\"Informieren Sie sich \u00fcber die verschiedenen M\u00f6glichkeiten einer genetischen Beratung. H\u00e4ufig gestellte Fragen werden hier ebenfalls beantwortet.\" \/>\n<meta name=\"robots\" content=\"index, follow, max-snippet:-1, max-image-preview:large, max-video-preview:-1\" \/>\n<link rel=\"canonical\" href=\"https:\/\/www.humangenetik-umg.de\/en\/genetic-counselling\/\" \/>\n<meta property=\"og:locale\" content=\"en_US\" \/>\n<meta property=\"og:type\" content=\"article\" \/>\n<meta property=\"og:title\" content=\"Genetische Beratung | Institut f\u00fcr Humangenetik in G\u00f6ttingen\" \/>\n<meta property=\"og:description\" content=\"Informieren Sie sich \u00fcber die verschiedenen M\u00f6glichkeiten einer genetischen Beratung. H\u00e4ufig gestellte Fragen werden hier ebenfalls beantwortet.\" \/>\n<meta property=\"og:url\" content=\"https:\/\/www.humangenetik-umg.de\/en\/genetic-counselling\/\" \/>\n<meta property=\"og:site_name\" content=\"Institut f\u00fcr Humangenetik\" \/>\n<meta property=\"article:modified_time\" content=\"2023-03-17T13:45:07+00:00\" \/>\n<meta name=\"twitter:card\" content=\"summary_large_image\" \/>\n<meta name=\"twitter:label1\" content=\"Est. reading time\" \/>\n\t<meta name=\"twitter:data1\" content=\"3 minutes\" \/>\n<script type=\"application\/ld+json\" class=\"yoast-schema-graph\">{\"@context\":\"https:\/\/schema.org\",\"@graph\":[{\"@type\":\"WebPage\",\"@id\":\"https:\/\/www.humangenetik-umg.de\/en\/genetic-counselling\/\",\"url\":\"https:\/\/www.humangenetik-umg.de\/en\/genetic-counselling\/\",\"name\":\"Genetische Beratung | Institut f\u00fcr Humangenetik in G\u00f6ttingen\",\"isPartOf\":{\"@id\":\"https:\/\/www.humangenetik-umg.de\/en\/#website\"},\"datePublished\":\"2016-07-25T14:47:29+00:00\",\"dateModified\":\"2023-03-17T13:45:07+00:00\",\"description\":\"Informieren Sie sich \u00fcber die verschiedenen M\u00f6glichkeiten einer genetischen Beratung. H\u00e4ufig gestellte Fragen werden hier ebenfalls beantwortet.\",\"breadcrumb\":{\"@id\":\"https:\/\/www.humangenetik-umg.de\/en\/genetic-counselling\/#breadcrumb\"},\"inLanguage\":\"en-US\",\"potentialAction\":[{\"@type\":\"ReadAction\",\"target\":[\"https:\/\/www.humangenetik-umg.de\/en\/genetic-counselling\/\"]}]},{\"@type\":\"BreadcrumbList\",\"@id\":\"https:\/\/www.humangenetik-umg.de\/en\/genetic-counselling\/#breadcrumb\",\"itemListElement\":[{\"@type\":\"ListItem\",\"position\":1,\"name\":\"Home\",\"item\":\"https:\/\/www.humangenetik-umg.de\/en\/\"},{\"@type\":\"ListItem\",\"position\":2,\"name\":\"Genetic Counselling\"}]},{\"@type\":\"WebSite\",\"@id\":\"https:\/\/www.humangenetik-umg.de\/en\/#website\",\"url\":\"https:\/\/www.humangenetik-umg.de\/en\/\",\"name\":\"Institut f\u00fcr Humangenetik\",\"description\":\"Institut f\u00fcr Humangenetik der Universit\u00e4tsmedizin G\u00f6ttingen\",\"potentialAction\":[{\"@type\":\"SearchAction\",\"target\":{\"@type\":\"EntryPoint\",\"urlTemplate\":\"https:\/\/www.humangenetik-umg.de\/en\/?s={search_term_string}\"},\"query-input\":{\"@type\":\"PropertyValueSpecification\",\"valueRequired\":true,\"valueName\":\"search_term_string\"}}],\"inLanguage\":\"en-US\"}]}<\/script>\n<!-- \/ Yoast SEO plugin. -->","yoast_head_json":{"title":"Genetische Beratung | Institut f\u00fcr Humangenetik in G\u00f6ttingen","description":"Informieren Sie sich \u00fcber die verschiedenen M\u00f6glichkeiten einer genetischen Beratung. H\u00e4ufig gestellte Fragen werden hier ebenfalls beantwortet.","robots":{"index":"index","follow":"follow","max-snippet":"max-snippet:-1","max-image-preview":"max-image-preview:large","max-video-preview":"max-video-preview:-1"},"canonical":"https:\/\/www.humangenetik-umg.de\/en\/genetic-counselling\/","og_locale":"en_US","og_type":"article","og_title":"Genetische Beratung | Institut f\u00fcr Humangenetik in G\u00f6ttingen","og_description":"Informieren Sie sich \u00fcber die verschiedenen M\u00f6glichkeiten einer genetischen Beratung. H\u00e4ufig gestellte Fragen werden hier ebenfalls beantwortet.","og_url":"https:\/\/www.humangenetik-umg.de\/en\/genetic-counselling\/","og_site_name":"Institut f\u00fcr Humangenetik","article_modified_time":"2023-03-17T13:45:07+00:00","twitter_card":"summary_large_image","twitter_misc":{"Est. reading time":"3 minutes"},"schema":{"@context":"https:\/\/schema.org","@graph":[{"@type":"WebPage","@id":"https:\/\/www.humangenetik-umg.de\/en\/genetic-counselling\/","url":"https:\/\/www.humangenetik-umg.de\/en\/genetic-counselling\/","name":"Genetische Beratung | Institut f\u00fcr Humangenetik in G\u00f6ttingen","isPartOf":{"@id":"https:\/\/www.humangenetik-umg.de\/en\/#website"},"datePublished":"2016-07-25T14:47:29+00:00","dateModified":"2023-03-17T13:45:07+00:00","description":"Informieren Sie sich \u00fcber die verschiedenen M\u00f6glichkeiten einer genetischen Beratung. H\u00e4ufig gestellte Fragen werden hier ebenfalls beantwortet.","breadcrumb":{"@id":"https:\/\/www.humangenetik-umg.de\/en\/genetic-counselling\/#breadcrumb"},"inLanguage":"en-US","potentialAction":[{"@type":"ReadAction","target":["https:\/\/www.humangenetik-umg.de\/en\/genetic-counselling\/"]}]},{"@type":"BreadcrumbList","@id":"https:\/\/www.humangenetik-umg.de\/en\/genetic-counselling\/#breadcrumb","itemListElement":[{"@type":"ListItem","position":1,"name":"Home","item":"https:\/\/www.humangenetik-umg.de\/en\/"},{"@type":"ListItem","position":2,"name":"Genetic Counselling"}]},{"@type":"WebSite","@id":"https:\/\/www.humangenetik-umg.de\/en\/#website","url":"https:\/\/www.humangenetik-umg.de\/en\/","name":"Institut f\u00fcr Humangenetik","description":"Institut f\u00fcr Humangenetik der Universit\u00e4tsmedizin G\u00f6ttingen","potentialAction":[{"@type":"SearchAction","target":{"@type":"EntryPoint","urlTemplate":"https:\/\/www.humangenetik-umg.de\/en\/?s={search_term_string}"},"query-input":{"@type":"PropertyValueSpecification","valueRequired":true,"valueName":"search_term_string"}}],"inLanguage":"en-US"}]}},"_links":{"self":[{"href":"https:\/\/www.humangenetik-umg.de\/en\/wp-json\/wp\/v2\/pages\/8478","targetHints":{"allow":["GET"]}}],"collection":[{"href":"https:\/\/www.humangenetik-umg.de\/en\/wp-json\/wp\/v2\/pages"}],"about":[{"href":"https:\/\/www.humangenetik-umg.de\/en\/wp-json\/wp\/v2\/types\/page"}],"author":[{"embeddable":true,"href":"https:\/\/www.humangenetik-umg.de\/en\/wp-json\/wp\/v2\/users\/1"}],"replies":[{"embeddable":true,"href":"https:\/\/www.humangenetik-umg.de\/en\/wp-json\/wp\/v2\/comments?post=8478"}],"version-history":[{"count":0,"href":"https:\/\/www.humangenetik-umg.de\/en\/wp-json\/wp\/v2\/pages\/8478\/revisions"}],"wp:attachment":[{"href":"https:\/\/www.humangenetik-umg.de\/en\/wp-json\/wp\/v2\/media?parent=8478"}],"curies":[{"name":"wp","href":"https:\/\/api.w.org\/{rel}","templated":true}]}}