{"id":8616,"date":"2016-03-24T09:56:21","date_gmt":"2016-03-24T08:56:21","guid":{"rendered":"https:\/\/www.humangenetik-umg.de\/genetic-counselling\/haeufige-fragen\/"},"modified":"2022-04-11T12:54:50","modified_gmt":"2022-04-11T10:54:50","slug":"faq","status":"publish","type":"page","link":"https:\/\/www.humangenetik-umg.de\/en\/genetic-counselling\/faq\/","title":{"rendered":"Frequently Asked Questions"},"content":{"rendered":"<div class=\"wpb-content-wrapper\">[mk_page_section bg_image=&#8221;https:\/\/www.humangenetik-umg.de\/wp-content\/uploads\/2016\/03\/ihu_lha9577_fragen-srgb_web.jpg&#8221; bg_position=&#8221;center center&#8221; bg_repeat=&#8221;no-repeat&#8221; bg_stretch=&#8221;true&#8221; min_height=&#8221;500&#8243; full_width=&#8221;true&#8221; section_id=&#8221;header-bild&#8221; sidebar=&#8221;sidebar-1&#8243;][vc_column][\/vc_column][\/mk_page_section][mk_page_section sidebar=&#8221;sidebar-1&#8243;][vc_column][vc_empty_space height=&#8221;50px&#8221;][vc_column_text align=&#8221;center&#8221;]\n<h1 style=\"text-align: center;\"><span style=\"color: #66cc99;\">Frequently Asked Questions<\/span><span style=\"color: #65dafd;\"><br \/>\n<\/span><\/h1>\n[\/vc_column_text][vc_empty_space height=&#8221;15px&#8221;][vc_row_inner is_fullwidth_content=&#8221;false&#8221;][vc_column_inner][\/vc_column_inner][\/vc_row_inner][mk_padding_divider size=&#8221;80&#8243; visibility=&#8221;hidden-sm&#8221;][mk_padding_divider visibility=&#8221;visible-sm&#8221;][\/vc_column][\/mk_page_section][mk_page_section sidebar=&#8221;sidebar-1&#8243;][vc_column][vc_tta_accordion style=&#8221;outline&#8221; shape=&#8221;square&#8221; color=&#8221;vista-blue&#8221; c_icon=&#8221;&#8221; active_section=&#8221;1&#8243;][vc_tta_section i_icon_fontawesome=&#8221;fa fa-question&#8221; title=&#8221;What is a hereditary disease?&#8221; tab_id=&#8221;1476093045433-dada6141-696802b5-8174&#8243; add_icon=&#8221;true&#8221;][vc_column_text]If a disease occurs in several members of a family, either from the same or from different generations, it might be hereditary. However, hereditary disorders may also occur sporadically, i.e. they may affect only one member of a family. They follow different patterns of inheritance with varying chances of occurring or recurring.[\/vc_column_text][\/vc_tta_section][vc_tta_section i_icon_fontawesome=&#8221;fa fa-question&#8221; title=&#8221;Who should seek genetic counselling?&#8221; tab_id=&#8221;1476375333758-adbd6bc2-77a1&#8243; add_icon=&#8221;true&#8221;][vc_column_text]Coming to genetic counselling is your own free choice. There is a wide variety of situations in which we encourage to seek genetic counselling, for example:<\/p>\n<ul>\n<li>A condition occurring in your family is suspected or known to be genetic.<\/li>\n<li>Congenital malformations\/syndromes have occurred in your family.<\/li>\n<li>Your child has an unclear developmental disorder with or without malformations.<\/li>\n<li>Your family has a history of suspected hereditary cancer.<\/li>\n<li>You and your partner are blood-related.<\/li>\n<li>You have experienced two or more pregnancy losses of unclear cause.<\/li>\n<li>You are planning to become pregnant using assisted reproductive technologies.<\/li>\n<li>You have been exposed during pregnancy to radiation, drugs or chemicals that could cause genetic defects.<\/li>\n<li>You wish to learn more about prenatal testing, for example in relation to increased maternal age.<\/li>\n<\/ul>\n[\/vc_column_text][\/vc_tta_section][vc_tta_section i_icon_fontawesome=&#8221;fa fa-question&#8221; title=&#8221;What will happen during a genetic counselling session?&#8221; tab_id=&#8221;1476375333189-d3dde048-caae&#8221; add_icon=&#8221;true&#8221;][vc_column_text]First of all, we will discuss with you the concerns that prompted you to seek genetic counselling. We will then collect your medical and family health history and draw a pedigree. Depending on the reason for your visit, your counselling physician will perform a physical examination and\/or will recommend visiting a medical specialist for additional tests. We will explain in detail the clinical aspects of the condition of interest, its genetic basis and available options for genetic testing. If any medical records or results of previous testing exist relating to your concerns, it will be very helpful if your doctor sends them to us before your visit.<\/p>\n<p>A first counselling session usually lasts one to two hours. Depending on the situation, we will invite you to come back for another appointment, for example to discuss the results of genetic testing. After the counselling session, we will write a report for you and your doctors. [\/vc_column_text][\/vc_tta_section][vc_tta_section i_icon_fontawesome=&#8221;fa fa-question&#8221; title=&#8221;What is genetic testing?&#8221; tab_id=&#8221;1476375332610-3176fcf0-13e5&#8243; add_icon=&#8221;true&#8221;][vc_column_text]Genetic disorders are caused by changes in the DNA (desoxyribonucleic acid). Single-gene diseases (Mendelian disorders) result from a change (or changes) affecting only one gene. For many of these disorders, we know which gene is associated, while for others we don\u2019t. If the causative gene is known, it is possible to analyze the DNA of an affected person to either confirm or rule out a clinically suspected disease.<\/p>\n<p>Genetic testing is often important to establish an accurate diagnosis, but also, for example, to specify the recurrence risk of a disease in future offspring of parents with an affected child. Genetic testing can also be performed to find out whether a person carries a DNA change linked to a certain condition before any signs or symptoms appear (predictive testing) or whether an unborn baby has a specific genetic change (prenatal testing).<\/p>\n<p>Genetic testing is usually done on a blood sample. In prenatal testing, DNA is obtained from chorionic villi or from cultured amniotic fluid cells. According to German law (<em>Gendiagnostikgesetz<\/em>), genetic testing can only be performed if the relevant person has received genetic counselling and given written informed consent.[\/vc_column_text][\/vc_tta_section][\/vc_tta_accordion][\/vc_column][\/mk_page_section][mk_page_section][vc_column][vc_empty_space height=&#8221;100px&#8221;][\/vc_column][\/mk_page_section]\n<\/div>","protected":false},"excerpt":{"rendered":"<p>[mk_page_section bg_image=&#8221;https:\/\/www.humangenetik-umg.de\/wp-content\/uploads\/2016\/03\/ihu_lha9577_fragen-srgb_web.jpg&#8221; bg_position=&#8221;center center&#8221; bg_repeat=&#8221;no-repeat&#8221; bg_stretch=&#8221;true&#8221; min_height=&#8221;500&#8243; full_width=&#8221;true&#8221; section_id=&#8221;header-bild&#8221; sidebar=&#8221;sidebar-1&#8243;][vc_column][\/vc_column][\/mk_page_section][mk_page_section sidebar=&#8221;sidebar-1&#8243;][vc_column][vc_empty_space height=&#8221;50px&#8221;][vc_column_text align=&#8221;center&#8221;] Frequently Asked Questions [\/vc_column_text][vc_empty_space height=&#8221;15px&#8221;][vc_row_inner is_fullwidth_content=&#8221;false&#8221;][vc_column_inner][\/vc_column_inner][\/vc_row_inner][mk_padding_divider size=&#8221;80&#8243; visibility=&#8221;hidden-sm&#8221;][mk_padding_divider visibility=&#8221;visible-sm&#8221;][\/vc_column][\/mk_page_section][mk_page_section sidebar=&#8221;sidebar-1&#8243;][vc_column][vc_tta_accordion style=&#8221;outline&#8221; shape=&#8221;square&#8221; color=&#8221;vista-blue&#8221; c_icon=&#8221;&#8221; active_section=&#8221;1&#8243;][vc_tta_section i_icon_fontawesome=&#8221;fa fa-question&#8221; title=&#8221;What is a hereditary disease?&#8221; tab_id=&#8221;1476093045433-dada6141-696802b5-8174&#8243; add_icon=&#8221;true&#8221;][vc_column_text]If a disease occurs in several members of a family, either from the same or from different generations, it [&hellip;]<\/p>\n","protected":false},"author":1,"featured_media":0,"parent":8478,"menu_order":0,"comment_status":"closed","ping_status":"closed","template":"","meta":{"footnotes":""},"class_list":["post-8616","page","type-page","status-publish","hentry"],"yoast_head":"<!-- This site is optimized with the Yoast SEO plugin v26.8 - https:\/\/yoast.com\/product\/yoast-seo-wordpress\/ -->\n<title>H\u00e4ufige Fragen | Institut f\u00fcr Humangenetik in G\u00f6ttingen<\/title>\n<meta name=\"description\" content=\"Hier geht es zu unseren FAQs. Wir beantworten die h\u00e4ufigsten Fragen, die im Zusammenhang mit unserer genetischen Beratung gestellt werden.\" \/>\n<meta name=\"robots\" content=\"index, follow, max-snippet:-1, max-image-preview:large, max-video-preview:-1\" \/>\n<link rel=\"canonical\" href=\"https:\/\/www.humangenetik-umg.de\/en\/genetic-counselling\/faq\/\" \/>\n<meta property=\"og:locale\" content=\"en_US\" \/>\n<meta property=\"og:type\" content=\"article\" \/>\n<meta property=\"og:title\" content=\"H\u00e4ufige Fragen | Institut f\u00fcr Humangenetik in G\u00f6ttingen\" \/>\n<meta property=\"og:description\" content=\"Hier geht es zu unseren FAQs. Wir beantworten die h\u00e4ufigsten Fragen, die im Zusammenhang mit unserer genetischen Beratung gestellt werden.\" \/>\n<meta property=\"og:url\" content=\"https:\/\/www.humangenetik-umg.de\/en\/genetic-counselling\/faq\/\" \/>\n<meta property=\"og:site_name\" content=\"Institut f\u00fcr Humangenetik\" \/>\n<meta property=\"article:modified_time\" content=\"2022-04-11T10:54:50+00:00\" \/>\n<meta name=\"twitter:card\" content=\"summary_large_image\" \/>\n<meta name=\"twitter:label1\" content=\"Est. reading time\" \/>\n\t<meta name=\"twitter:data1\" content=\"4 minutes\" \/>\n<script type=\"application\/ld+json\" class=\"yoast-schema-graph\">{\"@context\":\"https:\/\/schema.org\",\"@graph\":[{\"@type\":\"WebPage\",\"@id\":\"https:\/\/www.humangenetik-umg.de\/en\/genetic-counselling\/faq\/\",\"url\":\"https:\/\/www.humangenetik-umg.de\/en\/genetic-counselling\/faq\/\",\"name\":\"H\u00e4ufige Fragen | Institut f\u00fcr Humangenetik in G\u00f6ttingen\",\"isPartOf\":{\"@id\":\"https:\/\/www.humangenetik-umg.de\/en\/#website\"},\"datePublished\":\"2016-03-24T08:56:21+00:00\",\"dateModified\":\"2022-04-11T10:54:50+00:00\",\"description\":\"Hier geht es zu unseren FAQs. Wir beantworten die h\u00e4ufigsten Fragen, die im Zusammenhang mit unserer genetischen Beratung gestellt werden.\",\"breadcrumb\":{\"@id\":\"https:\/\/www.humangenetik-umg.de\/en\/genetic-counselling\/faq\/#breadcrumb\"},\"inLanguage\":\"en-US\",\"potentialAction\":[{\"@type\":\"ReadAction\",\"target\":[\"https:\/\/www.humangenetik-umg.de\/en\/genetic-counselling\/faq\/\"]}]},{\"@type\":\"BreadcrumbList\",\"@id\":\"https:\/\/www.humangenetik-umg.de\/en\/genetic-counselling\/faq\/#breadcrumb\",\"itemListElement\":[{\"@type\":\"ListItem\",\"position\":1,\"name\":\"Home\",\"item\":\"https:\/\/www.humangenetik-umg.de\/en\/\"},{\"@type\":\"ListItem\",\"position\":2,\"name\":\"Genetic Counselling\",\"item\":\"https:\/\/www.humangenetik-umg.de\/en\/genetic-counselling\/\"},{\"@type\":\"ListItem\",\"position\":3,\"name\":\"Frequently Asked Questions\"}]},{\"@type\":\"WebSite\",\"@id\":\"https:\/\/www.humangenetik-umg.de\/en\/#website\",\"url\":\"https:\/\/www.humangenetik-umg.de\/en\/\",\"name\":\"Institut f\u00fcr Humangenetik\",\"description\":\"Institut f\u00fcr Humangenetik der Universit\u00e4tsmedizin G\u00f6ttingen\",\"potentialAction\":[{\"@type\":\"SearchAction\",\"target\":{\"@type\":\"EntryPoint\",\"urlTemplate\":\"https:\/\/www.humangenetik-umg.de\/en\/?s={search_term_string}\"},\"query-input\":{\"@type\":\"PropertyValueSpecification\",\"valueRequired\":true,\"valueName\":\"search_term_string\"}}],\"inLanguage\":\"en-US\"}]}<\/script>\n<!-- \/ Yoast SEO plugin. -->","yoast_head_json":{"title":"H\u00e4ufige Fragen | Institut f\u00fcr Humangenetik in G\u00f6ttingen","description":"Hier geht es zu unseren FAQs. Wir beantworten die h\u00e4ufigsten Fragen, die im Zusammenhang mit unserer genetischen Beratung gestellt werden.","robots":{"index":"index","follow":"follow","max-snippet":"max-snippet:-1","max-image-preview":"max-image-preview:large","max-video-preview":"max-video-preview:-1"},"canonical":"https:\/\/www.humangenetik-umg.de\/en\/genetic-counselling\/faq\/","og_locale":"en_US","og_type":"article","og_title":"H\u00e4ufige Fragen | Institut f\u00fcr Humangenetik in G\u00f6ttingen","og_description":"Hier geht es zu unseren FAQs. Wir beantworten die h\u00e4ufigsten Fragen, die im Zusammenhang mit unserer genetischen Beratung gestellt werden.","og_url":"https:\/\/www.humangenetik-umg.de\/en\/genetic-counselling\/faq\/","og_site_name":"Institut f\u00fcr Humangenetik","article_modified_time":"2022-04-11T10:54:50+00:00","twitter_card":"summary_large_image","twitter_misc":{"Est. reading time":"4 minutes"},"schema":{"@context":"https:\/\/schema.org","@graph":[{"@type":"WebPage","@id":"https:\/\/www.humangenetik-umg.de\/en\/genetic-counselling\/faq\/","url":"https:\/\/www.humangenetik-umg.de\/en\/genetic-counselling\/faq\/","name":"H\u00e4ufige Fragen | Institut f\u00fcr Humangenetik in G\u00f6ttingen","isPartOf":{"@id":"https:\/\/www.humangenetik-umg.de\/en\/#website"},"datePublished":"2016-03-24T08:56:21+00:00","dateModified":"2022-04-11T10:54:50+00:00","description":"Hier geht es zu unseren FAQs. Wir beantworten die h\u00e4ufigsten Fragen, die im Zusammenhang mit unserer genetischen Beratung gestellt werden.","breadcrumb":{"@id":"https:\/\/www.humangenetik-umg.de\/en\/genetic-counselling\/faq\/#breadcrumb"},"inLanguage":"en-US","potentialAction":[{"@type":"ReadAction","target":["https:\/\/www.humangenetik-umg.de\/en\/genetic-counselling\/faq\/"]}]},{"@type":"BreadcrumbList","@id":"https:\/\/www.humangenetik-umg.de\/en\/genetic-counselling\/faq\/#breadcrumb","itemListElement":[{"@type":"ListItem","position":1,"name":"Home","item":"https:\/\/www.humangenetik-umg.de\/en\/"},{"@type":"ListItem","position":2,"name":"Genetic Counselling","item":"https:\/\/www.humangenetik-umg.de\/en\/genetic-counselling\/"},{"@type":"ListItem","position":3,"name":"Frequently Asked Questions"}]},{"@type":"WebSite","@id":"https:\/\/www.humangenetik-umg.de\/en\/#website","url":"https:\/\/www.humangenetik-umg.de\/en\/","name":"Institut f\u00fcr Humangenetik","description":"Institut f\u00fcr Humangenetik der Universit\u00e4tsmedizin G\u00f6ttingen","potentialAction":[{"@type":"SearchAction","target":{"@type":"EntryPoint","urlTemplate":"https:\/\/www.humangenetik-umg.de\/en\/?s={search_term_string}"},"query-input":{"@type":"PropertyValueSpecification","valueRequired":true,"valueName":"search_term_string"}}],"inLanguage":"en-US"}]}},"_links":{"self":[{"href":"https:\/\/www.humangenetik-umg.de\/en\/wp-json\/wp\/v2\/pages\/8616","targetHints":{"allow":["GET"]}}],"collection":[{"href":"https:\/\/www.humangenetik-umg.de\/en\/wp-json\/wp\/v2\/pages"}],"about":[{"href":"https:\/\/www.humangenetik-umg.de\/en\/wp-json\/wp\/v2\/types\/page"}],"author":[{"embeddable":true,"href":"https:\/\/www.humangenetik-umg.de\/en\/wp-json\/wp\/v2\/users\/1"}],"replies":[{"embeddable":true,"href":"https:\/\/www.humangenetik-umg.de\/en\/wp-json\/wp\/v2\/comments?post=8616"}],"version-history":[{"count":0,"href":"https:\/\/www.humangenetik-umg.de\/en\/wp-json\/wp\/v2\/pages\/8616\/revisions"}],"up":[{"embeddable":true,"href":"https:\/\/www.humangenetik-umg.de\/en\/wp-json\/wp\/v2\/pages\/8478"}],"wp:attachment":[{"href":"https:\/\/www.humangenetik-umg.de\/en\/wp-json\/wp\/v2\/media?parent=8616"}],"curies":[{"name":"wp","href":"https:\/\/api.w.org\/{rel}","templated":true}]}}