{"id":8632,"date":"2016-03-24T10:03:27","date_gmt":"2016-03-24T09:03:27","guid":{"rendered":"https:\/\/www.humangenetik-umg.de\/genetic-counselling\/terminvereinbarung\/"},"modified":"2023-03-17T15:13:49","modified_gmt":"2023-03-17T14:13:49","slug":"contact-appointments","status":"publish","type":"page","link":"https:\/\/www.humangenetik-umg.de\/en\/genetic-counselling\/contact-appointments\/","title":{"rendered":"Appointments"},"content":{"rendered":"<div class=\"wpb-content-wrapper\">[mk_page_section bg_image=&#8221;https:\/\/www.humangenetik-umg.de\/wp-content\/uploads\/2016\/03\/LHA9542-kontakt-1900.jpg&#8221; bg_position=&#8221;center center&#8221; bg_repeat=&#8221;no-repeat&#8221; bg_stretch=&#8221;true&#8221; min_height=&#8221;600&#8243; full_width=&#8221;true&#8221; section_id=&#8221;header-bild&#8221; sidebar=&#8221;sidebar-1&#8243;][vc_column][\/vc_column][\/mk_page_section][mk_page_section sidebar=&#8221;sidebar-1&#8243;][vc_column][mk_padding_divider size=&#8221;50&#8243;][vc_empty_space height=&#8221;50px&#8221;][vc_column_text align=&#8221;center&#8221;]\n<h1 style=\"text-align: center;\"><span style=\"color: #66cc99;\">Contact &amp; Appointments<\/span><\/h1>\n[\/vc_column_text][vc_empty_space height=&#8221;50px&#8221;][vc_row_inner is_fullwidth_content=&#8221;false&#8221;][vc_column_inner][vc_column_text css=&#8221;.vc_custom_1599457243269{margin-bottom: 0px !important;}&#8221;]<strong>Genetic Counselling Service<\/strong><\/p>\n<p>Institute of Human Genetics<br \/>\nHeinrich-D\u00fcker-Weg 12<br \/>\n37073 G\u00f6ttingen<\/p>\n<p>Medizinisches Versorgungszentrum der UMG, Bereich Humangenetik<br \/>\nRobert-Koch-Str. 40<br \/>\n37075 G\u00f6ttingen<\/p>\n<p><a href=\"mailto:humangenetik.mvz@med.uni-goettingen.de\">humangenetik.mvz@med.uni-goettingen.de<\/a><\/p>\n<p><strong>Head of genetic counselling:<\/strong><br \/>\nProf. Dr. rer. nat. Uwe Kornak[\/vc_column_text][\/vc_column_inner][\/vc_row_inner][\/vc_column][\/mk_page_section][vc_row][vc_column][vc_empty_space height=&#8221;100px&#8221;][\/vc_column][\/vc_row][mk_page_section sidebar=&#8221;sidebar-1&#8243;][vc_column width=&#8221;2\/3&#8243;][vc_column_text el_class=&#8221;titlebox beratung-01&#8243; css=&#8221;.vc_custom_1679062374007{margin-bottom: 0px !important;}&#8221;]\n<h2><span style=\"color: #ffffff;\">Appointments<\/span><\/h2>\n[\/vc_column_text][mk_padding_divider visibility=&#8221;hidden-sm&#8221;][mk_padding_divider size=&#8221;25&#8243; visibility=&#8221;visible-sm&#8221;][vc_row_inner][vc_column_inner width=&#8221;1\/2&#8243;][vc_column_text css=&#8221;.vc_custom_1679062412904{margin-bottom: 0px !important;}&#8221;]\n<h4>Administration<\/h4>\n<p>Ms Antje von Pietrowski<br \/>\nMs Stefanie Orthwein[\/vc_column_text][\/vc_column_inner][vc_column_inner width=&#8221;1\/2&#8243;][vc_column_text css=&#8221;.vc_custom_1679062420614{margin-bottom: 0px !important;}&#8221;]Phone: <a href=\"tel:+495513960606\">+49-551-39-60606<\/a><br \/>\nFax: +49-551-39-67567[\/vc_column_text][\/vc_column_inner][\/vc_row_inner][vc_row_inner][vc_column_inner][vc_column_text]To schedule an appointment, please call us on Monday through Thursday from 08:30 to 12:00.<\/p>\n<p>For your genetic counselling session, please bring your health insurance card and a valid referral issued by your doctor.<\/p>\n[mk_button dimension=&#8221;flat&#8221; size=&#8221;medium&#8221; icon=&#8221;mk-icon-long-arrow-right&#8221; icon_anim=&#8221;side&#8221; url=&#8221;\/en\/institute\/contact-location&#8221; target=&#8221;_blank&#8221; bg_color=&#8221;#66cc99&#8243; btn_hover_bg=&#8221;#000000&#8243; btn_hover_txt_color=&#8221;#ffffff&#8221;]To Map[\/mk_button][\/vc_column_text][\/vc_column_inner][\/vc_row_inner][\/vc_column][vc_column visibility=&#8221;hidden-sm&#8221; width=&#8221;1\/3&#8243; offset=&#8221;vc_hidden-xs&#8221;][vc_empty_space][vc_empty_space][mk_image src=&#8221;https:\/\/www.humangenetik-umg.de\/wp-content\/uploads\/2016\/10\/beratung-04-287&#215;180.jpg&#8221; align=&#8221;right&#8221;][\/vc_column][\/mk_page_section][mk_page_section min_height=&#8221;0&#8243; padding_top=&#8221;0&#8243; padding_bottom=&#8221;0&#8243; sidebar=&#8221;sidebar-1&#8243;][vc_column][mk_padding_divider visibility=&#8221;visible-sm&#8221;][mk_padding_divider size=&#8221;100&#8243; visibility=&#8221;hidden-sm&#8221;][\/vc_column][\/mk_page_section]\n<\/div>","protected":false},"excerpt":{"rendered":"<p>[mk_page_section bg_image=&#8221;https:\/\/www.humangenetik-umg.de\/wp-content\/uploads\/2016\/03\/LHA9542-kontakt-1900.jpg&#8221; bg_position=&#8221;center center&#8221; bg_repeat=&#8221;no-repeat&#8221; bg_stretch=&#8221;true&#8221; min_height=&#8221;600&#8243; full_width=&#8221;true&#8221; section_id=&#8221;header-bild&#8221; sidebar=&#8221;sidebar-1&#8243;][vc_column][\/vc_column][\/mk_page_section][mk_page_section sidebar=&#8221;sidebar-1&#8243;][vc_column][mk_padding_divider size=&#8221;50&#8243;][vc_empty_space height=&#8221;50px&#8221;][vc_column_text align=&#8221;center&#8221;] Contact &amp; Appointments [\/vc_column_text][vc_empty_space height=&#8221;50px&#8221;][vc_row_inner is_fullwidth_content=&#8221;false&#8221;][vc_column_inner][vc_column_text css=&#8221;.vc_custom_1599457243269{margin-bottom: 0px !important;}&#8221;]Genetic Counselling Service Institute of Human Genetics Heinrich-D\u00fcker-Weg 12 37073 G\u00f6ttingen Medizinisches Versorgungszentrum der UMG, Bereich Humangenetik Robert-Koch-Str. 40 37075 G\u00f6ttingen humangenetik.mvz@med.uni-goettingen.de Head of genetic counselling: Prof. Dr. rer. nat. Uwe Kornak[\/vc_column_text][\/vc_column_inner][\/vc_row_inner][\/vc_column][\/mk_page_section][vc_row][vc_column][vc_empty_space height=&#8221;100px&#8221;][\/vc_column][\/vc_row][mk_page_section [&hellip;]<\/p>\n","protected":false},"author":1,"featured_media":0,"parent":8478,"menu_order":0,"comment_status":"closed","ping_status":"closed","template":"","meta":{"footnotes":""},"class_list":["post-8632","page","type-page","status-publish","hentry"],"yoast_head":"<!-- This site is optimized with the Yoast SEO plugin v26.8 - https:\/\/yoast.com\/product\/yoast-seo-wordpress\/ -->\n<title>Terminvereinbarung | Institut f\u00fcr Humangenetik in G\u00f6ttingen<\/title>\n<meta name=\"description\" content=\"Hier gelangen Sie zur Terminvereinbarung f\u00fcr eine Sprechstunde \u00fcber Herzgenetik, Brustkrebsrisiko oder einem anderen Spezialgebiet.\" \/>\n<meta name=\"robots\" content=\"index, follow, max-snippet:-1, max-image-preview:large, max-video-preview:-1\" \/>\n<link rel=\"canonical\" href=\"https:\/\/www.humangenetik-umg.de\/en\/genetic-counselling\/contact-appointments\/\" \/>\n<meta property=\"og:locale\" content=\"en_US\" \/>\n<meta property=\"og:type\" content=\"article\" \/>\n<meta property=\"og:title\" content=\"Terminvereinbarung | Institut f\u00fcr Humangenetik in G\u00f6ttingen\" \/>\n<meta property=\"og:description\" content=\"Hier gelangen Sie zur Terminvereinbarung f\u00fcr eine Sprechstunde \u00fcber Herzgenetik, Brustkrebsrisiko oder einem anderen Spezialgebiet.\" \/>\n<meta property=\"og:url\" content=\"https:\/\/www.humangenetik-umg.de\/en\/genetic-counselling\/contact-appointments\/\" \/>\n<meta property=\"og:site_name\" content=\"Institut f\u00fcr Humangenetik\" \/>\n<meta property=\"article:modified_time\" content=\"2023-03-17T14:13:49+00:00\" \/>\n<meta name=\"twitter:card\" content=\"summary_large_image\" \/>\n<meta name=\"twitter:label1\" content=\"Est. reading time\" \/>\n\t<meta name=\"twitter:data1\" content=\"1 minute\" \/>\n<script type=\"application\/ld+json\" class=\"yoast-schema-graph\">{\"@context\":\"https:\/\/schema.org\",\"@graph\":[{\"@type\":\"WebPage\",\"@id\":\"https:\/\/www.humangenetik-umg.de\/en\/genetic-counselling\/contact-appointments\/\",\"url\":\"https:\/\/www.humangenetik-umg.de\/en\/genetic-counselling\/contact-appointments\/\",\"name\":\"Terminvereinbarung | Institut f\u00fcr Humangenetik in G\u00f6ttingen\",\"isPartOf\":{\"@id\":\"https:\/\/www.humangenetik-umg.de\/en\/#website\"},\"datePublished\":\"2016-03-24T09:03:27+00:00\",\"dateModified\":\"2023-03-17T14:13:49+00:00\",\"description\":\"Hier gelangen Sie zur Terminvereinbarung f\u00fcr eine Sprechstunde \u00fcber Herzgenetik, Brustkrebsrisiko oder einem anderen Spezialgebiet.\",\"breadcrumb\":{\"@id\":\"https:\/\/www.humangenetik-umg.de\/en\/genetic-counselling\/contact-appointments\/#breadcrumb\"},\"inLanguage\":\"en-US\",\"potentialAction\":[{\"@type\":\"ReadAction\",\"target\":[\"https:\/\/www.humangenetik-umg.de\/en\/genetic-counselling\/contact-appointments\/\"]}]},{\"@type\":\"BreadcrumbList\",\"@id\":\"https:\/\/www.humangenetik-umg.de\/en\/genetic-counselling\/contact-appointments\/#breadcrumb\",\"itemListElement\":[{\"@type\":\"ListItem\",\"position\":1,\"name\":\"Home\",\"item\":\"https:\/\/www.humangenetik-umg.de\/en\/\"},{\"@type\":\"ListItem\",\"position\":2,\"name\":\"Genetic Counselling\",\"item\":\"https:\/\/www.humangenetik-umg.de\/en\/genetic-counselling\/\"},{\"@type\":\"ListItem\",\"position\":3,\"name\":\"Appointments\"}]},{\"@type\":\"WebSite\",\"@id\":\"https:\/\/www.humangenetik-umg.de\/en\/#website\",\"url\":\"https:\/\/www.humangenetik-umg.de\/en\/\",\"name\":\"Institut f\u00fcr Humangenetik\",\"description\":\"Institut f\u00fcr Humangenetik der Universit\u00e4tsmedizin G\u00f6ttingen\",\"potentialAction\":[{\"@type\":\"SearchAction\",\"target\":{\"@type\":\"EntryPoint\",\"urlTemplate\":\"https:\/\/www.humangenetik-umg.de\/en\/?s={search_term_string}\"},\"query-input\":{\"@type\":\"PropertyValueSpecification\",\"valueRequired\":true,\"valueName\":\"search_term_string\"}}],\"inLanguage\":\"en-US\"}]}<\/script>\n<!-- \/ Yoast SEO plugin. -->","yoast_head_json":{"title":"Terminvereinbarung | Institut f\u00fcr Humangenetik in G\u00f6ttingen","description":"Hier gelangen Sie zur Terminvereinbarung f\u00fcr eine Sprechstunde \u00fcber Herzgenetik, Brustkrebsrisiko oder einem anderen Spezialgebiet.","robots":{"index":"index","follow":"follow","max-snippet":"max-snippet:-1","max-image-preview":"max-image-preview:large","max-video-preview":"max-video-preview:-1"},"canonical":"https:\/\/www.humangenetik-umg.de\/en\/genetic-counselling\/contact-appointments\/","og_locale":"en_US","og_type":"article","og_title":"Terminvereinbarung | Institut f\u00fcr Humangenetik in G\u00f6ttingen","og_description":"Hier gelangen Sie zur Terminvereinbarung f\u00fcr eine Sprechstunde \u00fcber Herzgenetik, Brustkrebsrisiko oder einem anderen Spezialgebiet.","og_url":"https:\/\/www.humangenetik-umg.de\/en\/genetic-counselling\/contact-appointments\/","og_site_name":"Institut f\u00fcr Humangenetik","article_modified_time":"2023-03-17T14:13:49+00:00","twitter_card":"summary_large_image","twitter_misc":{"Est. reading time":"1 minute"},"schema":{"@context":"https:\/\/schema.org","@graph":[{"@type":"WebPage","@id":"https:\/\/www.humangenetik-umg.de\/en\/genetic-counselling\/contact-appointments\/","url":"https:\/\/www.humangenetik-umg.de\/en\/genetic-counselling\/contact-appointments\/","name":"Terminvereinbarung | Institut f\u00fcr Humangenetik in G\u00f6ttingen","isPartOf":{"@id":"https:\/\/www.humangenetik-umg.de\/en\/#website"},"datePublished":"2016-03-24T09:03:27+00:00","dateModified":"2023-03-17T14:13:49+00:00","description":"Hier gelangen Sie zur Terminvereinbarung f\u00fcr eine Sprechstunde \u00fcber Herzgenetik, Brustkrebsrisiko oder einem anderen Spezialgebiet.","breadcrumb":{"@id":"https:\/\/www.humangenetik-umg.de\/en\/genetic-counselling\/contact-appointments\/#breadcrumb"},"inLanguage":"en-US","potentialAction":[{"@type":"ReadAction","target":["https:\/\/www.humangenetik-umg.de\/en\/genetic-counselling\/contact-appointments\/"]}]},{"@type":"BreadcrumbList","@id":"https:\/\/www.humangenetik-umg.de\/en\/genetic-counselling\/contact-appointments\/#breadcrumb","itemListElement":[{"@type":"ListItem","position":1,"name":"Home","item":"https:\/\/www.humangenetik-umg.de\/en\/"},{"@type":"ListItem","position":2,"name":"Genetic Counselling","item":"https:\/\/www.humangenetik-umg.de\/en\/genetic-counselling\/"},{"@type":"ListItem","position":3,"name":"Appointments"}]},{"@type":"WebSite","@id":"https:\/\/www.humangenetik-umg.de\/en\/#website","url":"https:\/\/www.humangenetik-umg.de\/en\/","name":"Institut f\u00fcr Humangenetik","description":"Institut f\u00fcr Humangenetik der Universit\u00e4tsmedizin G\u00f6ttingen","potentialAction":[{"@type":"SearchAction","target":{"@type":"EntryPoint","urlTemplate":"https:\/\/www.humangenetik-umg.de\/en\/?s={search_term_string}"},"query-input":{"@type":"PropertyValueSpecification","valueRequired":true,"valueName":"search_term_string"}}],"inLanguage":"en-US"}]}},"_links":{"self":[{"href":"https:\/\/www.humangenetik-umg.de\/en\/wp-json\/wp\/v2\/pages\/8632","targetHints":{"allow":["GET"]}}],"collection":[{"href":"https:\/\/www.humangenetik-umg.de\/en\/wp-json\/wp\/v2\/pages"}],"about":[{"href":"https:\/\/www.humangenetik-umg.de\/en\/wp-json\/wp\/v2\/types\/page"}],"author":[{"embeddable":true,"href":"https:\/\/www.humangenetik-umg.de\/en\/wp-json\/wp\/v2\/users\/1"}],"replies":[{"embeddable":true,"href":"https:\/\/www.humangenetik-umg.de\/en\/wp-json\/wp\/v2\/comments?post=8632"}],"version-history":[{"count":0,"href":"https:\/\/www.humangenetik-umg.de\/en\/wp-json\/wp\/v2\/pages\/8632\/revisions"}],"up":[{"embeddable":true,"href":"https:\/\/www.humangenetik-umg.de\/en\/wp-json\/wp\/v2\/pages\/8478"}],"wp:attachment":[{"href":"https:\/\/www.humangenetik-umg.de\/en\/wp-json\/wp\/v2\/media?parent=8632"}],"curies":[{"name":"wp","href":"https:\/\/api.w.org\/{rel}","templated":true}]}}