{"id":9184,"date":"2017-07-07T13:08:57","date_gmt":"2017-07-07T11:08:57","guid":{"rendered":"https:\/\/www.humangenetik-umg.de\/genetic-counselling\/rare-diseases\/zentrum-fuer-progeroide-erkrankungen\/"},"modified":"2025-12-11T14:58:57","modified_gmt":"2025-12-11T13:58:57","slug":"center-for-progeroid-syndromes","status":"publish","type":"page","link":"https:\/\/www.humangenetik-umg.de\/en\/genetic-counselling\/rare-diseases\/center-for-progeroid-syndromes\/","title":{"rendered":"Center for Progeroid Syndromes"},"content":{"rendered":"<div class=\"wpb-content-wrapper\">[mk_page_section bg_image=&#8221;https:\/\/www.humangenetik-umg.de\/wp-content\/uploads\/2017\/05\/foto_progerie.jpg&#8221; bg_position=&#8221;center center&#8221; bg_repeat=&#8221;no-repeat&#8221; bg_stretch=&#8221;true&#8221; min_height=&#8221;500&#8243; full_width=&#8221;true&#8221; section_id=&#8221;header-bild&#8221; sidebar=&#8221;sidebar-1&#8243;][vc_column][\/vc_column][\/mk_page_section][mk_page_section sidebar=&#8221;sidebar-1&#8243;][vc_column][vc_empty_space height=&#8221;50px&#8221;][vc_column_text align=&#8221;center&#8221;]\n<h1 style=\"text-align: center;\"><span style=\"color: #66cc99;\">Center for Progeroid Syndromes<\/span><span style=\"color: #65dafd;\"><br \/>\n<\/span><\/h1>\n[\/vc_column_text][vc_empty_space height=&#8221;15px&#8221;][vc_row_inner is_fullwidth_content=&#8221;false&#8221;][vc_column_inner][\/vc_column_inner][\/vc_row_inner][mk_padding_divider size=&#8221;80&#8243; visibility=&#8221;hidden-sm&#8221;][mk_padding_divider visibility=&#8221;visible-sm&#8221;][\/vc_column][\/mk_page_section][mk_page_section sidebar=&#8221;sidebar-1&#8243;][vc_column][vc_column_text]The Center for Progeroid Syndromes is a specialized center at the Center for Rare Diseases G\u00f6ttingen (ZSEG). It unites the outstanding expertise and experience of physicians and scientists in the research, diagnostics and management of these very rare disorders and offers one-stop genetic counselling and clinical care of patients and their families.[\/vc_column_text][mk_padding_divider size=&#8221;60&#8243;][\/vc_column][\/mk_page_section][mk_page_section sidebar=&#8221;sidebar-1&#8243;][vc_column width=&#8221;1\/2&#8243;][\/vc_column][vc_column width=&#8221;1\/2&#8243;][vc_icon icon_fontawesome=&#8221;fa fa-file-pdf-o&#8221; color=&#8221;custom&#8221; size=&#8221;xl&#8221; custom_color=&#8221;#66cc99&#8243; link=&#8221;url:https%3A%2F%2Fwww.humangenetik-umg.de%2Fwp-content%2Fuploads%2F2017%2F07%2Fhumangenetik_goettingen_progerien.pdf||target:%20_blank|&#8221;][vc_column_text css=&#8221;.vc_custom_1537860391760{margin-bottom: 0px !important;}&#8221;]\n<h4 style=\"text-align: left;\"><a style=\"text-decoration: none;\" href=\"https:\/\/www.humangenetik-umg.de\/wp-content\/uploads\/2018\/09\/hg_flyer_progerien_en_final.pdf\" target=\"_blank\" rel=\"noopener\"><span style=\"color: #66cc99;\">Information Leaflet Center for Progeroid Syndromes<\/span><\/a><\/h4>\n[\/vc_column_text][mk_padding_divider size=&#8221;80&#8243;][\/vc_column][\/mk_page_section][mk_page_section sidebar=&#8221;sidebar-1&#8243;][vc_column][vc_tta_accordion style=&#8221;outline&#8221; shape=&#8221;square&#8221; color=&#8221;vista-blue&#8221; c_icon=&#8221;&#8221; active_section=&#8221;1&#8243;][vc_tta_section i_icon_fontawesome=&#8221;fa fa-question&#8221; add_icon=&#8221;true&#8221; title=&#8221;What are progeroid syndromes?&#8221; tab_id=&#8221;1499412205290-d3d43933-b29d&#8221;][vc_column_text]Progeroid syndromes are rare congenital disorders characterized by signs and symptoms of premature or accelerated aging. They may, for example, lead to early manifestation of age-associated conditions such as atherosclerosis, cancer or neurodegeneration.[\/vc_column_text][\/vc_tta_section][vc_tta_section i_icon_fontawesome=&#8221;fa fa-question&#8221; add_icon=&#8221;true&#8221; title=&#8221;What are the key features of progeroid syndromes?&#8221; tab_id=&#8221;1499412205841-d7e90ac9-3ac7&#8243;][vc_column_text]Typical features of progeroid syndromes include loss of hair, brittle bones, atherosclerosis, hearing loss, lipodystrophy. As these aging-associated features do usually not affect all organ systems or tissues, these disorders are also called \u201csegmental progeroid syndromes\u201d.[\/vc_column_text][\/vc_tta_section][vc_tta_section i_icon_fontawesome=&#8221;fa fa-question&#8221; add_icon=&#8221;true&#8221; title=&#8221;What is the cause of progeroid syndromes?&#8221; tab_id=&#8221;1499412206354-04debc41-962d&#8221;][vc_column_text]Progeroid syndromes are mostly monogenic disorders, i.e. they are caused by a defect in a single gene. As far as the specific genes are known, they encode mainly proteins that impact on the nuclear membrane or the chromatin structure and transcription or act in various mechanisms involved in DNA damage repair.[\/vc_column_text][\/vc_tta_section][vc_tta_section i_icon_fontawesome=&#8221;fa fa-question&#8221; add_icon=&#8221;true&#8221; title=&#8221;How are progeroid syndromes diagnosed?&#8221; tab_id=&#8221;1499412206845-5520764a-1b3e&#8221;][vc_column_text]Numerous progeroid syndromes have been described with often considerably overlapping phenotypes, which makes it challenging to establish a precise clinical diagnosis. We have gained the long experience needed to evaluate and distinguish progeroid conditions, and next-generation sequencing technology provides us with tools that facilitate their molecular diagnosis. In specific panels we can now simultaneously analyze a large number of potentially progeria-causing genes.[\/vc_column_text][\/vc_tta_section][\/vc_tta_accordion][vc_empty_space height=&#8221;15px&#8221;][mk_padding_divider size=&#8221;60&#8243;][\/vc_column][\/mk_page_section][mk_page_section][vc_column width=&#8221;2\/3&#8243;][vc_column_text el_class=&#8221;titlebox beratung-01 white&#8221;]\n<h2>Research on progeroid syndromes<\/h2>\n[\/vc_column_text][vc_empty_space][vc_column_text]Progeroid syndromes are one of our key research areas. We use whole-genome and whole-exome sequencing to discover new associated genes. Then we functionally analyze identified variants and their encoded proteins to explore how they act in signaling pathways and molecular mechanisms and what cellular processes underlie aging-associated pathologies.<\/p>\n<p>In particular, our researchers focus on [\/vc_column_text][mk_custom_list icon_color=&#8221;#66cc99&#8243;]\n<ul>\n<li>Wiedemann-Rautenstrauch syndrome and other neonatal forms of progeria<\/li>\n<li>Hallermann-Streiff syndrome<\/li>\n<li>Hutchinson-Gilford progeria syndrome and similar syndromes<\/li>\n<li>Unspecific progeria manifesting in early childhood<\/li>\n<li>Syndromic forms of cutis laxa with progeroid phenotype<\/li>\n<li>Cockayne syndrome and other syndromes with defects in DNA damage repair<\/li>\n<\/ul>\n[\/mk_custom_list][vc_column_text]If you would like to learn more about our progeria research projects, please see the <a style=\"text-decoration: none;\" href=\"https:\/\/www.humangenetik-umg.de\/en\/research\/wollnik-research-group\/\" target=\"_blank\" rel=\"noopener\"><span style=\"color: #66cc99;\">Wollnik Research Group<\/span><\/a> for further information.[\/vc_column_text][mk_padding_divider size=&#8221;60&#8243;][\/vc_column][vc_column width=&#8221;1\/3&#8243;][vc_empty_space][mk_padding_divider][mk_image src=&#8221;https:\/\/www.humangenetik-umg.de\/wp-content\/uploads\/2016\/10\/beratung-04-175&#215;175.jpg&#8221;][\/vc_column][\/mk_page_section][mk_page_section][vc_column width=&#8221;2\/3&#8243;][vc_column_text el_class=&#8221;titlebox beratung-01 white&#8221;]\n<h2>Molecular diagnostics of progeroid syndromes<\/h2>\n[\/vc_column_text][vc_empty_space][vc_column_text]We strive to rapidly translate new insights gained from our research activities into our routine diagnostic services. Specific progeria panels offered by our laboratory for NGS-based analysis currently include 85 genes.<\/p>\n<p>For a comprehensive list of our progeria panels and our sample submission form, please see our <a style=\"text-decoration: none;\" href=\"https:\/\/www.humangenetik-umg.de\/genetische-diagnostik\/molekulargenetische-diagnostik\/erkrankungen\/#progerie\" target=\"_blank\" rel=\"noopener\"><span style=\"color: #66cc99;\">Diagnostics<\/span><\/a> section.[\/vc_column_text][mk_padding_divider size=&#8221;60&#8243;][\/vc_column][vc_column width=&#8221;1\/3&#8243;][vc_empty_space][mk_padding_divider][mk_image src=&#8221;https:\/\/www.humangenetik-umg.de\/wp-content\/uploads\/2016\/10\/beratung-04-175&#215;175.jpg&#8221;][\/vc_column][\/mk_page_section][mk_page_section][vc_column width=&#8221;2\/3&#8243;][vc_column_text el_class=&#8221;titlebox beratung-01 white&#8221;]\n<h2>Progeria clinic<\/h2>\n[\/vc_column_text][vc_empty_space][vc_column_text]The care of patients with progeroid syndromes requires an integrated approach involving experts from various disciplines depending on the individual child\u2019s condition. In our progeria clinic, clinical geneticists and pediatricians work together so that clinical examination, diagnostic assessment and genetic counselling can be provided to the families at one visit. If needed, specialists from other departments will join the multidisciplinary team.<\/p>\n<p>For molecular testing, our diagnostic laboratory offers a large number of NGS-based progeria panels. If the analysis of known progeria-associated genes does not result in a diagnosis, we may offer the family to participate in one of our research studies in which we try to determine the genetic cause in patients with an undiagnosed progeroid disease.[\/vc_column_text][vc_empty_space][vc_column_text css=&#8221;.vc_custom_1535031839890{margin-bottom: 0px !important;}&#8221;]\n<h3><span style=\"color: #66cc99;\">Contact and appointments<\/span><\/h3>\n<p>The clinic is held at the Institute of Human Genetics at regular intervals. You need to make an appointment for your visit.<\/p>\n<p>Institut f\u00fcr Humangenetik<br \/>\nund Medizinisches Versorgungszentrum der UMG, Bereich Humangenetik<br \/>\nAdministration<br \/>\nMs Antje von Pietrowski<br \/>\nTo schedule an appointment, please call us on Monday through Thursday from 08:30 to 12:00.<br \/>\nPhone: <a href=\"tel:+495513960606\">+49-551-39-60606<\/a>[\/vc_column_text][\/vc_column][vc_column width=&#8221;1\/3&#8243;][vc_empty_space][mk_padding_divider][mk_image src=&#8221;https:\/\/www.humangenetik-umg.de\/wp-content\/uploads\/2016\/10\/beratung-04-175&#215;175.jpg&#8221;][\/vc_column][\/mk_page_section][mk_page_section][vc_column][vc_empty_space height=&#8221;50px&#8221;][vc_column_text]\n<h3><span style=\"color: #66cc99;\">Clinical Partners<\/span><\/h3>\n[\/vc_column_text][\/vc_column][\/mk_page_section][mk_page_section][vc_column width=&#8221;1\/2&#8243;][vc_column_text css=&#8221;.vc_custom_1649839774149{margin-bottom: 0px !important;}&#8221;]<strong>Institute of Human Genetics<\/strong><br \/>\nDirector: Prof. Dr. med. Bernd Wollnik<br \/>\n<a href=\"mailto:bernd.wollnik@med.uni-goettingen.de\">bernd.wollnik@med.uni-goettingen.de<\/a><br \/>\nDr. med. Julia Schmidt<br \/>\n<a href=\"mailto:julia.schmidt1@med.uni-goettingen.de\">julia.schmidt1@med.uni-goettingen.de<\/a>[\/vc_column_text][\/vc_column][vc_column width=&#8221;1\/2&#8243;][vc_column_text css=&#8221;.vc_custom_1765461576858{margin-bottom: 0px !important;}&#8221;]<strong>Department of Pediatrics<\/strong><br \/>\nUniv.-Prof. Dr. med. Knut Brockmann[\/vc_column_text][\/vc_column][\/mk_page_section][mk_page_section][vc_column][vc_empty_space height=&#8221;50px&#8221;][vc_column_text]\n<h3><span style=\"color: #66cc99;\">Other cooperating UMG Departments and Institutes<\/span><\/h3>\n[\/vc_column_text][vc_column_text]Cardiology &amp; Pneumology<br \/>\nDermatology, Venereology and Allergology<br \/>\nNephrology &amp; Rheumatology<br \/>\nGastroenterology and Endocrinology<br \/>\nEar, Neck &amp; Throat<br \/>\nOphthalmology<br \/>\nMolecular Biology[\/vc_column_text][vc_empty_space height=&#8221;100px&#8221;][\/vc_column][\/mk_page_section]\n<\/div>","protected":false},"excerpt":{"rendered":"<p>[mk_page_section bg_image=&#8221;https:\/\/www.humangenetik-umg.de\/wp-content\/uploads\/2017\/05\/foto_progerie.jpg&#8221; bg_position=&#8221;center center&#8221; bg_repeat=&#8221;no-repeat&#8221; bg_stretch=&#8221;true&#8221; min_height=&#8221;500&#8243; full_width=&#8221;true&#8221; section_id=&#8221;header-bild&#8221; sidebar=&#8221;sidebar-1&#8243;][vc_column][\/vc_column][\/mk_page_section][mk_page_section sidebar=&#8221;sidebar-1&#8243;][vc_column][vc_empty_space height=&#8221;50px&#8221;][vc_column_text align=&#8221;center&#8221;] Center for Progeroid Syndromes [\/vc_column_text][vc_empty_space height=&#8221;15px&#8221;][vc_row_inner is_fullwidth_content=&#8221;false&#8221;][vc_column_inner][\/vc_column_inner][\/vc_row_inner][mk_padding_divider size=&#8221;80&#8243; visibility=&#8221;hidden-sm&#8221;][mk_padding_divider visibility=&#8221;visible-sm&#8221;][\/vc_column][\/mk_page_section][mk_page_section sidebar=&#8221;sidebar-1&#8243;][vc_column][vc_column_text]The Center for Progeroid Syndromes is a specialized center at the Center for Rare Diseases G\u00f6ttingen (ZSEG). It unites the outstanding expertise and experience of physicians and scientists in the research, diagnostics [&hellip;]<\/p>\n","protected":false},"author":3,"featured_media":0,"parent":9180,"menu_order":0,"comment_status":"closed","ping_status":"closed","template":"","meta":{"footnotes":""},"class_list":["post-9184","page","type-page","status-publish","hentry"],"yoast_head":"<!-- This site is optimized with the Yoast SEO plugin v26.8 - https:\/\/yoast.com\/product\/yoast-seo-wordpress\/ -->\n<title>Center for Progeroid Syndromes - Institut f\u00fcr Humangenetik<\/title>\n<meta name=\"description\" content=\"Our Center unites research, diagnostics, genetic counselling and treatment of patients with progeroid syndromes.\" \/>\n<meta name=\"robots\" content=\"index, follow, max-snippet:-1, max-image-preview:large, max-video-preview:-1\" \/>\n<link rel=\"canonical\" href=\"https:\/\/www.humangenetik-umg.de\/en\/genetic-counselling\/rare-diseases\/center-for-progeroid-syndromes\/\" \/>\n<meta property=\"og:locale\" content=\"en_US\" \/>\n<meta property=\"og:type\" content=\"article\" \/>\n<meta property=\"og:title\" content=\"Center for Progeroid Syndromes - Institut f\u00fcr Humangenetik\" \/>\n<meta property=\"og:description\" content=\"Our Center unites research, diagnostics, genetic counselling and treatment of patients with progeroid syndromes.\" \/>\n<meta property=\"og:url\" content=\"https:\/\/www.humangenetik-umg.de\/en\/genetic-counselling\/rare-diseases\/center-for-progeroid-syndromes\/\" \/>\n<meta property=\"og:site_name\" content=\"Institut f\u00fcr Humangenetik\" \/>\n<meta property=\"article:modified_time\" content=\"2025-12-11T13:58:57+00:00\" \/>\n<meta name=\"twitter:card\" content=\"summary_large_image\" \/>\n<meta name=\"twitter:label1\" content=\"Est. reading time\" \/>\n\t<meta name=\"twitter:data1\" content=\"5 minutes\" \/>\n<script type=\"application\/ld+json\" class=\"yoast-schema-graph\">{\"@context\":\"https:\/\/schema.org\",\"@graph\":[{\"@type\":\"WebPage\",\"@id\":\"https:\/\/www.humangenetik-umg.de\/en\/genetic-counselling\/rare-diseases\/center-for-progeroid-syndromes\/\",\"url\":\"https:\/\/www.humangenetik-umg.de\/en\/genetic-counselling\/rare-diseases\/center-for-progeroid-syndromes\/\",\"name\":\"Center for Progeroid Syndromes - Institut f\u00fcr Humangenetik\",\"isPartOf\":{\"@id\":\"https:\/\/www.humangenetik-umg.de\/en\/#website\"},\"datePublished\":\"2017-07-07T11:08:57+00:00\",\"dateModified\":\"2025-12-11T13:58:57+00:00\",\"description\":\"Our Center unites research, diagnostics, genetic counselling and treatment of patients with progeroid syndromes.\",\"breadcrumb\":{\"@id\":\"https:\/\/www.humangenetik-umg.de\/en\/genetic-counselling\/rare-diseases\/center-for-progeroid-syndromes\/#breadcrumb\"},\"inLanguage\":\"en-US\",\"potentialAction\":[{\"@type\":\"ReadAction\",\"target\":[\"https:\/\/www.humangenetik-umg.de\/en\/genetic-counselling\/rare-diseases\/center-for-progeroid-syndromes\/\"]}]},{\"@type\":\"BreadcrumbList\",\"@id\":\"https:\/\/www.humangenetik-umg.de\/en\/genetic-counselling\/rare-diseases\/center-for-progeroid-syndromes\/#breadcrumb\",\"itemListElement\":[{\"@type\":\"ListItem\",\"position\":1,\"name\":\"Home\",\"item\":\"https:\/\/www.humangenetik-umg.de\/en\/\"},{\"@type\":\"ListItem\",\"position\":2,\"name\":\"Genetic Counselling\",\"item\":\"https:\/\/www.humangenetik-umg.de\/en\/genetic-counselling\/\"},{\"@type\":\"ListItem\",\"position\":3,\"name\":\"Rare Diseases\",\"item\":\"https:\/\/www.humangenetik-umg.de\/en\/genetic-counselling\/rare-diseases\/\"},{\"@type\":\"ListItem\",\"position\":4,\"name\":\"Center for Progeroid Syndromes\"}]},{\"@type\":\"WebSite\",\"@id\":\"https:\/\/www.humangenetik-umg.de\/en\/#website\",\"url\":\"https:\/\/www.humangenetik-umg.de\/en\/\",\"name\":\"Institut f\u00fcr Humangenetik\",\"description\":\"Institut f\u00fcr Humangenetik der Universit\u00e4tsmedizin G\u00f6ttingen\",\"potentialAction\":[{\"@type\":\"SearchAction\",\"target\":{\"@type\":\"EntryPoint\",\"urlTemplate\":\"https:\/\/www.humangenetik-umg.de\/en\/?s={search_term_string}\"},\"query-input\":{\"@type\":\"PropertyValueSpecification\",\"valueRequired\":true,\"valueName\":\"search_term_string\"}}],\"inLanguage\":\"en-US\"}]}<\/script>\n<!-- \/ Yoast SEO plugin. -->","yoast_head_json":{"title":"Center for Progeroid Syndromes - Institut f\u00fcr Humangenetik","description":"Our Center unites research, diagnostics, genetic counselling and treatment of patients with progeroid syndromes.","robots":{"index":"index","follow":"follow","max-snippet":"max-snippet:-1","max-image-preview":"max-image-preview:large","max-video-preview":"max-video-preview:-1"},"canonical":"https:\/\/www.humangenetik-umg.de\/en\/genetic-counselling\/rare-diseases\/center-for-progeroid-syndromes\/","og_locale":"en_US","og_type":"article","og_title":"Center for Progeroid Syndromes - Institut f\u00fcr Humangenetik","og_description":"Our Center unites research, diagnostics, genetic counselling and treatment of patients with progeroid syndromes.","og_url":"https:\/\/www.humangenetik-umg.de\/en\/genetic-counselling\/rare-diseases\/center-for-progeroid-syndromes\/","og_site_name":"Institut f\u00fcr Humangenetik","article_modified_time":"2025-12-11T13:58:57+00:00","twitter_card":"summary_large_image","twitter_misc":{"Est. reading time":"5 minutes"},"schema":{"@context":"https:\/\/schema.org","@graph":[{"@type":"WebPage","@id":"https:\/\/www.humangenetik-umg.de\/en\/genetic-counselling\/rare-diseases\/center-for-progeroid-syndromes\/","url":"https:\/\/www.humangenetik-umg.de\/en\/genetic-counselling\/rare-diseases\/center-for-progeroid-syndromes\/","name":"Center for Progeroid Syndromes - Institut f\u00fcr Humangenetik","isPartOf":{"@id":"https:\/\/www.humangenetik-umg.de\/en\/#website"},"datePublished":"2017-07-07T11:08:57+00:00","dateModified":"2025-12-11T13:58:57+00:00","description":"Our Center unites research, diagnostics, genetic counselling and treatment of patients with progeroid syndromes.","breadcrumb":{"@id":"https:\/\/www.humangenetik-umg.de\/en\/genetic-counselling\/rare-diseases\/center-for-progeroid-syndromes\/#breadcrumb"},"inLanguage":"en-US","potentialAction":[{"@type":"ReadAction","target":["https:\/\/www.humangenetik-umg.de\/en\/genetic-counselling\/rare-diseases\/center-for-progeroid-syndromes\/"]}]},{"@type":"BreadcrumbList","@id":"https:\/\/www.humangenetik-umg.de\/en\/genetic-counselling\/rare-diseases\/center-for-progeroid-syndromes\/#breadcrumb","itemListElement":[{"@type":"ListItem","position":1,"name":"Home","item":"https:\/\/www.humangenetik-umg.de\/en\/"},{"@type":"ListItem","position":2,"name":"Genetic Counselling","item":"https:\/\/www.humangenetik-umg.de\/en\/genetic-counselling\/"},{"@type":"ListItem","position":3,"name":"Rare Diseases","item":"https:\/\/www.humangenetik-umg.de\/en\/genetic-counselling\/rare-diseases\/"},{"@type":"ListItem","position":4,"name":"Center for Progeroid Syndromes"}]},{"@type":"WebSite","@id":"https:\/\/www.humangenetik-umg.de\/en\/#website","url":"https:\/\/www.humangenetik-umg.de\/en\/","name":"Institut f\u00fcr Humangenetik","description":"Institut f\u00fcr Humangenetik der Universit\u00e4tsmedizin G\u00f6ttingen","potentialAction":[{"@type":"SearchAction","target":{"@type":"EntryPoint","urlTemplate":"https:\/\/www.humangenetik-umg.de\/en\/?s={search_term_string}"},"query-input":{"@type":"PropertyValueSpecification","valueRequired":true,"valueName":"search_term_string"}}],"inLanguage":"en-US"}]}},"_links":{"self":[{"href":"https:\/\/www.humangenetik-umg.de\/en\/wp-json\/wp\/v2\/pages\/9184","targetHints":{"allow":["GET"]}}],"collection":[{"href":"https:\/\/www.humangenetik-umg.de\/en\/wp-json\/wp\/v2\/pages"}],"about":[{"href":"https:\/\/www.humangenetik-umg.de\/en\/wp-json\/wp\/v2\/types\/page"}],"author":[{"embeddable":true,"href":"https:\/\/www.humangenetik-umg.de\/en\/wp-json\/wp\/v2\/users\/3"}],"replies":[{"embeddable":true,"href":"https:\/\/www.humangenetik-umg.de\/en\/wp-json\/wp\/v2\/comments?post=9184"}],"version-history":[{"count":0,"href":"https:\/\/www.humangenetik-umg.de\/en\/wp-json\/wp\/v2\/pages\/9184\/revisions"}],"up":[{"embeddable":true,"href":"https:\/\/www.humangenetik-umg.de\/en\/wp-json\/wp\/v2\/pages\/9180"}],"wp:attachment":[{"href":"https:\/\/www.humangenetik-umg.de\/en\/wp-json\/wp\/v2\/media?parent=9184"}],"curies":[{"name":"wp","href":"https:\/\/api.w.org\/{rel}","templated":true}]}}