{"id":9189,"date":"2017-07-07T13:11:51","date_gmt":"2017-07-07T11:11:51","guid":{"rendered":"https:\/\/www.humangenetik-umg.de\/genetic-counselling\/rare-diseases\/zentrum-fuer-unklare-angeborene-syndrome-bei-kindern\/"},"modified":"2025-12-11T14:59:44","modified_gmt":"2025-12-11T13:59:44","slug":"center-undiagnosed-syndromes","status":"publish","type":"page","link":"https:\/\/www.humangenetik-umg.de\/en\/genetic-counselling\/rare-diseases\/center-undiagnosed-syndromes\/","title":{"rendered":"Center for Undiagnosed Congenital Syndromes and Clinical Genome Medicine"},"content":{"rendered":"<div class=\"wpb-content-wrapper\">[mk_page_section bg_image=&#8221;https:\/\/www.humangenetik-umg.de\/wp-content\/uploads\/2017\/05\/foto_seltene_erkrankungen-e1495199323316.jpg&#8221; bg_position=&#8221;center center&#8221; bg_repeat=&#8221;no-repeat&#8221; bg_stretch=&#8221;true&#8221; min_height=&#8221;500&#8243; full_width=&#8221;true&#8221; section_id=&#8221;header-bild&#8221; sidebar=&#8221;sidebar-1&#8243;][vc_column][\/vc_column][\/mk_page_section][mk_page_section sidebar=&#8221;sidebar-1&#8243;][vc_column][vc_empty_space height=&#8221;50px&#8221;][vc_column_text align=&#8221;center&#8221; css=&#8221;.vc_custom_1637826808932{margin-bottom: 0px !important;}&#8221;]\n<h1 style=\"text-align: center;\"><span style=\"color: #66cc99;\">Center for Undiagnosed Congenital Syndromes and Clinical Genome Medicine<\/span><span style=\"color: #65dafd;\"><br \/>\n<\/span><\/h1>\n[\/vc_column_text][vc_empty_space height=&#8221;15px&#8221;][vc_row_inner is_fullwidth_content=&#8221;false&#8221;][vc_column_inner][\/vc_column_inner][\/vc_row_inner][mk_padding_divider size=&#8221;80&#8243; visibility=&#8221;hidden-sm&#8221;][mk_padding_divider visibility=&#8221;visible-sm&#8221;][\/vc_column][\/mk_page_section][mk_page_section sidebar=&#8221;sidebar-1&#8243;][vc_column][vc_column_text css=&#8221;.vc_custom_1637826842730{margin-bottom: 0px !important;}&#8221;]The Center for Undiagnosed Congenital Syndromes and Clinical Genome Medicine is part of the <a style=\"text-decoration: none;\" href=\"http:\/\/zseg.uni-goettingen.de\/\" target=\"_blank\" rel=\"noopener\"><span style=\"color: #66cc99;\">Center of Rare Diseases G\u00f6ttingen (ZSEG)<\/span><\/a> and is organized jointly by the Institute of Human Genetics and the Department of Pediatrics at the UMG.<\/p>\n<p>By combining our outstanding scientific and clinical expertise, we aim to establish a precise diagnosis in children with unclear congenital syndromes as early as possible and to determine the genetic cause of their condition.<\/p>\n<p>An early and correct diagnosis is very important for the affected children and their families. It provides the basis that allows to make statements about the course of the disease and to take decisions on therapeutic approaches and further steps in the care of these children. It is also essential to answer pressing questions for the families, for example, regarding the risk of recurrence of specific syndromes.[\/vc_column_text][vc_empty_space][vc_tta_accordion style=&#8221;outline&#8221; shape=&#8221;square&#8221; color=&#8221;vista-blue&#8221; c_icon=&#8221;&#8221; active_section=&#8221;1&#8243;][vc_tta_section i_icon_fontawesome=&#8221;fa fa-question&#8221; add_icon=&#8221;true&#8221; title=&#8221;What is a syndrome?&#8221; tab_id=&#8221;1476093045433-dada6141-696802b5-81746120-f79395cb-d572&#8243;][vc_column_text]A syndrome is a congenital condition characterized by several features occurring together. These features may either be present at birth or may become present during childhood or adolescence. They can involve different organ systems and may for example include malformations of the head, the face or the limbs, dysfunction or malformations of organs, short stature or developmental delay.[\/vc_column_text][\/vc_tta_section][vc_tta_section i_icon_fontawesome=&#8221;fa fa-question&#8221; add_icon=&#8221;true&#8221; title=&#8221;What is the cause of a syndrome?&#8221; tab_id=&#8221;1476375333758-adbd6bc2-77a16120-f79395cb-d572&#8243;][vc_column_text]Most syndromes have a genetic basis, although we do not know for all syndromes by what genetic change they are caused.[\/vc_column_text][\/vc_tta_section][vc_tta_section i_icon_fontawesome=&#8221;fa fa-question&#8221; add_icon=&#8221;true&#8221; title=&#8221;Why is it often so difficult to diagnose a specific syndrome?&#8221; tab_id=&#8221;1476375333189-d3dde048-caae6120-f79395cb-d572&#8243;][vc_column_text]Congenital syndromes are often clinically and genetically heterogeneous. Conditions that are caused by the same genetic change may present very differently and, vice versa, syndromes may look very similar although they have a different genetic cause. This makes them difficult to diagnose by genetic testing if one uses the conventional method where only single genes or multiple known disease genes are analyzed in a steplike process. And many patients show unspecific or overlapping symptoms that are difficult to attribute to a distinct known syndrome for a clinical diagnosis.[\/vc_column_text][\/vc_tta_section][\/vc_tta_accordion][vc_empty_space height=&#8221;15px&#8221;][mk_padding_divider size=&#8221;60&#8243;][\/vc_column][\/mk_page_section][mk_page_section][vc_column width=&#8221;2\/3&#8243;][vc_column_text el_class=&#8221;titlebox beratung-01 white&#8221; css=&#8221;.vc_custom_1535117830648{margin-bottom: 0px !important;}&#8221;]\n<h2>Research on Rare Syndromes<\/h2>\n[\/vc_column_text][vc_empty_space][vc_column_text css=&#8221;.vc_custom_1535116201698{margin-bottom: 0px !important;}&#8221;]Many congenital syndromes are extremely rare and we do not yet know their genetic cause. Unravelling such diseases is one of our main research areas. Using next generation sequencing technology, we perform whole exome and whole genome sequencing to search thousands of genes or even the entire genetic material of a patient to find causative changes (mutations).<\/p>\n<p>Our specialized Mutation Mining (MM) Team of scientists and clinicians analyzes and interprets the data generated in our research study on undiagnosed congenital syndromes and searches for possible causative variants. Then our research groups perform functional analyses to find out whether the cellular and molecular effects of the identified mutations can explain the patient&#8217;s condition. Using this approach, we are increasingly able to attribute unclear congenital disorders to changes in genes that are either known to be involved in human diseases or have not yet been described as disease-associated genes. Novel genes revealed by us in 2018 include for example <em>CHD3<\/em> and <em>NEK3<\/em>, and it has been shown that a molecular diagnosis can be established in the majority of cases investigated in our research study. [\/vc_column_text][mk_padding_divider size=&#8221;60&#8243;][\/vc_column][vc_column width=&#8221;1\/3&#8243;][vc_empty_space][mk_padding_divider][mk_image src=&#8221;https:\/\/www.humangenetik-umg.de\/wp-content\/uploads\/2016\/10\/beratung-04-175&#215;175.jpg&#8221;][\/vc_column][\/mk_page_section][mk_page_section][vc_column width=&#8221;2\/3&#8243;][vc_column_text el_class=&#8221;titlebox beratung-01 white&#8221;]\n<h2>Clinic for Undiagnosed Congenital Syndromes in Children<\/h2>\n[\/vc_column_text][vc_empty_space][vc_column_text]Our clinic is held jointly by physicians from the Institute of Human Genetics and the Children\u2019s Hospital. Clinical examination, diagnostic assessment and genetic counselling can thus be provided to the families at one visit. If needed, specialists from other departments will join the multidisciplinary team.<\/p>\n<p>When we see a child at our clinic, the findings from the clinical examination and the information we gain from previous tests and medical records may allow us to attribute the symptoms to a distinct syndrome. In such cases, we will discuss with the family whether it is possible and helpful to confirm the diagnosis by a genetic test. If the clinical picture does not suggest a known syndrome, we may offer the family to participate in one of our specific scientific studies which we perform in third-party funded research projects, for example, on microcephaly, skeletal disorders, craniofacial malformations and others. In these research studies, we use the latest sequencing technology to identify the genetic causes of undiagnosed syndromes.[\/vc_column_text][vc_empty_space][vc_column_text css=&#8221;.vc_custom_1731414687132{margin-bottom: 0px !important;}&#8221;]\n<h3><span style=\"color: #66cc99;\">Contact and Appointments<\/span><\/h3>\n<p>The clinic is held at the Department of Pediatrics at regular intervals. You need to make an appointment for your visit.<\/p>\n<p>Department of Pediatrics<br \/>\nCommunity Pediatric Service (Sozialp\u00e4diatrisches Zentrum, SPZ)<br \/>\nPhone: <a href=\"tel:+495513913241\">+49-551-39-13241<\/a><br \/>\nFax: 0551-39-13245<br \/>\nEmail: spz@med.uni-goettingen.de<\/p>\n[mk_button dimension=&#8221;flat&#8221; size=&#8221;medium&#8221; icon=&#8221;mk-icon-long-arrow-right&#8221; icon_anim=&#8221;side&#8221; url=&#8221; https:\/\/kinderklinik.umg.eu\/patienten-besucher\/medizinische-kompetenzzentren\/sozialpaediatrisches-zentrum\/&#8221; target=&#8221;_blank&#8221; bg_color=&#8221;#66cc99&#8243; btn_hover_bg=&#8221;#000000&#8243; btn_hover_txt_color=&#8221;#ffffff&#8221;]To SPZ Website[\/mk_button][\/vc_column_text][\/vc_column][vc_column width=&#8221;1\/3&#8243;][vc_empty_space][mk_padding_divider][mk_image src=&#8221;https:\/\/www.humangenetik-umg.de\/wp-content\/uploads\/2016\/10\/beratung-04-175&#215;175.jpg&#8221;][\/vc_column][\/mk_page_section][mk_page_section][vc_column][vc_empty_space height=&#8221;50px&#8221;][vc_column_text css=&#8221;.vc_custom_1535116362813{margin-bottom: 0px !important;}&#8221;]\n<h3><span style=\"color: #66cc99;\">Clinical Contacts<\/span><\/h3>\n[\/vc_column_text][\/vc_column][\/mk_page_section][mk_page_section][vc_column width=&#8221;1\/2&#8243;][vc_column_text css=&#8221;.vc_custom_1765461624499{margin-bottom: 0px !important;}&#8221;]<strong>Department of Pediatrics<\/strong><br \/>\nHead of Community Pediatric Services<br \/>\n(Sozialp\u00e4diatrisches Zentrum):<br \/>\nPriv.-Doz. Dr. med. Matthias Kettwig[\/vc_column_text][\/vc_column][vc_column width=&#8221;1\/2&#8243;][vc_column_text]<strong>Institute of Human Genetics<\/strong><br \/>\nDirector: Prof. Dr. med. Bernd Wollnik<br \/>\n<a href=\"mailto:bernd.wollnik@med.uni-goettingen.de\">bernd.wollnik@med.uni-goettingen.de<\/a>[\/vc_column_text][\/vc_column][\/mk_page_section][mk_page_section][vc_column][vc_empty_space height=&#8221;50px&#8221;][vc_column_text css=&#8221;.vc_custom_1535116825869{margin-bottom: 0px !important;}&#8221;]\n<h3><span style=\"color: #66cc99;\">Board of Management<br \/>\n<\/span><\/h3>\n[\/vc_column_text][\/vc_column][\/mk_page_section][mk_page_section][vc_column][vc_column_text css=&#8221;.vc_custom_1535118044252{margin-bottom: 0px !important;}&#8221;]Prof. Dr. Bernd Wollnik (Speaker), Institute of Human Genetics<br \/>\nProf. Dr. Knut Brockmann (Deputy Speaker), Community Pediatric Services (SPZ)<br \/>\nProf. Dr. Jorge Frank, Department of Dermatology<br \/>\nDr. Verena Gravenhorst, Department of Pediatric Cardiology<br \/>\nPD Dr. Silke Pauli, Institute of Human Genetics<br \/>\nDr. Dagmar Weise, Department of Pediatrics[\/vc_column_text][\/vc_column][\/mk_page_section][mk_page_section][vc_column][vc_empty_space height=&#8221;50px&#8221;][vc_column_text css=&#8221;.vc_custom_1535116898224{margin-bottom: 0px !important;}&#8221;]\n<h3><span style=\"color: #66cc99;\">Participating Departments and Institutes<\/span><\/h3>\n[\/vc_column_text][\/vc_column][\/mk_page_section][mk_page_section][vc_column][vc_column_text css=&#8221;.vc_custom_1535117768935{margin-bottom: 0px !important;}&#8221;]Institute of Human Genetics<br \/>\nCommunity Pediatric Services (SPZ)<br \/>\nDepartment of Pediatrics<br \/>\nDepartment of Pediatric Cardiology and Intensive Care<br \/>\nDepartment of Neurologic Surgery<br \/>\nDepartment of General Surgery<br \/>\nDepartment of Trauma, Orthopedic and Reconstructive Surgery<br \/>\nDepartment of Ophthalmology<br \/>\nDepartment of Cardiology and Pneumology<br \/>\nInstitute of Diagnostic and Interventional Radiology (Pediatric Radiology)<br \/>\nDepartment of Dermatology, Venerology and Allergy<br \/>\nInstitute of Diagnostic and Interventional Neuroradiology<br \/>\n[\/vc_column_text][\/vc_column][\/mk_page_section]\n<\/div>","protected":false},"excerpt":{"rendered":"<p>[mk_page_section bg_image=&#8221;https:\/\/www.humangenetik-umg.de\/wp-content\/uploads\/2017\/05\/foto_seltene_erkrankungen-e1495199323316.jpg&#8221; bg_position=&#8221;center center&#8221; bg_repeat=&#8221;no-repeat&#8221; bg_stretch=&#8221;true&#8221; min_height=&#8221;500&#8243; full_width=&#8221;true&#8221; section_id=&#8221;header-bild&#8221; sidebar=&#8221;sidebar-1&#8243;][vc_column][\/vc_column][\/mk_page_section][mk_page_section sidebar=&#8221;sidebar-1&#8243;][vc_column][vc_empty_space height=&#8221;50px&#8221;][vc_column_text align=&#8221;center&#8221; css=&#8221;.vc_custom_1637826808932{margin-bottom: 0px !important;}&#8221;] Center for Undiagnosed Congenital Syndromes and Clinical Genome Medicine [\/vc_column_text][vc_empty_space height=&#8221;15px&#8221;][vc_row_inner is_fullwidth_content=&#8221;false&#8221;][vc_column_inner][\/vc_column_inner][\/vc_row_inner][mk_padding_divider size=&#8221;80&#8243; visibility=&#8221;hidden-sm&#8221;][mk_padding_divider visibility=&#8221;visible-sm&#8221;][\/vc_column][\/mk_page_section][mk_page_section sidebar=&#8221;sidebar-1&#8243;][vc_column][vc_column_text css=&#8221;.vc_custom_1637826842730{margin-bottom: 0px !important;}&#8221;]The Center for Undiagnosed Congenital Syndromes and Clinical Genome Medicine is part of the Center of Rare Diseases G\u00f6ttingen (ZSEG) and [&hellip;]<\/p>\n","protected":false},"author":3,"featured_media":0,"parent":9180,"menu_order":0,"comment_status":"closed","ping_status":"closed","template":"","meta":{"footnotes":""},"class_list":["post-9189","page","type-page","status-publish","hentry"],"yoast_head":"<!-- This site is optimized with the Yoast SEO plugin v26.8 - https:\/\/yoast.com\/product\/yoast-seo-wordpress\/ -->\n<title>Center for Undiagnosed Congenital Syndromes and Clinical Genome Medicine - Institut f\u00fcr Humangenetik<\/title>\n<meta name=\"description\" content=\"In our center, we use an interdisciplinary approach to establish a precise diagnosis in children with unclear congenital syndromes as early as possible.\" \/>\n<meta name=\"robots\" content=\"index, follow, max-snippet:-1, max-image-preview:large, max-video-preview:-1\" \/>\n<link rel=\"canonical\" href=\"https:\/\/www.humangenetik-umg.de\/en\/genetic-counselling\/rare-diseases\/center-undiagnosed-syndromes\/\" \/>\n<meta property=\"og:locale\" content=\"en_US\" \/>\n<meta property=\"og:type\" content=\"article\" \/>\n<meta property=\"og:title\" content=\"Center for Undiagnosed Congenital Syndromes and Clinical Genome Medicine - Institut f\u00fcr Humangenetik\" \/>\n<meta property=\"og:description\" content=\"In our center, we use an interdisciplinary approach to establish a precise diagnosis in children with unclear congenital syndromes as early as possible.\" \/>\n<meta property=\"og:url\" content=\"https:\/\/www.humangenetik-umg.de\/en\/genetic-counselling\/rare-diseases\/center-undiagnosed-syndromes\/\" \/>\n<meta property=\"og:site_name\" content=\"Institut f\u00fcr Humangenetik\" \/>\n<meta property=\"article:modified_time\" content=\"2025-12-11T13:59:44+00:00\" \/>\n<meta name=\"twitter:card\" content=\"summary_large_image\" \/>\n<meta name=\"twitter:label1\" content=\"Est. reading time\" \/>\n\t<meta name=\"twitter:data1\" content=\"6 minutes\" \/>\n<script type=\"application\/ld+json\" class=\"yoast-schema-graph\">{\"@context\":\"https:\/\/schema.org\",\"@graph\":[{\"@type\":\"WebPage\",\"@id\":\"https:\/\/www.humangenetik-umg.de\/en\/genetic-counselling\/rare-diseases\/center-undiagnosed-syndromes\/\",\"url\":\"https:\/\/www.humangenetik-umg.de\/en\/genetic-counselling\/rare-diseases\/center-undiagnosed-syndromes\/\",\"name\":\"Center for Undiagnosed Congenital Syndromes and Clinical Genome Medicine - Institut f\u00fcr Humangenetik\",\"isPartOf\":{\"@id\":\"https:\/\/www.humangenetik-umg.de\/en\/#website\"},\"datePublished\":\"2017-07-07T11:11:51+00:00\",\"dateModified\":\"2025-12-11T13:59:44+00:00\",\"description\":\"In our center, we use an interdisciplinary approach to establish a precise diagnosis in children with unclear congenital syndromes as early as possible.\",\"breadcrumb\":{\"@id\":\"https:\/\/www.humangenetik-umg.de\/en\/genetic-counselling\/rare-diseases\/center-undiagnosed-syndromes\/#breadcrumb\"},\"inLanguage\":\"en-US\",\"potentialAction\":[{\"@type\":\"ReadAction\",\"target\":[\"https:\/\/www.humangenetik-umg.de\/en\/genetic-counselling\/rare-diseases\/center-undiagnosed-syndromes\/\"]}]},{\"@type\":\"BreadcrumbList\",\"@id\":\"https:\/\/www.humangenetik-umg.de\/en\/genetic-counselling\/rare-diseases\/center-undiagnosed-syndromes\/#breadcrumb\",\"itemListElement\":[{\"@type\":\"ListItem\",\"position\":1,\"name\":\"Home\",\"item\":\"https:\/\/www.humangenetik-umg.de\/en\/\"},{\"@type\":\"ListItem\",\"position\":2,\"name\":\"Genetic Counselling\",\"item\":\"https:\/\/www.humangenetik-umg.de\/en\/genetic-counselling\/\"},{\"@type\":\"ListItem\",\"position\":3,\"name\":\"Rare Diseases\",\"item\":\"https:\/\/www.humangenetik-umg.de\/en\/genetic-counselling\/rare-diseases\/\"},{\"@type\":\"ListItem\",\"position\":4,\"name\":\"Center for Undiagnosed Congenital Syndromes and Clinical Genome Medicine\"}]},{\"@type\":\"WebSite\",\"@id\":\"https:\/\/www.humangenetik-umg.de\/en\/#website\",\"url\":\"https:\/\/www.humangenetik-umg.de\/en\/\",\"name\":\"Institut f\u00fcr Humangenetik\",\"description\":\"Institut f\u00fcr Humangenetik der Universit\u00e4tsmedizin G\u00f6ttingen\",\"potentialAction\":[{\"@type\":\"SearchAction\",\"target\":{\"@type\":\"EntryPoint\",\"urlTemplate\":\"https:\/\/www.humangenetik-umg.de\/en\/?s={search_term_string}\"},\"query-input\":{\"@type\":\"PropertyValueSpecification\",\"valueRequired\":true,\"valueName\":\"search_term_string\"}}],\"inLanguage\":\"en-US\"}]}<\/script>\n<!-- \/ Yoast SEO plugin. -->","yoast_head_json":{"title":"Center for Undiagnosed Congenital Syndromes and Clinical Genome Medicine - Institut f\u00fcr Humangenetik","description":"In our center, we use an interdisciplinary approach to establish a precise diagnosis in children with unclear congenital syndromes as early as possible.","robots":{"index":"index","follow":"follow","max-snippet":"max-snippet:-1","max-image-preview":"max-image-preview:large","max-video-preview":"max-video-preview:-1"},"canonical":"https:\/\/www.humangenetik-umg.de\/en\/genetic-counselling\/rare-diseases\/center-undiagnosed-syndromes\/","og_locale":"en_US","og_type":"article","og_title":"Center for Undiagnosed Congenital Syndromes and Clinical Genome Medicine - Institut f\u00fcr Humangenetik","og_description":"In our center, we use an interdisciplinary approach to establish a precise diagnosis in children with unclear congenital syndromes as early as possible.","og_url":"https:\/\/www.humangenetik-umg.de\/en\/genetic-counselling\/rare-diseases\/center-undiagnosed-syndromes\/","og_site_name":"Institut f\u00fcr Humangenetik","article_modified_time":"2025-12-11T13:59:44+00:00","twitter_card":"summary_large_image","twitter_misc":{"Est. reading time":"6 minutes"},"schema":{"@context":"https:\/\/schema.org","@graph":[{"@type":"WebPage","@id":"https:\/\/www.humangenetik-umg.de\/en\/genetic-counselling\/rare-diseases\/center-undiagnosed-syndromes\/","url":"https:\/\/www.humangenetik-umg.de\/en\/genetic-counselling\/rare-diseases\/center-undiagnosed-syndromes\/","name":"Center for Undiagnosed Congenital Syndromes and Clinical Genome Medicine - Institut f\u00fcr Humangenetik","isPartOf":{"@id":"https:\/\/www.humangenetik-umg.de\/en\/#website"},"datePublished":"2017-07-07T11:11:51+00:00","dateModified":"2025-12-11T13:59:44+00:00","description":"In our center, we use an interdisciplinary approach to establish a precise diagnosis in children with unclear congenital syndromes as early as possible.","breadcrumb":{"@id":"https:\/\/www.humangenetik-umg.de\/en\/genetic-counselling\/rare-diseases\/center-undiagnosed-syndromes\/#breadcrumb"},"inLanguage":"en-US","potentialAction":[{"@type":"ReadAction","target":["https:\/\/www.humangenetik-umg.de\/en\/genetic-counselling\/rare-diseases\/center-undiagnosed-syndromes\/"]}]},{"@type":"BreadcrumbList","@id":"https:\/\/www.humangenetik-umg.de\/en\/genetic-counselling\/rare-diseases\/center-undiagnosed-syndromes\/#breadcrumb","itemListElement":[{"@type":"ListItem","position":1,"name":"Home","item":"https:\/\/www.humangenetik-umg.de\/en\/"},{"@type":"ListItem","position":2,"name":"Genetic Counselling","item":"https:\/\/www.humangenetik-umg.de\/en\/genetic-counselling\/"},{"@type":"ListItem","position":3,"name":"Rare Diseases","item":"https:\/\/www.humangenetik-umg.de\/en\/genetic-counselling\/rare-diseases\/"},{"@type":"ListItem","position":4,"name":"Center for Undiagnosed Congenital Syndromes and Clinical Genome Medicine"}]},{"@type":"WebSite","@id":"https:\/\/www.humangenetik-umg.de\/en\/#website","url":"https:\/\/www.humangenetik-umg.de\/en\/","name":"Institut f\u00fcr Humangenetik","description":"Institut f\u00fcr Humangenetik der Universit\u00e4tsmedizin G\u00f6ttingen","potentialAction":[{"@type":"SearchAction","target":{"@type":"EntryPoint","urlTemplate":"https:\/\/www.humangenetik-umg.de\/en\/?s={search_term_string}"},"query-input":{"@type":"PropertyValueSpecification","valueRequired":true,"valueName":"search_term_string"}}],"inLanguage":"en-US"}]}},"_links":{"self":[{"href":"https:\/\/www.humangenetik-umg.de\/en\/wp-json\/wp\/v2\/pages\/9189","targetHints":{"allow":["GET"]}}],"collection":[{"href":"https:\/\/www.humangenetik-umg.de\/en\/wp-json\/wp\/v2\/pages"}],"about":[{"href":"https:\/\/www.humangenetik-umg.de\/en\/wp-json\/wp\/v2\/types\/page"}],"author":[{"embeddable":true,"href":"https:\/\/www.humangenetik-umg.de\/en\/wp-json\/wp\/v2\/users\/3"}],"replies":[{"embeddable":true,"href":"https:\/\/www.humangenetik-umg.de\/en\/wp-json\/wp\/v2\/comments?post=9189"}],"version-history":[{"count":0,"href":"https:\/\/www.humangenetik-umg.de\/en\/wp-json\/wp\/v2\/pages\/9189\/revisions"}],"up":[{"embeddable":true,"href":"https:\/\/www.humangenetik-umg.de\/en\/wp-json\/wp\/v2\/pages\/9180"}],"wp:attachment":[{"href":"https:\/\/www.humangenetik-umg.de\/en\/wp-json\/wp\/v2\/media?parent=9189"}],"curies":[{"name":"wp","href":"https:\/\/api.w.org\/{rel}","templated":true}]}}