{"id":9811,"date":"2018-05-09T13:40:45","date_gmt":"2018-05-09T11:40:45","guid":{"rendered":"https:\/\/www.humangenetik-umg.de\/datenschutzerklaerung\/"},"modified":"2024-10-30T15:40:13","modified_gmt":"2024-10-30T14:40:13","slug":"privacy-notice","status":"publish","type":"page","link":"https:\/\/www.humangenetik-umg.de\/en\/privacy-notice\/","title":{"rendered":"Privacy notice"},"content":{"rendered":"<div class=\"wpb-content-wrapper\">[mk_page_section sidebar=&#8221;sidebar-1&#8243;][vc_column el_class=&#8221;job-proposals&#8221;][vc_empty_space height=&#8221;50px&#8221;][vc_column_text css=&#8221;.vc_custom_1527665565764{margin-bottom: 0px !important;}&#8221;]\n<h1 style=\"text-align: center;\"><span style=\"color: #066699;\">Privacy notice<\/span><span style=\"color: #65dafd;\"><br \/>\n<\/span><\/h1>\n[\/vc_column_text][vc_empty_space height=&#8221;30px&#8221;][vc_column_text css=&#8221;.vc_custom_1527665595135{margin-bottom: 0px !important;}&#8221;]This privacy notice informs users of our website on the nature, scope and purpose of the collection and use of personal data by the responsible provider, Prof. Dr. med. Bernd Wollnik, Institute of Human Genetics, Heinrich-D\u00fcker-Weg 12, 37073 G\u00f6ttingen, bernd.wollnik@med.uni-goettingen.de, Phone +49-551-39-7589.[\/vc_column_text][vc_empty_space height=&#8221;50px&#8221;][vc_row_inner is_fullwidth_content=&#8221;false&#8221;][vc_column_inner][vc_column_text css=&#8221;.vc_custom_1527665635333{margin-bottom: 0px !important;}&#8221;]\n<h3><span style=\"color: #066699;\">Collection of personal data<\/span><\/h3>\n<p>You can use our website without disclosing your identity. We do not collect personal data such as your name, email address or phone number on our website.[\/vc_column_text][vc_column_text css=&#8221;.vc_custom_1527665680370{margin-bottom: 0px !important;}&#8221;]\n<h3><span style=\"color: #066699;\">Storage of access data<\/span><\/h3>\n<p>Every time you access our website, our webhosting provider automatically collects and stores information in so called server logfiles. This information includes the accessed page of our website, date and time of access, amount of data transferred in byte, the internet page you visited first before visiting the requested page (so called &#8220;referrer&#8221;), your browser, IP address of your internet service provider. These data are non-personal and anonymized. They are used to ensure the correct operation of our website, to detect errors or unauthorized access and to prevent misuse.[\/vc_column_text][vc_column_text css=&#8221;.vc_custom_1527665725548{margin-bottom: 0px !important;}&#8221;]\n<h3><span style=\"color: #066699;\">Use of cookies<\/span><\/h3>\n<p>To make the use of our website easier for you and to provide specific functions, we use so-called cookies. Cookies are small text files that are stored in the local cache of your device. Your browser uses these files. Session cookies are deleted at the end of the browser session, while permanent cookies remain in your browser and allow the recognition of the browser during later visits to our website. Commonly used browsers allow to control the way in which cookies are used by altering browser settings. Please note: If you activate the setting on your browser to disable cookies, this may affect the functioning of our website.[\/vc_column_text][vc_column_text css=&#8221;.vc_custom_1527665767013{margin-bottom: 0px !important;}&#8221;]\n<h3><span style=\"color: #066699;\">Use of web analytics tools<\/span><\/h3>\n<p>We do not use any web analytics tools as for example Google Analytics.[\/vc_column_text][vc_column_text css=&#8221;.vc_custom_1527665808437{margin-bottom: 0px !important;}&#8221;]\n<h3><span style=\"color: #066699;\">Use of social media plugins<\/span><\/h3>\n<p>Our website does not use any plugins of social networks.[\/vc_column_text][vc_column_text css=&#8221;.vc_custom_1527665861898{margin-bottom: 0px !important;}&#8221;]\n<h3><span style=\"color: #066699;\">Withdrawal, corrections and updates<\/span><\/h3>\n<p>You have the right to obtain free information about whether and what type of personal data on you we have stored. If these data should prove to be incorrect you may request their correction. If you wish to have any of your stored personal data deleted or locked, this will be done in the context of the statutory provisions.[\/vc_column_text][\/vc_column_inner][\/vc_row_inner][mk_padding_divider visibility=&#8221;hidden-sm&#8221;][vc_empty_space height=&#8221;1&#8243; el_class=&#8221;v-spacer-50&#8243;][\/vc_column][\/mk_page_section][vc_row][vc_column][\/vc_column][\/vc_row]\n<\/div>","protected":false},"excerpt":{"rendered":"<p>[mk_page_section sidebar=&#8221;sidebar-1&#8243;][vc_column el_class=&#8221;job-proposals&#8221;][vc_empty_space height=&#8221;50px&#8221;][vc_column_text css=&#8221;.vc_custom_1527665565764{margin-bottom: 0px !important;}&#8221;] Privacy notice [\/vc_column_text][vc_empty_space height=&#8221;30px&#8221;][vc_column_text css=&#8221;.vc_custom_1527665595135{margin-bottom: 0px !important;}&#8221;]This privacy notice informs users of our website on the nature, scope and purpose of the collection and use of personal data by the responsible provider, Prof. Dr. med. Bernd Wollnik, Institute of Human Genetics, Heinrich-D\u00fcker-Weg 12, 37073 G\u00f6ttingen, bernd.wollnik@med.uni-goettingen.de, Phone +49-551-39-7589.[\/vc_column_text][vc_empty_space [&hellip;]<\/p>\n","protected":false},"author":3,"featured_media":0,"parent":0,"menu_order":0,"comment_status":"closed","ping_status":"closed","template":"","meta":{"footnotes":""},"class_list":["post-9811","page","type-page","status-publish","hentry"],"yoast_head":"<!-- This site is optimized with the Yoast SEO plugin v26.8 - https:\/\/yoast.com\/product\/yoast-seo-wordpress\/ -->\n<title>Privacy notice - Institut f\u00fcr Humangenetik<\/title>\n<meta name=\"robots\" content=\"index, follow, max-snippet:-1, max-image-preview:large, max-video-preview:-1\" \/>\n<link rel=\"canonical\" href=\"https:\/\/www.humangenetik-umg.de\/en\/privacy-notice\/\" \/>\n<meta property=\"og:locale\" content=\"en_US\" \/>\n<meta property=\"og:type\" content=\"article\" \/>\n<meta property=\"og:title\" content=\"Privacy notice - Institut f\u00fcr Humangenetik\" \/>\n<meta property=\"og:description\" content=\"[mk_page_section sidebar=&#8221;sidebar-1&#8243;][vc_column el_class=&#8221;job-proposals&#8221;][vc_empty_space height=&#8221;50px&#8221;][vc_column_text css=&#8221;.vc_custom_1527665565764{margin-bottom: 0px !important;}&#8221;] Privacy notice [\/vc_column_text][vc_empty_space height=&#8221;30px&#8221;][vc_column_text css=&#8221;.vc_custom_1527665595135{margin-bottom: 0px !important;}&#8221;]This privacy notice informs users of our website on the nature, scope and purpose of the collection and use of personal data by the responsible provider, Prof. Dr. med. Bernd Wollnik, Institute of Human Genetics, Heinrich-D\u00fcker-Weg 12, 37073 G\u00f6ttingen, bernd.wollnik@med.uni-goettingen.de, Phone +49-551-39-7589.[\/vc_column_text][vc_empty_space [&hellip;]\" \/>\n<meta property=\"og:url\" content=\"https:\/\/www.humangenetik-umg.de\/en\/privacy-notice\/\" \/>\n<meta property=\"og:site_name\" content=\"Institut f\u00fcr Humangenetik\" \/>\n<meta property=\"article:modified_time\" content=\"2024-10-30T14:40:13+00:00\" \/>\n<meta name=\"twitter:card\" content=\"summary_large_image\" \/>\n<meta name=\"twitter:label1\" content=\"Est. reading time\" \/>\n\t<meta name=\"twitter:data1\" content=\"3 minutes\" \/>\n<script type=\"application\/ld+json\" class=\"yoast-schema-graph\">{\"@context\":\"https:\/\/schema.org\",\"@graph\":[{\"@type\":\"WebPage\",\"@id\":\"https:\/\/www.humangenetik-umg.de\/en\/privacy-notice\/\",\"url\":\"https:\/\/www.humangenetik-umg.de\/en\/privacy-notice\/\",\"name\":\"Privacy notice - Institut f\u00fcr Humangenetik\",\"isPartOf\":{\"@id\":\"https:\/\/www.humangenetik-umg.de\/en\/#website\"},\"datePublished\":\"2018-05-09T11:40:45+00:00\",\"dateModified\":\"2024-10-30T14:40:13+00:00\",\"breadcrumb\":{\"@id\":\"https:\/\/www.humangenetik-umg.de\/en\/privacy-notice\/#breadcrumb\"},\"inLanguage\":\"en-US\",\"potentialAction\":[{\"@type\":\"ReadAction\",\"target\":[\"https:\/\/www.humangenetik-umg.de\/en\/privacy-notice\/\"]}]},{\"@type\":\"BreadcrumbList\",\"@id\":\"https:\/\/www.humangenetik-umg.de\/en\/privacy-notice\/#breadcrumb\",\"itemListElement\":[{\"@type\":\"ListItem\",\"position\":1,\"name\":\"Home\",\"item\":\"https:\/\/www.humangenetik-umg.de\/en\/\"},{\"@type\":\"ListItem\",\"position\":2,\"name\":\"Privacy notice\"}]},{\"@type\":\"WebSite\",\"@id\":\"https:\/\/www.humangenetik-umg.de\/en\/#website\",\"url\":\"https:\/\/www.humangenetik-umg.de\/en\/\",\"name\":\"Institut f\u00fcr Humangenetik\",\"description\":\"Institut f\u00fcr Humangenetik der Universit\u00e4tsmedizin G\u00f6ttingen\",\"potentialAction\":[{\"@type\":\"SearchAction\",\"target\":{\"@type\":\"EntryPoint\",\"urlTemplate\":\"https:\/\/www.humangenetik-umg.de\/en\/?s={search_term_string}\"},\"query-input\":{\"@type\":\"PropertyValueSpecification\",\"valueRequired\":true,\"valueName\":\"search_term_string\"}}],\"inLanguage\":\"en-US\"}]}<\/script>\n<!-- \/ Yoast SEO plugin. -->","yoast_head_json":{"title":"Privacy notice - Institut f\u00fcr Humangenetik","robots":{"index":"index","follow":"follow","max-snippet":"max-snippet:-1","max-image-preview":"max-image-preview:large","max-video-preview":"max-video-preview:-1"},"canonical":"https:\/\/www.humangenetik-umg.de\/en\/privacy-notice\/","og_locale":"en_US","og_type":"article","og_title":"Privacy notice - Institut f\u00fcr Humangenetik","og_description":"[mk_page_section sidebar=&#8221;sidebar-1&#8243;][vc_column el_class=&#8221;job-proposals&#8221;][vc_empty_space height=&#8221;50px&#8221;][vc_column_text css=&#8221;.vc_custom_1527665565764{margin-bottom: 0px !important;}&#8221;] Privacy notice [\/vc_column_text][vc_empty_space height=&#8221;30px&#8221;][vc_column_text css=&#8221;.vc_custom_1527665595135{margin-bottom: 0px !important;}&#8221;]This privacy notice informs users of our website on the nature, scope and purpose of the collection and use of personal data by the responsible provider, Prof. Dr. med. Bernd Wollnik, Institute of Human Genetics, Heinrich-D\u00fcker-Weg 12, 37073 G\u00f6ttingen, bernd.wollnik@med.uni-goettingen.de, Phone +49-551-39-7589.[\/vc_column_text][vc_empty_space [&hellip;]","og_url":"https:\/\/www.humangenetik-umg.de\/en\/privacy-notice\/","og_site_name":"Institut f\u00fcr Humangenetik","article_modified_time":"2024-10-30T14:40:13+00:00","twitter_card":"summary_large_image","twitter_misc":{"Est. reading time":"3 minutes"},"schema":{"@context":"https:\/\/schema.org","@graph":[{"@type":"WebPage","@id":"https:\/\/www.humangenetik-umg.de\/en\/privacy-notice\/","url":"https:\/\/www.humangenetik-umg.de\/en\/privacy-notice\/","name":"Privacy notice - Institut f\u00fcr Humangenetik","isPartOf":{"@id":"https:\/\/www.humangenetik-umg.de\/en\/#website"},"datePublished":"2018-05-09T11:40:45+00:00","dateModified":"2024-10-30T14:40:13+00:00","breadcrumb":{"@id":"https:\/\/www.humangenetik-umg.de\/en\/privacy-notice\/#breadcrumb"},"inLanguage":"en-US","potentialAction":[{"@type":"ReadAction","target":["https:\/\/www.humangenetik-umg.de\/en\/privacy-notice\/"]}]},{"@type":"BreadcrumbList","@id":"https:\/\/www.humangenetik-umg.de\/en\/privacy-notice\/#breadcrumb","itemListElement":[{"@type":"ListItem","position":1,"name":"Home","item":"https:\/\/www.humangenetik-umg.de\/en\/"},{"@type":"ListItem","position":2,"name":"Privacy notice"}]},{"@type":"WebSite","@id":"https:\/\/www.humangenetik-umg.de\/en\/#website","url":"https:\/\/www.humangenetik-umg.de\/en\/","name":"Institut f\u00fcr Humangenetik","description":"Institut f\u00fcr Humangenetik der Universit\u00e4tsmedizin G\u00f6ttingen","potentialAction":[{"@type":"SearchAction","target":{"@type":"EntryPoint","urlTemplate":"https:\/\/www.humangenetik-umg.de\/en\/?s={search_term_string}"},"query-input":{"@type":"PropertyValueSpecification","valueRequired":true,"valueName":"search_term_string"}}],"inLanguage":"en-US"}]}},"_links":{"self":[{"href":"https:\/\/www.humangenetik-umg.de\/en\/wp-json\/wp\/v2\/pages\/9811","targetHints":{"allow":["GET"]}}],"collection":[{"href":"https:\/\/www.humangenetik-umg.de\/en\/wp-json\/wp\/v2\/pages"}],"about":[{"href":"https:\/\/www.humangenetik-umg.de\/en\/wp-json\/wp\/v2\/types\/page"}],"author":[{"embeddable":true,"href":"https:\/\/www.humangenetik-umg.de\/en\/wp-json\/wp\/v2\/users\/3"}],"replies":[{"embeddable":true,"href":"https:\/\/www.humangenetik-umg.de\/en\/wp-json\/wp\/v2\/comments?post=9811"}],"version-history":[{"count":0,"href":"https:\/\/www.humangenetik-umg.de\/en\/wp-json\/wp\/v2\/pages\/9811\/revisions"}],"wp:attachment":[{"href":"https:\/\/www.humangenetik-umg.de\/en\/wp-json\/wp\/v2\/media?parent=9811"}],"curies":[{"name":"wp","href":"https:\/\/api.w.org\/{rel}","templated":true}]}}